{"id":1069,"date":"2023-07-04T10:02:36","date_gmt":"2023-07-04T13:02:36","guid":{"rendered":"https:\/\/haduke.com\/?page_id=3"},"modified":"2023-07-04T10:02:36","modified_gmt":"2023-07-04T13:02:36","slug":"politica-de-privacidade","status":"publish","type":"page","link":"https:\/\/haduke.com\/ar\/politica-de-privacidade\/","title":{"rendered":"\u0633\u064a\u0627\u0633\u0629 \u0627\u0644\u062e\u0635\u0648\u0635\u064a\u0629"},"content":{"rendered":"<h2><span style=\"color: rgb(68, 68, 68);\">\u0633\u064a\u0627\u0633\u0629 \u0627\u0644\u062e\u0635\u0648\u0635\u064a\u0629<\/span><\/h2><p><span style=\"color: rgb(68, 68, 68);\">\u062e\u0635\u0648\u0635\u064a\u062a\u0643 \u062a\u0647\u0645\u0646\u0627. \u0648\u0645\u0646 \u0633\u064a\u0627\u0633\u0629 Haduke \u0627\u062d\u062a\u0631\u0627\u0645 \u062e\u0635\u0648\u0635\u064a\u062a\u0643 \u0641\u064a\u0645\u0627 \u064a\u062a\u0639\u0644\u0642 \u0628\u0623\u064a \u0645\u0639\u0644\u0648\u0645\u0627\u062a \u0642\u062f \u0646\u062c\u0645\u0639\u0647\u0627 \u0645\u0646\u0643 \u0639\u0628\u0631 \u0627\u0644\u0645\u0648\u0642\u0639. <a href=\"https:\/\/haduke.com\/ar\/\">\u0647\u0627\u062f\u0648\u0643\u064a<\/a>\u060c \u0648\u0645\u0648\u0627\u0642\u0639 \u0627\u0644\u0648\u064a\u0628 \u0627\u0644\u0623\u062e\u0631\u0649 \u0627\u0644\u062a\u064a \u0646\u0645\u062a\u0644\u0643\u0647\u0627 \u0648\u0646\u062f\u064a\u0631\u0647\u0627.<\/span><\/p><p><span style=\"color: rgb(68, 68, 68);\">\u0644\u0627 \u0646\u0637\u0644\u0628 \u0645\u0639\u0644\u0648\u0645\u0627\u062a\u0643 \u0627\u0644\u0634\u062e\u0635\u064a\u0629 \u0625\u0644\u0627 \u0639\u0646\u062f \u062d\u0627\u062c\u062a\u0646\u0627 \u0625\u0644\u064a\u0647\u0627 \u0644\u062a\u0642\u062f\u064a\u0645 \u062e\u062f\u0645\u0629 \u0644\u0643. \u0646\u062c\u0645\u0639\u0647\u0627 \u0628\u0637\u0631\u0642 \u0639\u0627\u062f\u0644\u0629 \u0648\u0642\u0627\u0646\u0648\u0646\u064a\u0629\u060c \u0628\u0639\u0644\u0645\u0643 \u0648\u0645\u0648\u0627\u0641\u0642\u062a\u0643. \u0643\u0645\u0627 \u0646\u064f\u0639\u0644\u0645\u0643 \u0628\u0633\u0628\u0628 \u062c\u0645\u0639\u0646\u0627 \u0644\u0647\u0627 \u0648\u0643\u064a\u0641\u064a\u0629 \u0627\u0633\u062a\u062e\u062f\u0627\u0645\u0647\u0627.<\/span><\/p><p><span style=\"color: rgb(68, 68, 68);\">\u0646\u062d\u062a\u0641\u0638 \u0628\u0627\u0644\u0645\u0639\u0644\u0648\u0645\u0627\u062a \u0627\u0644\u0645\u062c\u0645\u0639\u0629 \u0641\u0642\u0637 \u0644\u0644\u0645\u062f\u0629 \u0627\u0644\u0644\u0627\u0632\u0645\u0629 \u0644\u062a\u0642\u062f\u064a\u0645 \u0627\u0644\u062e\u062f\u0645\u0629 \u0627\u0644\u0645\u0637\u0644\u0648\u0628\u0629. \u0627\u0644\u0628\u064a\u0627\u0646\u0627\u062a \u0627\u0644\u062a\u064a \u0646\u062e\u0632\u0646\u0647\u0627 \u0646\u062d\u0645\u064a\u0647\u0627 \u0636\u0645\u0646 \u0627\u0644\u0648\u0633\u0627\u0626\u0644 \u0627\u0644\u0645\u0642\u0628\u0648\u0644\u0629 \u062a\u062c\u0627\u0631\u064a\u064b\u0627 \u0644\u0645\u0646\u0639 \u0627\u0644\u0641\u0642\u062f\u0627\u0646 \u0648\u0627\u0644\u0633\u0631\u0642\u0629\u060c \u0628\u0627\u0644\u0625\u0636\u0627\u0641\u0629 \u0625\u0644\u0649 \u0627\u0644\u0648\u0635\u0648\u0644 \u063a\u064a\u0631 \u0627\u0644\u0645\u0635\u0631\u062d \u0628\u0647\u060c \u0623\u0648 \u0627\u0644\u0643\u0634\u0641\u060c \u0623\u0648 \u0627\u0644\u0646\u0633\u062e\u060c \u0623\u0648 \u0627\u0644\u0627\u0633\u062a\u062e\u062f\u0627\u0645\u060c \u0623\u0648 \u0627\u0644\u062a\u0639\u062f\u064a\u0644.<\/span><\/p><p><span style=\"color: rgb(68, 68, 68);\">\u0646\u062d\u0646 \u0644\u0627 \u0646\u0634\u0627\u0631\u0643 \u0627\u0644\u0645\u0639\u0644\u0648\u0645\u0627\u062a \u0627\u0644\u0634\u062e\u0635\u064a\u0629 \u0639\u0644\u0646\u064b\u0627 \u0623\u0648 \u0645\u0639 \u0623\u0637\u0631\u0627\u0641 \u062b\u0627\u0644\u062b\u0629\u060c \u0625\u0644\u0627 \u0639\u0646\u062f\u0645\u0627 \u064a\u0642\u062a\u0636\u064a \u0627\u0644\u0642\u0627\u0646\u0648\u0646 \u0630\u0644\u0643.<\/span><\/p><p><span style=\"color: rgb(68, 68, 68);\">\u0642\u062f \u064a\u062d\u062a\u0648\u064a \u0645\u0648\u0642\u0639\u0646\u0627 \u0627\u0644\u0625\u0644\u0643\u062a\u0631\u0648\u0646\u064a \u0639\u0644\u0649 \u0631\u0648\u0627\u0628\u0637 \u0644\u0645\u0648\u0627\u0642\u0639 \u062e\u0627\u0631\u062c\u064a\u0629 \u0644\u0627 \u0646\u062f\u064a\u0631\u0647\u0627. \u064a\u064f\u0631\u062c\u0649 \u0627\u0644\u0639\u0644\u0645 \u0628\u0623\u0646\u0646\u0627 \u0644\u0627 \u0646\u062a\u062d\u0643\u0645 \u0641\u064a \u0645\u062d\u062a\u0648\u0649 \u0647\u0630\u0647 \u0627\u0644\u0645\u0648\u0627\u0642\u0639 \u0648\u0645\u0645\u0627\u0631\u0633\u0627\u062a\u0647\u0627\u060c \u0648\u0644\u0627 \u0646\u062a\u062d\u0645\u0644 \u0645\u0633\u0624\u0648\u0644\u064a\u0629 \u0645\u062d\u062a\u0648\u0627\u0647\u0627.&nbsp;<\/span><a href=\"https:\/\/politicaprivacidade.com\/\" rel=\"noopener noreferrer\" target=\"_blank\" style=\"background-color: transparent; color: rgb(68, 68, 68);\">\u0633\u064a\u0627\u0633\u0627\u062a \u0627\u0644\u062e\u0635\u0648\u0635\u064a\u0629<\/a><span style=\"color: rgb(68, 68, 68);\">.<\/span><\/p><p><span style=\"color: rgb(68, 68, 68);\">\u0644\u0643 \u0627\u0644\u062d\u0631\u064a\u0629 \u0641\u064a \u0631\u0641\u0636 \u0637\u0644\u0628\u0646\u0627 \u0644\u0644\u062d\u0635\u0648\u0644 \u0639\u0644\u0649 \u0645\u0639\u0644\u0648\u0645\u0627\u062a\u0643 \u0627\u0644\u0634\u062e\u0635\u064a\u0629\u060c \u0645\u0639 \u0627\u0644\u0639\u0644\u0645 \u0623\u0646\u0646\u0627 \u0642\u062f \u0644\u0627 \u0646\u062a\u0645\u0643\u0646 \u0645\u0646 \u062a\u0632\u0648\u064a\u062f\u0643 \u0628\u0628\u0639\u0636 \u0627\u0644\u062e\u062f\u0645\u0627\u062a \u0627\u0644\u062a\u064a \u062a\u0631\u063a\u0628 \u0628\u0647\u0627.<\/span><\/p><p><span style=\"color: rgb(68, 68, 68);\">\u064a\u064f\u0639\u062f \u0627\u0633\u062a\u0645\u0631\u0627\u0631 \u0627\u0633\u062a\u062e\u062f\u0627\u0645\u0643 \u0644\u0645\u0648\u0642\u0639\u0646\u0627 \u0627\u0644\u0625\u0644\u0643\u062a\u0631\u0648\u0646\u064a \u0645\u0648\u0627\u0641\u0642\u0629\u064b \u0645\u0646\u0643 \u0639\u0644\u0649 \u0645\u0645\u0627\u0631\u0633\u0627\u062a\u0646\u0627 \u0627\u0644\u0645\u062a\u0639\u0644\u0642\u0629 \u0628\u0627\u0644\u062e\u0635\u0648\u0635\u064a\u0629 \u0648\u0627\u0644\u0645\u0639\u0644\u0648\u0645\u0627\u062a \u0627\u0644\u0634\u062e\u0635\u064a\u0629. \u0625\u0630\u0627 \u0643\u0627\u0646\u062a \u0644\u062f\u064a\u0643 \u0623\u064a \u0627\u0633\u062a\u0641\u0633\u0627\u0631\u0627\u062a \u062d\u0648\u0644 \u0643\u064a\u0641\u064a\u0629 \u062a\u0639\u0627\u0645\u0644\u0646\u0627 \u0645\u0639 \u0628\u064a\u0627\u0646\u0627\u062a \u0627\u0644\u0645\u0633\u062a\u062e\u062f\u0645 \u0648\u0627\u0644\u0645\u0639\u0644\u0648\u0645\u0627\u062a \u0627\u0644\u0634\u062e\u0635\u064a\u0629\u060c \u064a\u064f\u0631\u062c\u0649 \u0627\u0644\u062a\u0648\u0627\u0635\u0644 \u0645\u0639\u0646\u0627.<\/span><\/p><p><span style=\"color: rgb(68, 68, 68);\"><ul><li><span style=\"color: rgb(68, 68, 68);\">\u062a\u0633\u062a\u062e\u062f\u0645 \u062e\u062f\u0645\u0629 Google AdSense \u0627\u0644\u062a\u064a \u0646\u0633\u062a\u062e\u062f\u0645\u0647\u0627 \u0644\u062a\u0642\u062f\u064a\u0645 \u0627\u0644\u0625\u0639\u0644\u0627\u0646\u0627\u062a \u0645\u0644\u0641 \u062a\u0639\u0631\u064a\u0641 \u0627\u0631\u062a\u0628\u0627\u0637 DoubleClick \u0644\u062a\u0642\u062f\u064a\u0645 \u0625\u0639\u0644\u0627\u0646\u0627\u062a \u0623\u0643\u062b\u0631 \u0635\u0644\u0629 \u0639\u0628\u0631 \u0627\u0644\u0648\u064a\u0628 \u0648\u0627\u0644\u062d\u062f \u0645\u0646 \u0639\u062f\u062f \u0627\u0644\u0645\u0631\u0627\u062a \u0627\u0644\u062a\u064a \u064a\u062a\u0645 \u0641\u064a\u0647\u0627 \u0639\u0631\u0636 \u0625\u0639\u0644\u0627\u0646 \u0645\u0639\u064a\u0646 \u0644\u0643.<\/span><\/li><li><span style=\"color: rgb(68, 68, 68);\">\u0644\u0645\u0632\u064a\u062f \u0645\u0646 \u0627\u0644\u0645\u0639\u0644\u0648\u0645\u0627\u062a \u062d\u0648\u0644 Google AdSense\u060c \u0631\u0627\u062c\u0639 \u0627\u0644\u0623\u0633\u0626\u0644\u0629 \u0627\u0644\u0634\u0627\u0626\u0639\u0629 \u062d\u0648\u0644 \u062e\u0635\u0648\u0635\u064a\u0629 Google AdSense \u0627\u0644\u0631\u0633\u0645\u064a\u0629.<\/span><\/li><li><span style=\"color: rgb(68, 68, 68);\">\u0646\u0633\u062a\u062e\u062f\u0645 \u0627\u0644\u0625\u0639\u0644\u0627\u0646\u0627\u062a \u0644\u062a\u063a\u0637\u064a\u0629 \u062a\u0643\u0627\u0644\u064a\u0641 \u062a\u0634\u063a\u064a\u0644 \u0647\u0630\u0627 \u0627\u0644\u0645\u0648\u0642\u0639 \u0627\u0644\u0625\u0644\u0643\u062a\u0631\u0648\u0646\u064a \u0648\u062a\u0648\u0641\u064a\u0631 \u0627\u0644\u062a\u0645\u0648\u064a\u0644 \u0627\u0644\u0644\u0627\u0632\u0645 \u0644\u0644\u062a\u0637\u0648\u064a\u0631 \u0627\u0644\u0645\u0633\u062a\u0642\u0628\u0644\u064a. \u0635\u064f\u0645\u0645\u062a \u0645\u0644\u0641\u0627\u062a \u062a\u0639\u0631\u064a\u0641 \u0627\u0644\u0627\u0631\u062a\u0628\u0627\u0637 \u0627\u0644\u0625\u0639\u0644\u0627\u0646\u064a\u0629 \u0627\u0644\u0633\u0644\u0648\u0643\u064a\u0629 \u0627\u0644\u062a\u064a \u064a\u0633\u062a\u062e\u062f\u0645\u0647\u0627 \u0647\u0630\u0627 \u0627\u0644\u0645\u0648\u0642\u0639 \u0627\u0644\u0625\u0644\u0643\u062a\u0631\u0648\u0646\u064a \u0644\u0636\u0645\u0627\u0646 \u062a\u0642\u062f\u064a\u0645 \u0627\u0644\u0625\u0639\u0644\u0627\u0646\u0627\u062a \u0627\u0644\u0623\u0643\u062b\u0631 \u0645\u0644\u0627\u0621\u0645\u0629\u064b \u0644\u0643\u060c \u0645\u0646 \u062e\u0644\u0627\u0644 \u062a\u062a\u0628\u0639 \u0627\u0647\u062a\u0645\u0627\u0645\u0627\u062a\u0643 \u0628\u0634\u0643\u0644 \u0645\u062c\u0647\u0648\u0644\u060c \u0648\u062a\u0642\u062f\u064a\u0645 \u0645\u062d\u062a\u0648\u0649 \u0645\u0634\u0627\u0628\u0647 \u0642\u062f \u064a\u062b\u064a\u0631 \u0627\u0647\u062a\u0645\u0627\u0645\u0643.<\/span><\/li><li><span style=\"color: rgb(68, 68, 68);\">\u064a\u0639\u0644\u0646 \u0627\u0644\u0639\u062f\u064a\u062f \u0645\u0646 \u0627\u0644\u0634\u0631\u0643\u0627\u0621 \u0646\u064a\u0627\u0628\u0629 \u0639\u0646\u0627\u060c \u0648\u0645\u0644\u0641\u0627\u062a \u062a\u0639\u0631\u064a\u0641 \u0627\u0644\u0627\u0631\u062a\u0628\u0627\u0637 \u0644\u062a\u062a\u0628\u0639 \u0627\u0644\u0634\u0631\u0643\u0627\u062a \u0627\u0644\u062a\u0627\u0628\u0639\u0629 \u062a\u0633\u0645\u062d \u0644\u0646\u0627 \u0628\u0628\u0633\u0627\u0637\u0629 \u0628\u0631\u0624\u064a\u0629 \u0645\u0627 \u0625\u0630\u0627 \u0643\u0627\u0646 \u0639\u0645\u0644\u0627\u0624\u0646\u0627 \u0642\u062f \u0648\u0635\u0644\u0648\u0627 \u0625\u0644\u0649 \u0627\u0644\u0645\u0648\u0642\u0639 \u0645\u0646 \u062e\u0644\u0627\u0644 \u0623\u062d\u062f \u0645\u0648\u0627\u0642\u0639 \u0634\u0631\u0643\u0627\u0626\u0646\u0627 \u062d\u062a\u0649 \u0646\u062a\u0645\u0643\u0646 \u0645\u0646 \u0645\u0646\u062d\u0647\u0645 \u0627\u0644\u0641\u0636\u0644 \u0628\u0634\u0643\u0644 \u0645\u0646\u0627\u0633\u0628\u060c \u0648\u0639\u0646\u062f\u0645\u0627 \u064a\u0646\u0637\u0628\u0642 \u0630\u0644\u0643\u060c \u0646\u0633\u0645\u062d \u0644\u0634\u0631\u0643\u0627\u0626\u0646\u0627 \u0627\u0644\u062a\u0627\u0628\u0639\u064a\u0646 \u0628\u062a\u0642\u062f\u064a\u0645 \u0623\u064a \u062d\u0627\u0641\u0632 \u0642\u062f \u064a\u0642\u062f\u0645\u0648\u0646\u0647 \u0644\u0643 \u0644\u0625\u062c\u0631\u0627\u0621 \u0639\u0645\u0644\u064a\u0629 \u0634\u0631\u0627\u0621.<\/span><\/li><\/ul><p><br><\/p><\/span><\/p><h3><span style=\"color: rgb(68, 68, 68);\">\u0627\u0644\u062a\u0632\u0627\u0645 \u0627\u0644\u0645\u0633\u062a\u062e\u062f\u0645<\/span><\/h3><p><span style=\"color: rgb(68, 68, 68);\">\u064a\u0644\u062a\u0632\u0645 \u0627\u0644\u0645\u0633\u062a\u062e\u062f\u0645 \u0628\u0627\u0644\u0627\u0633\u062a\u062e\u062f\u0627\u0645 \u0627\u0644\u0645\u0646\u0627\u0633\u0628 \u0644\u0644\u0645\u062d\u062a\u0648\u0649 \u0648\u0627\u0644\u0645\u0639\u0644\u0648\u0645\u0627\u062a \u0627\u0644\u062a\u064a \u062a\u0642\u062f\u0645\u0647\u0627 Haduke \u0639\u0644\u0649 \u0627\u0644\u0645\u0648\u0642\u0639 \u0627\u0644\u0625\u0644\u0643\u062a\u0631\u0648\u0646\u064a\u060c \u0648\u0639\u0644\u0649 \u0633\u0628\u064a\u0644 \u0627\u0644\u0645\u062b\u0627\u0644 \u0644\u0627 \u0627\u0644\u062d\u0635\u0631:<\/span><\/p><ul><li><span style=\"color: rgb(68, 68, 68);\">\u0623) \u0639\u062f\u0645 \u0645\u0645\u0627\u0631\u0633\u0629 \u0623\u0646\u0634\u0637\u0629 \u063a\u064a\u0631 \u0642\u0627\u0646\u0648\u0646\u064a\u0629 \u0623\u0648 \u0645\u062e\u0627\u0644\u0641\u0629 \u0644\u062d\u0633\u0646 \u0627\u0644\u0646\u064a\u0629 \u0648\u0627\u0644\u0646\u0638\u0627\u0645 \u0627\u0644\u0639\u0627\u0645\u061b<\/span><\/li><li><span style=\"color: rgb(68, 68, 68);\">\u0628) \u0639\u062f\u0645 \u0646\u0634\u0631 \u0627\u0644\u062f\u0639\u0627\u064a\u0629 \u0623\u0648 \u0627\u0644\u0645\u062d\u062a\u0648\u0649 \u0630\u064a \u0627\u0644\u0637\u0628\u064a\u0639\u0629 \u0627\u0644\u0639\u0646\u0635\u0631\u064a\u0629 \u0623\u0648 \u0627\u0644\u0645\u0639\u0627\u062f\u064a\u0629 \u0644\u0644\u0623\u062c\u0627\u0646\u0628 \u0623\u0648 \u0627\u0644\u0645\u0642\u0627\u0645\u0631\u0629 \u0623\u0648 \u0623\u064a \u0646\u0648\u0639 \u0645\u0646 \u0627\u0644\u0645\u0648\u0627\u062f \u0627\u0644\u0625\u0628\u0627\u062d\u064a\u0629 \u063a\u064a\u0631 \u0627\u0644\u0642\u0627\u0646\u0648\u0646\u064a\u0629 \u0623\u0648 \u062f\u0639\u0645 \u0627\u0644\u0625\u0631\u0647\u0627\u0628 \u0623\u0648 \u0636\u062f \u062d\u0642\u0648\u0642 \u0627\u0644\u0625\u0646\u0633\u0627\u0646\u061b<\/span><\/li><li><span style=\"color: rgb(68, 68, 68);\">\u062c) \u0639\u062f\u0645 \u0625\u062d\u062f\u0627\u062b \u0636\u0631\u0631 \u0644\u0644\u0623\u0646\u0638\u0645\u0629 \u0627\u0644\u0645\u0627\u062f\u064a\u0629 (\u0627\u0644\u0623\u062c\u0647\u0632\u0629) \u0648\u0627\u0644\u0645\u0646\u0637\u0642\u064a\u0629 (\u0627\u0644\u0628\u0631\u0645\u062c\u064a\u0627\u062a) \u0644\u0634\u0631\u0643\u0629 Haduke \u0623\u0648 \u0645\u0648\u0631\u062f\u064a\u0647\u0627 \u0623\u0648 \u0623\u0637\u0631\u0627\u0641 \u062b\u0627\u0644\u062b\u0629\u060c \u0623\u0648 \u0625\u062f\u062e\u0627\u0644 \u0623\u0648 \u0646\u0634\u0631 \u0641\u064a\u0631\u0648\u0633\u0627\u062a \u0627\u0644\u0643\u0645\u0628\u064a\u0648\u062a\u0631 \u0623\u0648 \u0623\u064a \u0623\u0646\u0638\u0645\u0629 \u0623\u062c\u0647\u0632\u0629 \u0623\u0648 \u0628\u0631\u0627\u0645\u062c \u0623\u062e\u0631\u0649 \u0642\u0627\u062f\u0631\u0629 \u0639\u0644\u0649 \u0627\u0644\u062a\u0633\u0628\u0628 \u0641\u064a \u0627\u0644\u0636\u0631\u0631 \u0627\u0644\u0645\u0630\u0643\u0648\u0631 \u0623\u0639\u0644\u0627\u0647.<\/span><\/li><\/ul><h3><span style=\"color: rgb(68, 68, 68);\">\u0645\u0632\u064a\u062f \u0645\u0646 \u0627\u0644\u0645\u0639\u0644\u0648\u0645\u0627\u062a<\/span><\/h3><p><span style=\"color: rgb(68, 68, 68);\">\u0646\u0623\u0645\u0644 \u0623\u0646 \u064a\u0643\u0648\u0646 \u0647\u0630\u0627 \u0642\u062f \u0623\u0648\u0636\u062d \u0644\u0643 \u0627\u0644\u0623\u0645\u0648\u0631 \u0648\u0643\u0645\u0627 \u0630\u0643\u0631\u0646\u0627 \u0633\u0627\u0628\u0642\u064b\u0627\u060c \u0625\u0630\u0627 \u0643\u0627\u0646 \u0647\u0646\u0627\u0643 \u0634\u064a\u0621 \u0644\u0627 \u062a\u062a\u0623\u0643\u062f \u0645\u0646 \u062d\u0627\u062c\u062a\u0643 \u0625\u0644\u064a\u0647 \u0623\u0645 \u0644\u0627\u060c \u0641\u0645\u0646 \u0627\u0644\u0623\u0641\u0636\u0644 \u0639\u0627\u062f\u0629\u064b \u062a\u0631\u0643 \u0645\u0644\u0641\u0627\u062a \u062a\u0639\u0631\u064a\u0641 \u0627\u0644\u0627\u0631\u062a\u0628\u0627\u0637 \u0645\u0645\u0643\u0651\u0646\u0629 \u0641\u064a \u062d\u0627\u0644\u0629 \u062a\u0641\u0627\u0639\u0644\u0647\u0627 \u0645\u0639 \u0625\u062d\u062f\u0649 \u0627\u0644\u0645\u064a\u0632\u0627\u062a \u0627\u0644\u062a\u064a \u062a\u0633\u062a\u062e\u062f\u0645\u0647\u0627 \u0639\u0644\u0649 \u0645\u0648\u0642\u0639\u0646\u0627.<\/span><\/p><p><span style=\"color: rgb(68, 68, 68);\">\u0647\u0630\u0647 \u0627\u0644\u0633\u064a\u0627\u0633\u0629 \u0633\u0627\u0631\u064a\u0629 \u0627\u0644\u0645\u0641\u0639\u0648\u0644 \u0627\u0639\u062a\u0628\u0627\u0631\u064b\u0627 \u0645\u0646 12 \u0633\u0628\u062a\u0645\u0628\u0631 2023 \u0627\u0644\u0633\u0627\u0639\u0629 13:18<\/span><\/p>","protected":false},"excerpt":{"rendered":"<p>Pol\u00edtica Privacidade A sua privacidade \u00e9 importante para n\u00f3s. \u00c9 pol\u00edtica do Haduke respeitar a sua privacidade em rela\u00e7\u00e3o a qualquer informa\u00e7\u00e3o sua que possamos coletar no site Haduke, e outros sites que possu\u00edmos e operamos. Solicitamos informa\u00e7\u00f5es pessoais apenas quando realmente precisamos delas para lhe fornecer um servi\u00e7o. Fazemo-lo por meios justos e legais, [&hellip;]<\/p>\n","protected":false},"author":9,"featured_media":0,"parent":0,"menu_order":0,"comment_status":"closed","ping_status":"open","template":"","meta":{"footnotes":""},"class_list":["post-1069","page","type-page","status-publish","hentry"],"yoast_head":"<!-- This site is optimized with the Yoast SEO plugin v27.4 - https:\/\/yoast.com\/product\/yoast-seo-wordpress\/ -->\n<title>Pol\u00edtica de Privacidade - Haduke<\/title>\n<meta name=\"robots\" content=\"index, follow, max-snippet:-1, max-image-preview:large, max-video-preview:-1\" \/>\n<link rel=\"canonical\" href=\"https:\/\/haduke.com\/ar\/politica-de-privacidade\/\" \/>\n<meta property=\"og:locale\" content=\"ar_AR\" \/>\n<meta property=\"og:type\" content=\"article\" \/>\n<meta property=\"og:title\" content=\"Pol\u00edtica de Privacidade - Haduke\" \/>\n<meta property=\"og:description\" content=\"Pol\u00edtica Privacidade A sua privacidade \u00e9 importante para n\u00f3s. \u00c9 pol\u00edtica do Haduke respeitar a sua privacidade em rela\u00e7\u00e3o a qualquer informa\u00e7\u00e3o sua que possamos coletar no site Haduke, e outros sites que possu\u00edmos e operamos. Solicitamos informa\u00e7\u00f5es pessoais apenas quando realmente precisamos delas para lhe fornecer um servi\u00e7o. Fazemo-lo por meios justos e legais, [&hellip;]\" \/>\n<meta property=\"og:url\" content=\"https:\/\/haduke.com\/ar\/politica-de-privacidade\/\" \/>\n<meta property=\"og:site_name\" content=\"Haduke\" \/>\n<meta name=\"twitter:card\" content=\"summary_large_image\" \/>\n<meta name=\"twitter:label1\" content=\"\u0648\u0642\u062a \u0627\u0644\u0642\u0631\u0627\u0621\u0629 \u0627\u0644\u0645\u064f\u0642\u062f\u0651\u0631\" \/>\n\t<meta name=\"twitter:data1\" content=\"4 \u062f\u0642\u0627\u0626\u0642\" \/>\n<script type=\"application\/ld+json\" class=\"yoast-schema-graph\">{\"@context\":\"https:\\\/\\\/schema.org\",\"@graph\":[{\"@type\":\"WebPage\",\"@id\":\"https:\\\/\\\/haduke.com\\\/politica-de-privacidade\\\/\",\"url\":\"https:\\\/\\\/haduke.com\\\/politica-de-privacidade\\\/\",\"name\":\"Pol\u00edtica de Privacidade - Haduke\",\"isPartOf\":{\"@id\":\"https:\\\/\\\/haduke.com\\\/#website\"},\"datePublished\":\"2023-07-04T13:02:36+00:00\",\"breadcrumb\":{\"@id\":\"https:\\\/\\\/haduke.com\\\/politica-de-privacidade\\\/#breadcrumb\"},\"inLanguage\":\"ar\",\"potentialAction\":[{\"@type\":\"ReadAction\",\"target\":[\"https:\\\/\\\/haduke.com\\\/politica-de-privacidade\\\/\"]}]},{\"@type\":\"BreadcrumbList\",\"@id\":\"https:\\\/\\\/haduke.com\\\/politica-de-privacidade\\\/#breadcrumb\",\"itemListElement\":[{\"@type\":\"ListItem\",\"position\":1,\"name\":\"Home\",\"item\":\"https:\\\/\\\/haduke.com\\\/\"},{\"@type\":\"ListItem\",\"position\":2,\"name\":\"Pol\u00edtica de Privacidade\"}]},{\"@type\":\"WebSite\",\"@id\":\"https:\\\/\\\/haduke.com\\\/#website\",\"url\":\"https:\\\/\\\/haduke.com\\\/\",\"name\":\"Haduke\",\"description\":\"\",\"potentialAction\":[{\"@type\":\"SearchAction\",\"target\":{\"@type\":\"EntryPoint\",\"urlTemplate\":\"https:\\\/\\\/haduke.com\\\/?s={search_term_string}\"},\"query-input\":{\"@type\":\"PropertyValueSpecification\",\"valueRequired\":true,\"valueName\":\"search_term_string\"}}],\"inLanguage\":\"ar\"}]}<\/script>\n<!-- \/ Yoast SEO plugin. -->","yoast_head_json":{"title":"Pol\u00edtica de Privacidade - Haduke","robots":{"index":"index","follow":"follow","max-snippet":"max-snippet:-1","max-image-preview":"max-image-preview:large","max-video-preview":"max-video-preview:-1"},"canonical":"https:\/\/haduke.com\/ar\/politica-de-privacidade\/","og_locale":"ar_AR","og_type":"article","og_title":"Pol\u00edtica de Privacidade - Haduke","og_description":"Pol\u00edtica Privacidade A sua privacidade \u00e9 importante para n\u00f3s. \u00c9 pol\u00edtica do Haduke respeitar a sua privacidade em rela\u00e7\u00e3o a qualquer informa\u00e7\u00e3o sua que possamos coletar no site Haduke, e outros sites que possu\u00edmos e operamos. Solicitamos informa\u00e7\u00f5es pessoais apenas quando realmente precisamos delas para lhe fornecer um servi\u00e7o. Fazemo-lo por meios justos e legais, [&hellip;]","og_url":"https:\/\/haduke.com\/ar\/politica-de-privacidade\/","og_site_name":"Haduke","twitter_card":"summary_large_image","twitter_misc":{"\u0648\u0642\u062a \u0627\u0644\u0642\u0631\u0627\u0621\u0629 \u0627\u0644\u0645\u064f\u0642\u062f\u0651\u0631":"4 \u062f\u0642\u0627\u0626\u0642"},"schema":{"@context":"https:\/\/schema.org","@graph":[{"@type":"WebPage","@id":"https:\/\/haduke.com\/politica-de-privacidade\/","url":"https:\/\/haduke.com\/politica-de-privacidade\/","name":"Pol\u00edtica de Privacidade - Haduke","isPartOf":{"@id":"https:\/\/haduke.com\/#website"},"datePublished":"2023-07-04T13:02:36+00:00","breadcrumb":{"@id":"https:\/\/haduke.com\/politica-de-privacidade\/#breadcrumb"},"inLanguage":"ar","potentialAction":[{"@type":"ReadAction","target":["https:\/\/haduke.com\/politica-de-privacidade\/"]}]},{"@type":"BreadcrumbList","@id":"https:\/\/haduke.com\/politica-de-privacidade\/#breadcrumb","itemListElement":[{"@type":"ListItem","position":1,"name":"Home","item":"https:\/\/haduke.com\/"},{"@type":"ListItem","position":2,"name":"Pol\u00edtica de Privacidade"}]},{"@type":"WebSite","@id":"https:\/\/haduke.com\/#website","url":"https:\/\/haduke.com\/","name":"\u0647\u0627\u062f\u0648\u0643\u064a","description":"","potentialAction":[{"@type":"SearchAction","target":{"@type":"EntryPoint","urlTemplate":"https:\/\/haduke.com\/?s={search_term_string}"},"query-input":{"@type":"PropertyValueSpecification","valueRequired":true,"valueName":"search_term_string"}}],"inLanguage":"ar"}]}},"_links":{"self":[{"href":"https:\/\/haduke.com\/ar\/wp-json\/wp\/v2\/pages\/1069","targetHints":{"allow":["GET"]}}],"collection":[{"href":"https:\/\/haduke.com\/ar\/wp-json\/wp\/v2\/pages"}],"about":[{"href":"https:\/\/haduke.com\/ar\/wp-json\/wp\/v2\/types\/page"}],"author":[{"embeddable":true,"href":"https:\/\/haduke.com\/ar\/wp-json\/wp\/v2\/users\/9"}],"replies":[{"embeddable":true,"href":"https:\/\/haduke.com\/ar\/wp-json\/wp\/v2\/comments?post=1069"}],"version-history":[{"count":0,"href":"https:\/\/haduke.com\/ar\/wp-json\/wp\/v2\/pages\/1069\/revisions"}],"wp:attachment":[{"href":"https:\/\/haduke.com\/ar\/wp-json\/wp\/v2\/media?parent=1069"}],"curies":[{"name":"\u0648\u0648\u0631\u062f\u0628\u0631\u064a\u0633","href":"https:\/\/api.w.org\/{rel}","templated":true}]}}