{"id":146,"date":"2023-07-07T14:52:31","date_gmt":"2023-07-07T17:52:31","guid":{"rendered":"https:\/\/haduke.com\/?page_id=146"},"modified":"2023-07-07T14:52:31","modified_gmt":"2023-07-07T17:52:31","slug":"quem-somos","status":"publish","type":"page","link":"https:\/\/haduke.com\/ar\/quem-somos\/","title":{"rendered":"\u0645\u0646 \u0646\u062d\u0646"},"content":{"rendered":"<p>\u0645\u0631\u062d\u0628\u0627\u064b \u0628\u0643\u0645 \u0641\u064a \u0647\u0627\u062f\u0648\u0643\u064a!<\/p>\n\n\n\n<p>\u0646\u062d\u0646 \u0628\u0648\u0627\u0628\u0629 \u0645\u0639\u0644\u0648\u0645\u0627\u062a \u0648\u0646\u0635\u0627\u0626\u062d \u0648\u062a\u0631\u0641\u064a\u0647 \u0630\u0627\u062a \u0645\u0633\u0624\u0648\u0644\u064a\u0629 \u0648\u0645\u0644\u0643\u064a\u0629 \u0643\u0628\u064a\u0631\u0629 \u0641\u064a\u0645\u0627 \u0646\u0646\u0634\u0631\u0647 \u0641\u064a \u0648\u0633\u0627\u0626\u0644 \u0627\u0644\u0625\u0639\u0644\u0627\u0645 \u0644\u062f\u064a\u0646\u0627.<\/p>\n\n\n\n<p>\u0646\u062d\u0646 \u0646\u0639\u0644\u0645 \u0623\u0646 \u0627\u0633\u062a\u062e\u062f\u0627\u0645 \u0627\u0644\u062a\u0637\u0628\u064a\u0642\u0627\u062a \u0623\u0635\u0628\u062d \u0644\u0627 \u063a\u0646\u0649 \u0639\u0646\u0647 \u0641\u064a \u062d\u064a\u0627\u0629 \u0627\u0644\u0622\u0644\u0627\u0641 \u0645\u0646 \u0627\u0644\u0623\u0634\u062e\u0627\u0635 \u0648\u0623\u0646 \u0647\u0630\u0627 \u0627\u0644\u0646\u0648\u0639 \u0645\u0646 \u0627\u0644\u0645\u062d\u062a\u0648\u0649 \u0623\u0633\u0627\u0633\u064a \u0644\u0644\u0645\u062c\u062a\u0645\u0639.<\/p>\n\n\n\n<p>\u0647\u062f\u0641\u0646\u0627 \u0647\u0648 \u062a\u0632\u0648\u064a\u062f\u0643 \u0628\u0627\u0644\u0645\u0639\u0644\u0648\u0645\u0627\u062a \u0627\u0644\u0645\u0647\u0645\u0629 \u0648\u0627\u0644\u0645\u062d\u062f\u062b\u0629 \u0648\u062a\u0632\u0648\u064a\u062f\u0643 \u0628\u062a\u062c\u0631\u0628\u0629 \u0645\u0645\u062a\u0627\u0632\u0629 \u0623\u062b\u0646\u0627\u0621 \u062a\u0635\u0641\u062d \u0635\u0641\u062d\u0627\u062a\u0646\u0627.<\/p>\n\n\n\n<p>\u062a\u0645 \u0625\u0646\u0634\u0627\u0621 Haduke \u0628\u0647\u062f\u0641 \u0627\u0644\u0627\u0628\u062a\u0643\u0627\u0631 \u0641\u064a \u0627\u0644\u0628\u064a\u0626\u0629 \u0627\u0644\u0631\u0642\u0645\u064a\u0629\u060c \u0648\u0647\u0648 \u064a\u0648\u0641\u0631 \u0644\u062d\u0638\u0627\u062a \u0645\u0646 \u0627\u0644\u0645\u0639\u0644\u0648\u0645\u0627\u062a \u0648\u0627\u0644\u0627\u0633\u062a\u0631\u062e\u0627\u0621 \u0648\u0627\u0644\u0645\u0634\u0627\u0631\u0643\u0629 \u0641\u064a \u0627\u0644\u0623\u0645\u0648\u0631 \u0627\u0644\u064a\u0648\u0645\u064a\u0629 \u0627\u0644\u0645\u0647\u0645\u0629.<\/p>\n\n\n\n<p>\u0645\u0631\u062d\u0628\u0627 \u0628\u0627\u0644\u062c\u0645\u064a\u0639 \u0641\u064a\u00a0<a href=\"https:\/\/haduke.com\/ar\/\" target=\"_blank\" rel=\"noreferrer noopener\">\u0647\u0627\u062f\u0648\u0643\u064a<\/a>!!<\/p>","protected":false},"excerpt":{"rendered":"<p>Sejam bem vindos ao Haduke! Somos um portal de informa\u00e7\u00f5es, dicas e entretenimento com muita responsabilidade e propriedade no que informa em seus meios de comunica\u00e7\u00e3o. Sabemos que o uso de aplicativos se tornou indispens\u00e1vel na vida de milhares de pessoas e esse tipo de conte\u00fado \u00e9 fundamental para a sociedade. Nosso objetivo \u00e9 levar [&hellip;]<\/p>\n","protected":false},"author":9,"featured_media":0,"parent":0,"menu_order":0,"comment_status":"closed","ping_status":"closed","template":"","meta":{"footnotes":""},"class_list":["post-146","page","type-page","status-publish","hentry"],"yoast_head":"<!-- This site is optimized with the Yoast SEO plugin v27.4 - https:\/\/yoast.com\/product\/yoast-seo-wordpress\/ -->\n<title>Quem Somos - Haduke<\/title>\n<meta name=\"robots\" content=\"index, follow, max-snippet:-1, max-image-preview:large, max-video-preview:-1\" \/>\n<link rel=\"canonical\" href=\"https:\/\/haduke.com\/ar\/quem-somos\/\" \/>\n<meta property=\"og:locale\" content=\"ar_AR\" \/>\n<meta property=\"og:type\" content=\"article\" \/>\n<meta property=\"og:title\" content=\"Quem Somos - Haduke\" \/>\n<meta property=\"og:description\" content=\"Sejam bem vindos ao Haduke! Somos um portal de informa\u00e7\u00f5es, dicas e entretenimento com muita responsabilidade e propriedade no que informa em seus meios de comunica\u00e7\u00e3o. Sabemos que o uso de aplicativos se tornou indispens\u00e1vel na vida de milhares de pessoas e esse tipo de conte\u00fado \u00e9 fundamental para a sociedade. Nosso objetivo \u00e9 levar [&hellip;]\" \/>\n<meta property=\"og:url\" content=\"https:\/\/haduke.com\/ar\/quem-somos\/\" \/>\n<meta property=\"og:site_name\" content=\"Haduke\" \/>\n<meta name=\"twitter:card\" content=\"summary_large_image\" \/>\n<meta name=\"twitter:label1\" content=\"\u0648\u0642\u062a \u0627\u0644\u0642\u0631\u0627\u0621\u0629 \u0627\u0644\u0645\u064f\u0642\u062f\u0651\u0631\" \/>\n\t<meta name=\"twitter:data1\" content=\"\u062f\u0642\u064a\u0642\u0629 \u0648\u0627\u062d\u062f\u0629\" \/>\n<script type=\"application\/ld+json\" class=\"yoast-schema-graph\">{\"@context\":\"https:\\\/\\\/schema.org\",\"@graph\":[{\"@type\":\"WebPage\",\"@id\":\"https:\\\/\\\/haduke.com\\\/quem-somos\\\/\",\"url\":\"https:\\\/\\\/haduke.com\\\/quem-somos\\\/\",\"name\":\"Quem Somos - Haduke\",\"isPartOf\":{\"@id\":\"https:\\\/\\\/haduke.com\\\/#website\"},\"datePublished\":\"2023-07-07T17:52:31+00:00\",\"breadcrumb\":{\"@id\":\"https:\\\/\\\/haduke.com\\\/quem-somos\\\/#breadcrumb\"},\"inLanguage\":\"ar\",\"potentialAction\":[{\"@type\":\"ReadAction\",\"target\":[\"https:\\\/\\\/haduke.com\\\/quem-somos\\\/\"]}]},{\"@type\":\"BreadcrumbList\",\"@id\":\"https:\\\/\\\/haduke.com\\\/quem-somos\\\/#breadcrumb\",\"itemListElement\":[{\"@type\":\"ListItem\",\"position\":1,\"name\":\"Home\",\"item\":\"https:\\\/\\\/haduke.com\\\/\"},{\"@type\":\"ListItem\",\"position\":2,\"name\":\"Quem Somos\"}]},{\"@type\":\"WebSite\",\"@id\":\"https:\\\/\\\/haduke.com\\\/#website\",\"url\":\"https:\\\/\\\/haduke.com\\\/\",\"name\":\"Haduke\",\"description\":\"\",\"potentialAction\":[{\"@type\":\"SearchAction\",\"target\":{\"@type\":\"EntryPoint\",\"urlTemplate\":\"https:\\\/\\\/haduke.com\\\/?s={search_term_string}\"},\"query-input\":{\"@type\":\"PropertyValueSpecification\",\"valueRequired\":true,\"valueName\":\"search_term_string\"}}],\"inLanguage\":\"ar\"}]}<\/script>\n<!-- \/ Yoast SEO plugin. -->","yoast_head_json":{"title":"\u0646\u0628\u0630\u0629 \u0639\u0646\u0627 - \u0647\u0627\u062f\u0648\u0643\u064a","robots":{"index":"index","follow":"follow","max-snippet":"max-snippet:-1","max-image-preview":"max-image-preview:large","max-video-preview":"max-video-preview:-1"},"canonical":"https:\/\/haduke.com\/ar\/quem-somos\/","og_locale":"ar_AR","og_type":"article","og_title":"Quem Somos - Haduke","og_description":"Sejam bem vindos ao Haduke! Somos um portal de informa\u00e7\u00f5es, dicas e entretenimento com muita responsabilidade e propriedade no que informa em seus meios de comunica\u00e7\u00e3o. Sabemos que o uso de aplicativos se tornou indispens\u00e1vel na vida de milhares de pessoas e esse tipo de conte\u00fado \u00e9 fundamental para a sociedade. Nosso objetivo \u00e9 levar [&hellip;]","og_url":"https:\/\/haduke.com\/ar\/quem-somos\/","og_site_name":"Haduke","twitter_card":"summary_large_image","twitter_misc":{"\u0648\u0642\u062a \u0627\u0644\u0642\u0631\u0627\u0621\u0629 \u0627\u0644\u0645\u064f\u0642\u062f\u0651\u0631":"\u062f\u0642\u064a\u0642\u0629 \u0648\u0627\u062d\u062f\u0629"},"schema":{"@context":"https:\/\/schema.org","@graph":[{"@type":"WebPage","@id":"https:\/\/haduke.com\/quem-somos\/","url":"https:\/\/haduke.com\/quem-somos\/","name":"\u0646\u0628\u0630\u0629 \u0639\u0646\u0627 - \u0647\u0627\u062f\u0648\u0643\u064a","isPartOf":{"@id":"https:\/\/haduke.com\/#website"},"datePublished":"2023-07-07T17:52:31+00:00","breadcrumb":{"@id":"https:\/\/haduke.com\/quem-somos\/#breadcrumb"},"inLanguage":"ar","potentialAction":[{"@type":"ReadAction","target":["https:\/\/haduke.com\/quem-somos\/"]}]},{"@type":"BreadcrumbList","@id":"https:\/\/haduke.com\/quem-somos\/#breadcrumb","itemListElement":[{"@type":"ListItem","position":1,"name":"Home","item":"https:\/\/haduke.com\/"},{"@type":"ListItem","position":2,"name":"Quem Somos"}]},{"@type":"WebSite","@id":"https:\/\/haduke.com\/#website","url":"https:\/\/haduke.com\/","name":"\u0647\u0627\u062f\u0648\u0643\u064a","description":"","potentialAction":[{"@type":"SearchAction","target":{"@type":"EntryPoint","urlTemplate":"https:\/\/haduke.com\/?s={search_term_string}"},"query-input":{"@type":"PropertyValueSpecification","valueRequired":true,"valueName":"search_term_string"}}],"inLanguage":"ar"}]}},"_links":{"self":[{"href":"https:\/\/haduke.com\/ar\/wp-json\/wp\/v2\/pages\/146","targetHints":{"allow":["GET"]}}],"collection":[{"href":"https:\/\/haduke.com\/ar\/wp-json\/wp\/v2\/pages"}],"about":[{"href":"https:\/\/haduke.com\/ar\/wp-json\/wp\/v2\/types\/page"}],"author":[{"embeddable":true,"href":"https:\/\/haduke.com\/ar\/wp-json\/wp\/v2\/users\/9"}],"replies":[{"embeddable":true,"href":"https:\/\/haduke.com\/ar\/wp-json\/wp\/v2\/comments?post=146"}],"version-history":[{"count":0,"href":"https:\/\/haduke.com\/ar\/wp-json\/wp\/v2\/pages\/146\/revisions"}],"wp:attachment":[{"href":"https:\/\/haduke.com\/ar\/wp-json\/wp\/v2\/media?parent=146"}],"curies":[{"name":"\u0648\u0648\u0631\u062f\u0628\u0631\u064a\u0633","href":"https:\/\/api.w.org\/{rel}","templated":true}]}}