{"id":183,"date":"2023-09-12T10:22:21","date_gmt":"2023-09-12T13:22:21","guid":{"rendered":"https:\/\/haduke.com\/?page_id=183"},"modified":"2023-09-12T10:22:21","modified_gmt":"2023-09-12T13:22:21","slug":"termos-e-condicoes","status":"publish","type":"page","link":"https:\/\/haduke.com\/ar\/termos-e-condicoes\/","title":{"rendered":"\u0627\u0644\u0634\u0631\u0648\u0637 \u0648\u0627\u0644\u0623\u062d\u0643\u0627\u0645"},"content":{"rendered":"<h2><span style=\"color: rgb(68, 68, 68);\">1. \u0627\u0644\u0634\u0631\u0648\u0637<\/span><\/h2><p><span style=\"color: rgb(68, 68, 68);\">\u0639\u0646\u062f \u0627\u0644\u062f\u062e\u0648\u0644 \u0625\u0644\u0649 \u0627\u0644\u0645\u0648\u0642\u0639 <a href=\"https:\/\/haduke.com\/ar\/\">\u0647\u0627\u062f\u0648\u0643\u064a<\/a>\u062a\u0648\u0627\u0641\u0642 \u0639\u0644\u0649 \u0627\u0644\u0627\u0644\u062a\u0632\u0627\u0645 \u0628\u0634\u0631\u0648\u0637 \u0627\u0644\u062e\u062f\u0645\u0629 \u0647\u0630\u0647\u060c \u0648\u062c\u0645\u064a\u0639 \u0627\u0644\u0642\u0648\u0627\u0646\u064a\u0646 \u0648\u0627\u0644\u0644\u0648\u0627\u0626\u062d \u0627\u0644\u0645\u0639\u0645\u0648\u0644 \u0628\u0647\u0627\u060c \u0648\u062a\u062a\u062d\u0645\u0644 \u0645\u0633\u0624\u0648\u0644\u064a\u0629 \u0627\u0644\u0627\u0645\u062a\u062b\u0627\u0644 \u0644\u062c\u0645\u064a\u0639 \u0627\u0644\u0642\u0648\u0627\u0646\u064a\u0646 \u0627\u0644\u0645\u062d\u0644\u064a\u0629 \u0627\u0644\u0645\u0639\u0645\u0648\u0644 \u0628\u0647\u0627. \u0641\u064a \u062d\u0627\u0644 \u0639\u062f\u0645 \u0645\u0648\u0627\u0641\u0642\u062a\u0643 \u0639\u0644\u0649 \u0623\u064a\u064d\u0651 \u0645\u0646 \u0647\u0630\u0647 \u0627\u0644\u0634\u0631\u0648\u0637\u060c \u064a\u064f\u062d\u0638\u0631 \u0639\u0644\u064a\u0643 \u0627\u0633\u062a\u062e\u062f\u0627\u0645 \u0647\u0630\u0627 \u0627\u0644\u0645\u0648\u0642\u0639 \u0623\u0648 \u0627\u0644\u0648\u0635\u0648\u0644 \u0625\u0644\u064a\u0647. \u0627\u0644\u0645\u0648\u0627\u062f \u0627\u0644\u0648\u0627\u0631\u062f\u0629 \u0641\u064a \u0647\u0630\u0627 \u0627\u0644\u0645\u0648\u0642\u0639 \u0645\u062d\u0645\u064a\u0629 \u0628\u0645\u0648\u062c\u0628 \u0642\u0627\u0646\u0648\u0646 \u062d\u0642\u0648\u0642 \u0627\u0644\u0646\u0634\u0631 \u0648\u0627\u0644\u0639\u0644\u0627\u0645\u0627\u062a \u0627\u0644\u062a\u062c\u0627\u0631\u064a\u0629 \u0627\u0644\u0645\u0639\u0645\u0648\u0644 \u0628\u0647.<\/span><\/p><h2><span style=\"color: rgb(68, 68, 68);\">2. \u0627\u0633\u062a\u062e\u062f\u0627\u0645 \u0627\u0644\u062a\u0631\u062e\u064a\u0635<\/span><\/h2><p><span style=\"color: rgb(68, 68, 68);\">\u064a\u064f\u0645\u0646\u062d \u0627\u0644\u0625\u0630\u0646 \u0628\u062a\u0646\u0632\u064a\u0644 \u0646\u0633\u062e\u0629 \u0648\u0627\u062d\u062f\u0629 \u0645\u0624\u0642\u062a\u064b\u0627 \u0645\u0646 \u0627\u0644\u0645\u0648\u0627\u062f (\u0645\u0639\u0644\u0648\u0645\u0627\u062a \u0623\u0648 \u0628\u0631\u0627\u0645\u062c) \u0639\u0644\u0649 \u0645\u0648\u0642\u0639 Haduke \u0627\u0644\u0625\u0644\u0643\u062a\u0631\u0648\u0646\u064a \u0644\u0644\u0639\u0631\u0636 \u0627\u0644\u0634\u062e\u0635\u064a \u063a\u064a\u0631 \u0627\u0644\u062a\u062c\u0627\u0631\u064a \u0641\u0642\u0637. \u0647\u0630\u0627 \u062a\u0631\u062e\u064a\u0635\u060c \u0648\u0644\u064a\u0633 \u0646\u0642\u0644 \u0645\u0644\u0643\u064a\u0629\u060c \u0648\u0628\u0645\u0648\u062c\u0628 \u0647\u0630\u0627 \u0627\u0644\u062a\u0631\u062e\u064a\u0635\u060c \u0644\u0627 \u064a\u062c\u0648\u0632 \u0644\u0643:&nbsp;<\/span><\/p><ol><li><span style=\"color: rgb(68, 68, 68);\">\u062a\u0639\u062f\u064a\u0644 \u0627\u0644\u0645\u0648\u0627\u062f \u0623\u0648 \u0646\u0633\u062e\u0647\u0627\u061b&nbsp;<\/span><\/li><li><span style=\"color: rgb(68, 68, 68);\">\u0627\u0633\u062a\u062e\u062f\u0627\u0645 \u0627\u0644\u0645\u0648\u0627\u062f \u0644\u0623\u064a \u063a\u0631\u0636 \u062a\u062c\u0627\u0631\u064a\u060c \u0623\u0648 \u0644\u0623\u064a \u0639\u0631\u0636 \u0639\u0627\u0645 (\u062a\u062c\u0627\u0631\u064a \u0623\u0648 \u063a\u064a\u0631 \u062a\u062c\u0627\u0631\u064a)\u061b&nbsp;<\/span><\/li><li><span style=\"color: rgb(68, 68, 68);\">\u0645\u062d\u0627\u0648\u0644\u0629 \u062a\u0641\u0643\u064a\u0643 \u0623\u0648 \u0647\u0646\u062f\u0633\u0629 \u0639\u0643\u0633\u064a\u0629 \u0644\u0623\u064a \u0628\u0631\u0646\u0627\u0645\u062c \u0645\u0648\u062c\u0648\u062f \u0639\u0644\u0649 \u0645\u0648\u0642\u0639 Haduke\u061b&nbsp;<\/span><\/li><li><span style=\"color: rgb(68, 68, 68);\">\u0625\u0632\u0627\u0644\u0629 \u0623\u064a \u062d\u0642\u0648\u0642 \u0646\u0634\u0631 \u0623\u0648 \u0623\u064a \u0625\u0634\u0639\u0627\u0631\u0627\u062a \u0645\u0644\u0643\u064a\u0629 \u0623\u062e\u0631\u0649 \u0645\u0646 \u0627\u0644\u0645\u0648\u0627\u062f\u061b \u0623\u0648&nbsp;<\/span><\/li><li><span style=\"color: rgb(68, 68, 68);\">\u0646\u0642\u0644 \u0627\u0644\u0645\u0648\u0627\u062f \u0625\u0644\u0649 \u0634\u062e\u0635 \u0622\u062e\u0631 \u0623\u0648 &quot;\u0646\u0633\u062e&quot; \u0627\u0644\u0645\u0648\u0627\u062f \u0639\u0644\u0649 \u0623\u064a \u062e\u0627\u062f\u0645 \u0622\u062e\u0631.<\/span><\/li><\/ol><p><span style=\"color: rgb(68, 68, 68);\">\u0633\u064a\u062a\u0645 \u0625\u0646\u0647\u0627\u0621 \u0647\u0630\u0627 \u0627\u0644\u062a\u0631\u062e\u064a\u0635 \u062a\u0644\u0642\u0627\u0626\u064a\u064b\u0627 \u0641\u064a \u062d\u0627\u0644 \u0627\u0646\u062a\u0647\u0627\u0643\u0643 \u0623\u064a\u064b\u0627 \u0645\u0646 \u0647\u0630\u0647 \u0627\u0644\u0642\u064a\u0648\u062f\u060c \u0648\u064a\u062c\u0648\u0632 \u0644\u0634\u0631\u0643\u0629 Haduke \u0625\u0646\u0647\u0627\u0624\u0647 \u0641\u064a \u0623\u064a \u0648\u0642\u062a. \u0639\u0646\u062f \u0625\u0646\u0647\u0627\u0621 \u0639\u0631\u0636\u0643 \u0644\u0647\u0630\u0647 \u0627\u0644\u0645\u0648\u0627\u062f \u0623\u0648 \u0625\u0646\u0647\u0627\u0621 \u0647\u0630\u0627 \u0627\u0644\u062a\u0631\u062e\u064a\u0635\u060c \u064a\u062c\u0628 \u0639\u0644\u064a\u0643 \u062d\u0630\u0641 \u062c\u0645\u064a\u0639 \u0627\u0644\u0645\u0648\u0627\u062f \u0627\u0644\u0645\u064f\u0646\u0632\u0651\u0644\u0629 \u0627\u0644\u062a\u064a \u0628\u062d\u0648\u0632\u062a\u0643\u060c \u0633\u0648\u0627\u0621\u064b \u0643\u0627\u0646\u062a \u0625\u0644\u0643\u062a\u0631\u0648\u0646\u064a\u0629 \u0623\u0648 \u0645\u0637\u0628\u0648\u0639\u0629.<\/span><\/p><h2><span style=\"color: rgb(68, 68, 68);\">3. \u0625\u062e\u0644\u0627\u0621 \u0627\u0644\u0645\u0633\u0624\u0648\u0644\u064a\u0629<\/span><\/h2><ol><li><span style=\"color: rgb(68, 68, 68);\">\u062a\u064f\u0642\u062f\u064e\u0651\u0645 \u0627\u0644\u0645\u0648\u0627\u062f \u0639\u0644\u0649 \u0645\u0648\u0642\u0639 Haduke \u0627\u0644\u0625\u0644\u0643\u062a\u0631\u0648\u0646\u064a &quot;\u0643\u0645\u0627 \u0647\u064a&quot;. \u0644\u0627 \u062a\u064f\u0642\u062f\u0650\u0651\u0645 Haduke \u0623\u064a \u0636\u0645\u0627\u0646\u0627\u062a\u060c \u0633\u0648\u0627\u0621\u064b \u0635\u0631\u064a\u062d\u0629 \u0623\u0648 \u0636\u0645\u0646\u064a\u0629\u060c \u0648\u062a\u064f\u062e\u0644\u064a \u0645\u0633\u0624\u0648\u0644\u064a\u062a\u0647\u0627 \u0628\u0645\u0648\u062c\u0628 \u0647\u0630\u0627 \u0648\u062a\u064f\u0644\u063a\u064a \u062c\u0645\u064a\u0639 \u0627\u0644\u0636\u0645\u0627\u0646\u0627\u062a \u0627\u0644\u0623\u062e\u0631\u0649\u060c \u0628\u0645\u0627 \u0641\u064a \u0630\u0644\u0643\u060c \u0639\u0644\u0649 \u0633\u0628\u064a\u0644 \u0627\u0644\u0645\u062b\u0627\u0644 \u0644\u0627 \u0627\u0644\u062d\u0635\u0631\u060c \u0627\u0644\u0636\u0645\u0627\u0646\u0627\u062a \u0623\u0648 \u0627\u0644\u0634\u0631\u0648\u0637 \u0627\u0644\u0636\u0645\u0646\u064a\u0629 \u0627\u0644\u0645\u062a\u0639\u0644\u0642\u0629 \u0628\u0642\u0627\u0628\u0644\u064a\u0629 \u0627\u0644\u062a\u0633\u0648\u064a\u0642\u060c \u0648\u0627\u0644\u0645\u0644\u0627\u0621\u0645\u0629 \u0644\u063a\u0631\u0636 \u0645\u064f\u0639\u064a\u064e\u0651\u0646\u060c \u0648\u0639\u062f\u0645 \u0627\u0646\u062a\u0647\u0627\u0643 \u0627\u0644\u0645\u0644\u0643\u064a\u0629 \u0627\u0644\u0641\u0643\u0631\u064a\u0629 \u0623\u0648 \u0623\u064a \u0627\u0646\u062a\u0647\u0627\u0643 \u0622\u062e\u0631 \u0644\u0644\u062d\u0642\u0648\u0642.<\/span><\/li><li><span style=\"color: rgb(68, 68, 68);\">\u0639\u0644\u0627\u0648\u0629 \u0639\u0644\u0649 \u0630\u0644\u0643\u060c \u0644\u0627 \u062a\u0642\u062f\u0645 Haduke \u0623\u064a \u0636\u0645\u0627\u0646\u0627\u062a \u0623\u0648 \u062a\u0639\u0647\u062f\u0627\u062a \u0641\u064a\u0645\u0627 \u064a\u062a\u0639\u0644\u0642 \u0628\u062f\u0642\u0629 \u0627\u0644\u0646\u062a\u0627\u0626\u062c \u0627\u0644\u0645\u062d\u062a\u0645\u0644\u0629 \u0623\u0648 \u0645\u0648\u062b\u0648\u0642\u064a\u0629 \u0627\u0633\u062a\u062e\u062f\u0627\u0645 \u0627\u0644\u0645\u0648\u0627\u062f \u0627\u0644\u0645\u0648\u062c\u0648\u062f\u0629 \u0639\u0644\u0649 \u0645\u0648\u0642\u0639\u0647\u0627 \u0627\u0644\u0625\u0644\u0643\u062a\u0631\u0648\u0646\u064a \u0623\u0648 \u0627\u0644\u0645\u062a\u0639\u0644\u0642\u0629 \u0628\u0647\u0630\u0647 \u0627\u0644\u0645\u0648\u0627\u062f \u0623\u0648 \u0639\u0644\u0649 \u0623\u064a \u0645\u0648\u0627\u0642\u0639 \u0645\u0631\u062a\u0628\u0637\u0629 \u0628\u0647\u0630\u0627 \u0627\u0644\u0645\u0648\u0642\u0639.<\/span><\/li><\/ol><h2><span style=\"color: rgb(68, 68, 68);\">4. \u0627\u0644\u0642\u064a\u0648\u062f<\/span><\/h2><p><span style=\"color: rgb(68, 68, 68);\">\u0644\u0627 \u062a\u062a\u062d\u0645\u0644 Haduke \u0623\u0648 \u0645\u0648\u0631\u062f\u0648\u0647\u0627\u060c \u0628\u0623\u064a \u062d\u0627\u0644 \u0645\u0646 \u0627\u0644\u0623\u062d\u0648\u0627\u0644\u060c \u0645\u0633\u0624\u0648\u0644\u064a\u0629 \u0623\u064a \u0623\u0636\u0631\u0627\u0631 (\u0628\u0645\u0627 \u0641\u064a \u0630\u0644\u0643\u060c \u0639\u0644\u0649 \u0633\u0628\u064a\u0644 \u0627\u0644\u0645\u062b\u0627\u0644 \u0644\u0627 \u0627\u0644\u062d\u0635\u0631\u060c \u0623\u0636\u0631\u0627\u0631 \u0641\u0642\u062f\u0627\u0646 \u0627\u0644\u0628\u064a\u0627\u0646\u0627\u062a \u0623\u0648 \u0627\u0644\u0623\u0631\u0628\u0627\u062d\u060c \u0623\u0648 \u0627\u0646\u0642\u0637\u0627\u0639 \u0627\u0644\u0623\u0639\u0645\u0627\u0644) \u0646\u0627\u062c\u0645\u0629 \u0639\u0646 \u0627\u0633\u062a\u062e\u062f\u0627\u0645 \u0623\u0648 \u0639\u062f\u0645 \u0627\u0644\u0642\u062f\u0631\u0629 \u0639\u0644\u0649 \u0627\u0633\u062a\u062e\u062f\u0627\u0645 \u0627\u0644\u0645\u0648\u0627\u062f \u0639\u0644\u0649 Haduke\u060c \u062d\u062a\u0649 \u0644\u0648 \u062a\u0645 \u0625\u062e\u0637\u0627\u0631 Haduke \u0623\u0648 \u0645\u0645\u062b\u0644 \u0645\u0639\u062a\u0645\u062f \u0645\u0646 Haduke\u060c \u0634\u0641\u0648\u064a\u064b\u0627 \u0623\u0648 \u0643\u062a\u0627\u0628\u064a\u064b\u0627\u060c \u0628\u0627\u062d\u062a\u0645\u0627\u0644\u064a\u0629 \u0648\u0642\u0648\u0639 \u0645\u062b\u0644 \u0647\u0630\u0647 \u0627\u0644\u0623\u0636\u0631\u0627\u0631. \u0648\u0646\u0638\u0631\u064b\u0627 \u0644\u0623\u0646 \u0628\u0639\u0636 \u0627\u0644\u0648\u0644\u0627\u064a\u0627\u062a \u0627\u0644\u0642\u0636\u0627\u0626\u064a\u0629 \u0644\u0627 \u062a\u0633\u0645\u062d \u0628\u0641\u0631\u0636 \u0642\u064a\u0648\u062f \u0639\u0644\u0649 \u0627\u0644\u0636\u0645\u0627\u0646\u0627\u062a \u0627\u0644\u0636\u0645\u0646\u064a\u0629\u060c \u0623\u0648 \u0642\u064a\u0648\u062f \u0639\u0644\u0649 \u0627\u0644\u0645\u0633\u0624\u0648\u0644\u064a\u0629 \u0639\u0646 \u0627\u0644\u0623\u0636\u0631\u0627\u0631 \u0627\u0644\u062a\u0628\u0639\u064a\u0629 \u0623\u0648 \u0627\u0644\u0639\u0631\u0636\u064a\u0629\u060c \u0641\u0642\u062f \u0644\u0627 \u062a\u0646\u0637\u0628\u0642 \u0639\u0644\u064a\u0643 \u0647\u0630\u0647 \u0627\u0644\u0642\u064a\u0648\u062f.<\/span><\/p><h2><span style=\"color: rgb(68, 68, 68);\">5. \u062f\u0642\u0629 \u0627\u0644\u0645\u0648\u0627\u062f<\/span><\/h2><p><span style=\"color: rgb(68, 68, 68);\">\u0642\u062f \u062a\u062a\u0636\u0645\u0646 \u0627\u0644\u0645\u0648\u0627\u062f \u0627\u0644\u0645\u0639\u0631\u0648\u0636\u0629 \u0639\u0644\u0649 \u0645\u0648\u0642\u0639 Haduke \u0627\u0644\u0625\u0644\u0643\u062a\u0631\u0648\u0646\u064a \u0623\u062e\u0637\u0627\u0621\u064b \u0641\u0646\u064a\u0629 \u0623\u0648 \u0645\u0637\u0628\u0639\u064a\u0629 \u0623\u0648 \u062a\u0635\u0648\u064a\u0631\u064a\u0629. \u0644\u0627 \u062a\u0636\u0645\u0646 Haduke \u062f\u0642\u0629 \u0623\u0648 \u0627\u0643\u062a\u0645\u0627\u0644 \u0623\u0648 \u062a\u062d\u062f\u064a\u062b \u0623\u064a\u064d\u0651 \u0645\u0646 \u0627\u0644\u0645\u0648\u0627\u062f \u0627\u0644\u0645\u0639\u0631\u0648\u0636\u0629 \u0639\u0644\u0649 \u0645\u0648\u0642\u0639\u0647\u0627 \u0627\u0644\u0625\u0644\u0643\u062a\u0631\u0648\u0646\u064a. \u064a\u062d\u0642 \u0644\u0647\u0627 \u0625\u062c\u0631\u0627\u0621 \u062a\u063a\u064a\u064a\u0631\u0627\u062a \u0639\u0644\u0649 \u0627\u0644\u0645\u0648\u0627\u062f \u0627\u0644\u0645\u0639\u0631\u0648\u0636\u0629 \u0639\u0644\u0649 \u0645\u0648\u0642\u0639\u0647\u0627 \u0627\u0644\u0625\u0644\u0643\u062a\u0631\u0648\u0646\u064a \u0641\u064a \u0623\u064a \u0648\u0642\u062a \u062f\u0648\u0646 \u0625\u0634\u0639\u0627\u0631 \u0645\u0633\u0628\u0642. \u0645\u0639 \u0630\u0644\u0643\u060c \u0644\u0627 \u062a\u0644\u062a\u0632\u0645 Haduke \u0628\u062a\u062d\u062f\u064a\u062b \u0627\u0644\u0645\u0648\u0627\u062f.<\/span><\/p><h2><span style=\"color: rgb(68, 68, 68);\">6. \u0627\u0644\u0631\u0648\u0627\u0628\u0637<\/span><\/h2><p><span style=\"color: rgb(68, 68, 68);\">\u0644\u0645 \u062a\u064f\u0631\u0627\u062c\u0639 Haduke \u062c\u0645\u064a\u0639 \u0627\u0644\u0645\u0648\u0627\u0642\u0639 \u0627\u0644\u0645\u0631\u062a\u0628\u0637\u0629 \u0628\u0645\u0648\u0642\u0639\u0647\u0627 \u0627\u0644\u0625\u0644\u0643\u062a\u0631\u0648\u0646\u064a\u060c \u0648\u0647\u064a \u063a\u064a\u0631 \u0645\u0633\u0624\u0648\u0644\u0629 \u0639\u0646 \u0645\u062d\u062a\u0648\u0649 \u0623\u064a\u064d\u0651 \u0645\u0646\u0647\u0627. \u0625\u062f\u0631\u0627\u062c \u0623\u064a \u0631\u0627\u0628\u0637 \u0644\u0627 \u064a\u0639\u0646\u064a \u0645\u0648\u0627\u0641\u0642\u0629 Haduke \u0639\u0644\u064a\u0647. \u0627\u0633\u062a\u062e\u062f\u0627\u0645 \u0623\u064a \u0645\u0648\u0642\u0639 \u0645\u0631\u062a\u0628\u0637 \u064a\u0643\u0648\u0646 \u0639\u0644\u0649 \u0645\u0633\u0624\u0648\u0644\u064a\u0629 \u0627\u0644\u0645\u0633\u062a\u062e\u062f\u0645 \u0627\u0644\u062e\u0627\u0635\u0629.<\/span><\/p><p><br><\/p><h3><span style=\"color: rgb(68, 68, 68);\">\u0627\u0644\u062a\u0639\u062f\u064a\u0644\u0627\u062a<\/span><\/h3><p><span style=\"color: rgb(68, 68, 68);\">\u064a\u062d\u0642 \u0644\u0634\u0631\u0643\u0629 Haduke \u0645\u0631\u0627\u062c\u0639\u0629 \u0634\u0631\u0648\u0637 \u062e\u062f\u0645\u0629 \u0645\u0648\u0642\u0639\u0647\u0627 \u0627\u0644\u0625\u0644\u0643\u062a\u0631\u0648\u0646\u064a \u0641\u064a \u0623\u064a \u0648\u0642\u062a \u062f\u0648\u0646 \u0625\u0634\u0639\u0627\u0631. \u0628\u0627\u0633\u062a\u062e\u062f\u0627\u0645\u0643 \u0644\u0647\u0630\u0627 \u0627\u0644\u0645\u0648\u0642\u0639\u060c \u0641\u0625\u0646\u0643 \u062a\u0648\u0627\u0641\u0642 \u0639\u0644\u0649 \u0627\u0644\u0627\u0644\u062a\u0632\u0627\u0645 \u0628\u0627\u0644\u0646\u0633\u062e\u0629 \u0627\u0644\u062d\u0627\u0644\u064a\u0629 \u0645\u0646 \u0634\u0631\u0648\u0637 \u0627\u0644\u062e\u062f\u0645\u0629 \u0647\u0630\u0647.<\/span><\/p><h3><span style=\"color: rgb(68, 68, 68);\">\u0627\u0644\u0642\u0627\u0646\u0648\u0646 \u0627\u0644\u0645\u0637\u0628\u0642<\/span><\/h3><p><span style=\"color: rgb(68, 68, 68);\">\u062a\u062e\u0636\u0639 \u0647\u0630\u0647 \u0627\u0644\u0634\u0631\u0648\u0637 \u0648\u0627\u0644\u0623\u062d\u0643\u0627\u0645 \u0644\u0642\u0648\u0627\u0646\u064a\u0646 Haduke \u0648\u062a\u0641\u0633\u0631 \u0648\u0641\u0642\u064b\u0627 \u0644\u0647\u0627\u060c \u0648\u062a\u062e\u0636\u0639 \u0628\u0634\u0643\u0644 \u0644\u0627 \u0631\u062c\u0639\u0629 \u0641\u064a\u0647 \u0644\u0644\u0627\u062e\u062a\u0635\u0627\u0635 \u0627\u0644\u0642\u0636\u0627\u0626\u064a \u0627\u0644\u062d\u0635\u0631\u064a \u0644\u0644\u0645\u062d\u0627\u0643\u0645 \u0641\u064a \u062a\u0644\u0643 \u0627\u0644\u0648\u0644\u0627\u064a\u0629 \u0623\u0648 \u0627\u0644\u0645\u0648\u0642\u0639.<\/span><\/p>","protected":false},"excerpt":{"rendered":"<p>1. Termos Ao acessar ao site Haduke, concorda em cumprir estes termos de servi\u00e7o, todas as leis e regulamentos aplic\u00e1veis \u200b\u200be concorda que \u00e9 respons\u00e1vel pelo cumprimento de todas as leis locais aplic\u00e1veis. Se voc\u00ea n\u00e3o concordar com algum desses termos, est\u00e1 proibido de usar ou acessar este site. Os materiais contidos neste site s\u00e3o [&hellip;]<\/p>\n","protected":false},"author":9,"featured_media":0,"parent":0,"menu_order":0,"comment_status":"closed","ping_status":"closed","template":"","meta":{"footnotes":""},"class_list":["post-183","page","type-page","status-publish","hentry"],"yoast_head":"<!-- This site is optimized with the Yoast SEO plugin v27.4 - https:\/\/yoast.com\/product\/yoast-seo-wordpress\/ -->\n<title>Termos e Condi\u00e7\u00f5es - Haduke<\/title>\n<meta name=\"robots\" content=\"index, follow, max-snippet:-1, max-image-preview:large, max-video-preview:-1\" \/>\n<link rel=\"canonical\" href=\"https:\/\/haduke.com\/ar\/termos-e-condicoes\/\" \/>\n<meta property=\"og:locale\" content=\"ar_AR\" \/>\n<meta property=\"og:type\" content=\"article\" \/>\n<meta property=\"og:title\" content=\"Termos e Condi\u00e7\u00f5es - Haduke\" \/>\n<meta property=\"og:description\" content=\"1. Termos Ao acessar ao site Haduke, concorda em cumprir estes termos de servi\u00e7o, todas as leis e regulamentos aplic\u00e1veis \u200b\u200be concorda que \u00e9 respons\u00e1vel pelo cumprimento de todas as leis locais aplic\u00e1veis. Se voc\u00ea n\u00e3o concordar com algum desses termos, est\u00e1 proibido de usar ou acessar este site. Os materiais contidos neste site s\u00e3o [&hellip;]\" \/>\n<meta property=\"og:url\" content=\"https:\/\/haduke.com\/ar\/termos-e-condicoes\/\" \/>\n<meta property=\"og:site_name\" content=\"Haduke\" \/>\n<meta name=\"twitter:card\" content=\"summary_large_image\" \/>\n<meta name=\"twitter:label1\" content=\"\u0648\u0642\u062a \u0627\u0644\u0642\u0631\u0627\u0621\u0629 \u0627\u0644\u0645\u064f\u0642\u062f\u0651\u0631\" \/>\n\t<meta name=\"twitter:data1\" content=\"4 \u062f\u0642\u0627\u0626\u0642\" \/>\n<script type=\"application\/ld+json\" class=\"yoast-schema-graph\">{\"@context\":\"https:\\\/\\\/schema.org\",\"@graph\":[{\"@type\":\"WebPage\",\"@id\":\"https:\\\/\\\/haduke.com\\\/termos-e-condicoes\\\/\",\"url\":\"https:\\\/\\\/haduke.com\\\/termos-e-condicoes\\\/\",\"name\":\"Termos e Condi\u00e7\u00f5es - Haduke\",\"isPartOf\":{\"@id\":\"https:\\\/\\\/haduke.com\\\/#website\"},\"datePublished\":\"2023-09-12T13:22:21+00:00\",\"breadcrumb\":{\"@id\":\"https:\\\/\\\/haduke.com\\\/termos-e-condicoes\\\/#breadcrumb\"},\"inLanguage\":\"ar\",\"potentialAction\":[{\"@type\":\"ReadAction\",\"target\":[\"https:\\\/\\\/haduke.com\\\/termos-e-condicoes\\\/\"]}]},{\"@type\":\"BreadcrumbList\",\"@id\":\"https:\\\/\\\/haduke.com\\\/termos-e-condicoes\\\/#breadcrumb\",\"itemListElement\":[{\"@type\":\"ListItem\",\"position\":1,\"name\":\"Home\",\"item\":\"https:\\\/\\\/haduke.com\\\/\"},{\"@type\":\"ListItem\",\"position\":2,\"name\":\"Termos e Condi\u00e7\u00f5es\"}]},{\"@type\":\"WebSite\",\"@id\":\"https:\\\/\\\/haduke.com\\\/#website\",\"url\":\"https:\\\/\\\/haduke.com\\\/\",\"name\":\"Haduke\",\"description\":\"\",\"potentialAction\":[{\"@type\":\"SearchAction\",\"target\":{\"@type\":\"EntryPoint\",\"urlTemplate\":\"https:\\\/\\\/haduke.com\\\/?s={search_term_string}\"},\"query-input\":{\"@type\":\"PropertyValueSpecification\",\"valueRequired\":true,\"valueName\":\"search_term_string\"}}],\"inLanguage\":\"ar\"}]}<\/script>\n<!-- \/ Yoast SEO plugin. -->","yoast_head_json":{"title":"Termos e Condi\u00e7\u00f5es - Haduke","robots":{"index":"index","follow":"follow","max-snippet":"max-snippet:-1","max-image-preview":"max-image-preview:large","max-video-preview":"max-video-preview:-1"},"canonical":"https:\/\/haduke.com\/ar\/termos-e-condicoes\/","og_locale":"ar_AR","og_type":"article","og_title":"Termos e Condi\u00e7\u00f5es - Haduke","og_description":"1. Termos Ao acessar ao site Haduke, concorda em cumprir estes termos de servi\u00e7o, todas as leis e regulamentos aplic\u00e1veis \u200b\u200be concorda que \u00e9 respons\u00e1vel pelo cumprimento de todas as leis locais aplic\u00e1veis. Se voc\u00ea n\u00e3o concordar com algum desses termos, est\u00e1 proibido de usar ou acessar este site. Os materiais contidos neste site s\u00e3o [&hellip;]","og_url":"https:\/\/haduke.com\/ar\/termos-e-condicoes\/","og_site_name":"Haduke","twitter_card":"summary_large_image","twitter_misc":{"\u0648\u0642\u062a \u0627\u0644\u0642\u0631\u0627\u0621\u0629 \u0627\u0644\u0645\u064f\u0642\u062f\u0651\u0631":"4 \u062f\u0642\u0627\u0626\u0642"},"schema":{"@context":"https:\/\/schema.org","@graph":[{"@type":"WebPage","@id":"https:\/\/haduke.com\/termos-e-condicoes\/","url":"https:\/\/haduke.com\/termos-e-condicoes\/","name":"Termos e Condi\u00e7\u00f5es - Haduke","isPartOf":{"@id":"https:\/\/haduke.com\/#website"},"datePublished":"2023-09-12T13:22:21+00:00","breadcrumb":{"@id":"https:\/\/haduke.com\/termos-e-condicoes\/#breadcrumb"},"inLanguage":"ar","potentialAction":[{"@type":"ReadAction","target":["https:\/\/haduke.com\/termos-e-condicoes\/"]}]},{"@type":"BreadcrumbList","@id":"https:\/\/haduke.com\/termos-e-condicoes\/#breadcrumb","itemListElement":[{"@type":"ListItem","position":1,"name":"Home","item":"https:\/\/haduke.com\/"},{"@type":"ListItem","position":2,"name":"Termos e Condi\u00e7\u00f5es"}]},{"@type":"WebSite","@id":"https:\/\/haduke.com\/#website","url":"https:\/\/haduke.com\/","name":"\u0647\u0627\u062f\u0648\u0643\u064a","description":"","potentialAction":[{"@type":"SearchAction","target":{"@type":"EntryPoint","urlTemplate":"https:\/\/haduke.com\/?s={search_term_string}"},"query-input":{"@type":"PropertyValueSpecification","valueRequired":true,"valueName":"search_term_string"}}],"inLanguage":"ar"}]}},"_links":{"self":[{"href":"https:\/\/haduke.com\/ar\/wp-json\/wp\/v2\/pages\/183","targetHints":{"allow":["GET"]}}],"collection":[{"href":"https:\/\/haduke.com\/ar\/wp-json\/wp\/v2\/pages"}],"about":[{"href":"https:\/\/haduke.com\/ar\/wp-json\/wp\/v2\/types\/page"}],"author":[{"embeddable":true,"href":"https:\/\/haduke.com\/ar\/wp-json\/wp\/v2\/users\/9"}],"replies":[{"embeddable":true,"href":"https:\/\/haduke.com\/ar\/wp-json\/wp\/v2\/comments?post=183"}],"version-history":[{"count":0,"href":"https:\/\/haduke.com\/ar\/wp-json\/wp\/v2\/pages\/183\/revisions"}],"wp:attachment":[{"href":"https:\/\/haduke.com\/ar\/wp-json\/wp\/v2\/media?parent=183"}],"curies":[{"name":"\u0648\u0648\u0631\u062f\u0628\u0631\u064a\u0633","href":"https:\/\/api.w.org\/{rel}","templated":true}]}}