{"id":183,"date":"2023-09-12T10:22:21","date_gmt":"2023-09-12T13:22:21","guid":{"rendered":"https:\/\/haduke.com\/?page_id=183"},"modified":"2023-09-12T10:22:21","modified_gmt":"2023-09-12T13:22:21","slug":"termos-e-condicoes","status":"publish","type":"page","link":"https:\/\/haduke.com\/cs\/termos-e-condicoes\/","title":{"rendered":"Obchodn\u00ed podm\u00ednky"},"content":{"rendered":"<h2><span style=\"color: rgb(68, 68, 68);\">1. Podm\u00ednky<\/span><\/h2><p><span style=\"color: rgb(68, 68, 68);\">P\u0159i p\u0159\u00edstupu na webov\u00e9 str\u00e1nky <a href=\"https:\/\/haduke.com\/cs\/\">Haduke<\/a>, Pou\u017e\u00edv\u00e1n\u00edm t\u011bchto str\u00e1nek souhlas\u00edte s t\u00edm, \u017ee budete v\u00e1z\u00e1ni t\u011bmito podm\u00ednkami slu\u017eby, v\u0161emi platn\u00fdmi z\u00e1kony a p\u0159edpisy a souhlas\u00edte s t\u00edm, \u017ee jste zodpov\u011bdn\u00ed za dodr\u017eov\u00e1n\u00ed v\u0161ech platn\u00fdch m\u00edstn\u00edch z\u00e1kon\u016f. Pokud s n\u011bkterou z t\u011bchto podm\u00ednek nesouhlas\u00edte, je v\u00e1m zak\u00e1z\u00e1no tyto str\u00e1nky pou\u017e\u00edvat nebo k nim p\u0159istupovat. Materi\u00e1ly obsa\u017een\u00e9 na t\u011bchto webov\u00fdch str\u00e1nk\u00e1ch jsou chr\u00e1n\u011bny platn\u00fdmi z\u00e1kony o autorsk\u00fdch pr\u00e1vech a ochrann\u00fdch zn\u00e1mk\u00e1ch.<\/span><\/p><h2><span style=\"color: rgb(68, 68, 68);\">2. Pou\u017e\u00edv\u00e1n\u00ed licence<\/span><\/h2><p><span style=\"color: rgb(68, 68, 68);\">Je ud\u011bleno povolen\u00ed k do\u010dasn\u00e9mu sta\u017een\u00ed jedn\u00e9 kopie materi\u00e1l\u016f (informac\u00ed nebo softwaru) na webov\u00fdch str\u00e1nk\u00e1ch Haduke pouze pro osobn\u00ed, nekomer\u010dn\u00ed a p\u0159echodn\u00e9 prohl\u00ed\u017een\u00ed. Jedn\u00e1 se o ud\u011blen\u00ed licence, nikoli o p\u0159evod vlastnictv\u00ed, a na z\u00e1klad\u011b t\u00e9to licence nesm\u00edte:&nbsp;<\/span><\/p><ol><li><span style=\"color: rgb(68, 68, 68);\">upravovat nebo kop\u00edrovat materi\u00e1ly;&nbsp;<\/span><\/li><li><span style=\"color: rgb(68, 68, 68);\">Pou\u017e\u00edvat materi\u00e1ly pro jak\u00e9koli komer\u010dn\u00ed \u00fa\u010dely nebo pro ve\u0159ejn\u00e9 vystaven\u00ed (komer\u010dn\u00ed \u010di nekomer\u010dn\u00ed);&nbsp;<\/span><\/li><li><span style=\"color: rgb(68, 68, 68);\">Pokus o dekompilaci nebo zp\u011btn\u00e9 in\u017een\u00fdrstv\u00ed jak\u00e9hokoli softwaru obsa\u017een\u00e9ho na webov\u00fdch str\u00e1nk\u00e1ch Haduke;&nbsp;<\/span><\/li><li><span style=\"color: rgb(68, 68, 68);\">odstranit z materi\u00e1l\u016f jak\u00e9koli pozn\u00e1mky o autorsk\u00fdch pr\u00e1vech nebo jin\u00e9 ochrann\u00e9 zn\u00e1mky; nebo&nbsp;<\/span><\/li><li><span style=\"color: rgb(68, 68, 68);\">P\u0159eneste materi\u00e1ly jin\u00e9 osob\u011b nebo je \u2018zrcadlete\u2019 na jak\u00fdkoli jin\u00fd server.<\/span><\/li><\/ol><p><span style=\"color: rgb(68, 68, 68);\">Tato licence automaticky zanikne, pokud poru\u0161\u00edte kter\u00e9koli z t\u011bchto omezen\u00ed, a spole\u010dnost Haduke ji m\u016f\u017ee kdykoli ukon\u010dit. Po ukon\u010den\u00ed prohl\u00ed\u017een\u00ed t\u011bchto materi\u00e1l\u016f nebo po ukon\u010den\u00ed t\u00e9to licence mus\u00edte zni\u010dit v\u0161echny sta\u017een\u00e9 materi\u00e1ly, kter\u00e9 m\u00e1te k dispozici, a\u0165 u\u017e v elektronick\u00e9 nebo ti\u0161t\u011bn\u00e9 podob\u011b.<\/span><\/p><h2><span style=\"color: rgb(68, 68, 68);\">3. Prohl\u00e1\u0161en\u00ed o vylou\u010den\u00ed odpov\u011bdnosti<\/span><\/h2><ol><li><span style=\"color: rgb(68, 68, 68);\">Materi\u00e1ly na webov\u00fdch str\u00e1nk\u00e1ch spole\u010dnosti Haduke jsou poskytov\u00e1ny \u2018tak, jak jsou\u2019. Spole\u010dnost Haduke neposkytuje \u017e\u00e1dn\u00e9 z\u00e1ruky, v\u00fdslovn\u00e9 ani implicitn\u00ed, a t\u00edmto se z\u0159\u00edk\u00e1 a pop\u00edr\u00e1 ve\u0161ker\u00e9 ostatn\u00ed z\u00e1ruky, v\u010detn\u011b, bez omezen\u00ed, implicitn\u00edch z\u00e1ruk nebo podm\u00ednek prodejnosti, vhodnosti pro konkr\u00e9tn\u00ed \u00fa\u010del nebo neporu\u0161en\u00ed du\u0161evn\u00edho vlastnictv\u00ed \u010di jin\u00e9ho poru\u0161en\u00ed pr\u00e1v.<\/span><\/li><li><span style=\"color: rgb(68, 68, 68);\">Spole\u010dnost Haduke d\u00e1le nezaru\u010duje ani neposkytuje \u017e\u00e1dn\u00e1 prohl\u00e1\u0161en\u00ed t\u00fdkaj\u00edc\u00ed se p\u0159esnosti, pravd\u011bpodobn\u00fdch v\u00fdsledk\u016f nebo spolehlivosti pou\u017eit\u00ed materi\u00e1l\u016f na sv\u00fdch webov\u00fdch str\u00e1nk\u00e1ch nebo jinak souvisej\u00edc\u00edch s t\u011bmito materi\u00e1ly nebo na jak\u00fdchkoli str\u00e1nk\u00e1ch odkazovan\u00fdch na tyto str\u00e1nky.<\/span><\/li><\/ol><h2><span style=\"color: rgb(68, 68, 68);\">4. Omezen\u00ed<\/span><\/h2><p><span style=\"color: rgb(68, 68, 68);\">Spole\u010dnost Haduke ani jej\u00ed dodavatel\u00e9 nenesou v \u017e\u00e1dn\u00e9m p\u0159\u00edpad\u011b odpov\u011bdnost za jak\u00e9koli \u0161kody (v\u010detn\u011b, mimo jin\u00e9, \u0161kod zp\u016fsoben\u00fdch ztr\u00e1tou dat nebo zisku nebo v d\u016fsledku p\u0159eru\u0161en\u00ed obchodn\u00ed \u010dinnosti) vznikl\u00e9 v d\u016fsledku pou\u017eit\u00ed nebo nemo\u017enosti pou\u017eit\u00ed materi\u00e1l\u016f na webov\u00fdch str\u00e1nk\u00e1ch spole\u010dnosti Haduke, a to i v p\u0159\u00edpad\u011b, \u017ee spole\u010dnost Haduke nebo jej\u00ed pov\u011b\u0159en\u00fd z\u00e1stupce byli \u00fastn\u011b nebo p\u00edsemn\u011b informov\u00e1ni o mo\u017enosti vzniku takov\u00fdch \u0161kod. Vzhledem k tomu, \u017ee n\u011bkter\u00e9 jurisdikce neumo\u017e\u0148uj\u00ed omezen\u00ed implicitn\u00edch z\u00e1ruk ani omezen\u00ed odpov\u011bdnosti za n\u00e1sledn\u00e9 nebo n\u00e1hodn\u00e9 \u0161kody, nemus\u00ed se na v\u00e1s tato omezen\u00ed vztahovat.<\/span><\/p><h2><span style=\"color: rgb(68, 68, 68);\">5. P\u0159esnost materi\u00e1l\u016f<\/span><\/h2><p><span style=\"color: rgb(68, 68, 68);\">Materi\u00e1ly zobrazen\u00e9 na webov\u00fdch str\u00e1nk\u00e1ch spole\u010dnosti Haduke mohou obsahovat technick\u00e9, typografick\u00e9 nebo fotografick\u00e9 chyby. Spole\u010dnost Haduke nezaru\u010duje, \u017ee jak\u00fdkoli materi\u00e1l na jej\u00edch webov\u00fdch str\u00e1nk\u00e1ch je p\u0159esn\u00fd, \u00fapln\u00fd nebo aktu\u00e1ln\u00ed. Spole\u010dnost Haduke m\u016f\u017ee kdykoli bez p\u0159edchoz\u00edho upozorn\u011bn\u00ed prov\u00e1d\u011bt zm\u011bny v materi\u00e1lech obsa\u017een\u00fdch na sv\u00fdch webov\u00fdch str\u00e1nk\u00e1ch. Spole\u010dnost Haduke se v\u0161ak nezavazuje k aktualizaci materi\u00e1l\u016f.<\/span><\/p><h2><span style=\"color: rgb(68, 68, 68);\">6. Odkazy<\/span><\/h2><p><span style=\"color: rgb(68, 68, 68);\">Spole\u010dnost Haduke nekontrolovala v\u0161echny str\u00e1nky odkazovan\u00e9 na jej\u00ed webov\u00e9 str\u00e1nky a nenese odpov\u011bdnost za obsah \u017e\u00e1dn\u00e9 z odkazovan\u00fdch str\u00e1nek. Zahrnut\u00ed jak\u00e9hokoli odkazu neznamen\u00e1, \u017ee spole\u010dnost Haduke tyto str\u00e1nky schvaluje. Pou\u017e\u00edv\u00e1n\u00ed odkazovan\u00fdch webov\u00fdch str\u00e1nek je na vlastn\u00ed nebezpe\u010d\u00ed u\u017eivatele.<\/span><\/p><p><br><\/p><h3><span style=\"color: rgb(68, 68, 68);\">Modifikace<\/span><\/h3><p><span style=\"color: rgb(68, 68, 68);\">Spole\u010dnost Haduke si vyhrazuje pr\u00e1vo kdykoli bez p\u0159edchoz\u00edho upozorn\u011bn\u00ed revidovat tyto podm\u00ednky pou\u017e\u00edv\u00e1n\u00ed webov\u00fdch str\u00e1nek. Pou\u017e\u00edv\u00e1n\u00edm t\u011bchto webov\u00fdch str\u00e1nek souhlas\u00edte s t\u00edm, \u017ee budete v\u00e1z\u00e1ni aktu\u00e1ln\u00ed verz\u00ed t\u011bchto podm\u00ednek pou\u017e\u00edv\u00e1n\u00ed.<\/span><\/p><h3><span style=\"color: rgb(68, 68, 68);\">Rozhodn\u00e9 pr\u00e1vo<\/span><\/h3><p><span style=\"color: rgb(68, 68, 68);\">Tyto obchodn\u00ed podm\u00ednky se \u0159\u00edd\u00ed a vykl\u00e1daj\u00ed v souladu se z\u00e1kony st\u00e1tu Haduke a vy se neodvolateln\u011b pod\u0159izujete v\u00fdlu\u010dn\u00e9 jurisdikci soud\u016f v dan\u00e9m st\u00e1t\u011b nebo lokalit\u011b.<\/span><\/p>","protected":false},"excerpt":{"rendered":"<p>1. Termos Ao acessar ao site Haduke, concorda em cumprir estes termos de servi\u00e7o, todas as leis e regulamentos aplic\u00e1veis \u200b\u200be concorda que \u00e9 respons\u00e1vel pelo cumprimento de todas as leis locais aplic\u00e1veis. Se voc\u00ea n\u00e3o concordar com algum desses termos, est\u00e1 proibido de usar ou acessar este site. Os materiais contidos neste site s\u00e3o [&hellip;]<\/p>\n","protected":false},"author":9,"featured_media":0,"parent":0,"menu_order":0,"comment_status":"closed","ping_status":"closed","template":"","meta":{"footnotes":""},"class_list":["post-183","page","type-page","status-publish","hentry"],"yoast_head":"<!-- This site is optimized with the Yoast SEO plugin v27.4 - https:\/\/yoast.com\/product\/yoast-seo-wordpress\/ -->\n<title>Termos e Condi\u00e7\u00f5es - Haduke<\/title>\n<meta name=\"robots\" content=\"index, follow, max-snippet:-1, max-image-preview:large, max-video-preview:-1\" \/>\n<link rel=\"canonical\" href=\"https:\/\/haduke.com\/cs\/termos-e-condicoes\/\" \/>\n<meta property=\"og:locale\" content=\"cs_CZ\" \/>\n<meta property=\"og:type\" content=\"article\" \/>\n<meta property=\"og:title\" content=\"Termos e Condi\u00e7\u00f5es - Haduke\" \/>\n<meta property=\"og:description\" content=\"1. Termos Ao acessar ao site Haduke, concorda em cumprir estes termos de servi\u00e7o, todas as leis e regulamentos aplic\u00e1veis \u200b\u200be concorda que \u00e9 respons\u00e1vel pelo cumprimento de todas as leis locais aplic\u00e1veis. Se voc\u00ea n\u00e3o concordar com algum desses termos, est\u00e1 proibido de usar ou acessar este site. Os materiais contidos neste site s\u00e3o [&hellip;]\" \/>\n<meta property=\"og:url\" content=\"https:\/\/haduke.com\/cs\/termos-e-condicoes\/\" \/>\n<meta property=\"og:site_name\" content=\"Haduke\" \/>\n<meta name=\"twitter:card\" content=\"summary_large_image\" \/>\n<meta name=\"twitter:label1\" content=\"Odhadovan\u00e1 doba \u010dten\u00ed\" \/>\n\t<meta name=\"twitter:data1\" content=\"4 minuty\" \/>\n<script type=\"application\/ld+json\" class=\"yoast-schema-graph\">{\"@context\":\"https:\\\/\\\/schema.org\",\"@graph\":[{\"@type\":\"WebPage\",\"@id\":\"https:\\\/\\\/haduke.com\\\/termos-e-condicoes\\\/\",\"url\":\"https:\\\/\\\/haduke.com\\\/termos-e-condicoes\\\/\",\"name\":\"Termos e Condi\u00e7\u00f5es - Haduke\",\"isPartOf\":{\"@id\":\"https:\\\/\\\/haduke.com\\\/#website\"},\"datePublished\":\"2023-09-12T13:22:21+00:00\",\"breadcrumb\":{\"@id\":\"https:\\\/\\\/haduke.com\\\/termos-e-condicoes\\\/#breadcrumb\"},\"inLanguage\":\"cs\",\"potentialAction\":[{\"@type\":\"ReadAction\",\"target\":[\"https:\\\/\\\/haduke.com\\\/termos-e-condicoes\\\/\"]}]},{\"@type\":\"BreadcrumbList\",\"@id\":\"https:\\\/\\\/haduke.com\\\/termos-e-condicoes\\\/#breadcrumb\",\"itemListElement\":[{\"@type\":\"ListItem\",\"position\":1,\"name\":\"Home\",\"item\":\"https:\\\/\\\/haduke.com\\\/\"},{\"@type\":\"ListItem\",\"position\":2,\"name\":\"Termos e Condi\u00e7\u00f5es\"}]},{\"@type\":\"WebSite\",\"@id\":\"https:\\\/\\\/haduke.com\\\/#website\",\"url\":\"https:\\\/\\\/haduke.com\\\/\",\"name\":\"Haduke\",\"description\":\"\",\"potentialAction\":[{\"@type\":\"SearchAction\",\"target\":{\"@type\":\"EntryPoint\",\"urlTemplate\":\"https:\\\/\\\/haduke.com\\\/?s={search_term_string}\"},\"query-input\":{\"@type\":\"PropertyValueSpecification\",\"valueRequired\":true,\"valueName\":\"search_term_string\"}}],\"inLanguage\":\"cs\"}]}<\/script>\n<!-- \/ Yoast SEO plugin. -->","yoast_head_json":{"title":"Termos e Condi\u00e7\u00f5es - Haduke","robots":{"index":"index","follow":"follow","max-snippet":"max-snippet:-1","max-image-preview":"max-image-preview:large","max-video-preview":"max-video-preview:-1"},"canonical":"https:\/\/haduke.com\/cs\/termos-e-condicoes\/","og_locale":"cs_CZ","og_type":"article","og_title":"Termos e Condi\u00e7\u00f5es - Haduke","og_description":"1. Termos Ao acessar ao site Haduke, concorda em cumprir estes termos de servi\u00e7o, todas as leis e regulamentos aplic\u00e1veis \u200b\u200be concorda que \u00e9 respons\u00e1vel pelo cumprimento de todas as leis locais aplic\u00e1veis. Se voc\u00ea n\u00e3o concordar com algum desses termos, est\u00e1 proibido de usar ou acessar este site. Os materiais contidos neste site s\u00e3o [&hellip;]","og_url":"https:\/\/haduke.com\/cs\/termos-e-condicoes\/","og_site_name":"Haduke","twitter_card":"summary_large_image","twitter_misc":{"Odhadovan\u00e1 doba \u010dten\u00ed":"4 minuty"},"schema":{"@context":"https:\/\/schema.org","@graph":[{"@type":"WebPage","@id":"https:\/\/haduke.com\/termos-e-condicoes\/","url":"https:\/\/haduke.com\/termos-e-condicoes\/","name":"Termos e Condi\u00e7\u00f5es - Haduke","isPartOf":{"@id":"https:\/\/haduke.com\/#website"},"datePublished":"2023-09-12T13:22:21+00:00","breadcrumb":{"@id":"https:\/\/haduke.com\/termos-e-condicoes\/#breadcrumb"},"inLanguage":"cs","potentialAction":[{"@type":"ReadAction","target":["https:\/\/haduke.com\/termos-e-condicoes\/"]}]},{"@type":"BreadcrumbList","@id":"https:\/\/haduke.com\/termos-e-condicoes\/#breadcrumb","itemListElement":[{"@type":"ListItem","position":1,"name":"Home","item":"https:\/\/haduke.com\/"},{"@type":"ListItem","position":2,"name":"Termos e Condi\u00e7\u00f5es"}]},{"@type":"WebSite","@id":"https:\/\/haduke.com\/#website","url":"https:\/\/haduke.com\/","name":"Haduke","description":"","potentialAction":[{"@type":"SearchAction","target":{"@type":"EntryPoint","urlTemplate":"https:\/\/haduke.com\/?s={search_term_string}"},"query-input":{"@type":"PropertyValueSpecification","valueRequired":true,"valueName":"search_term_string"}}],"inLanguage":"cs"}]}},"_links":{"self":[{"href":"https:\/\/haduke.com\/cs\/wp-json\/wp\/v2\/pages\/183","targetHints":{"allow":["GET"]}}],"collection":[{"href":"https:\/\/haduke.com\/cs\/wp-json\/wp\/v2\/pages"}],"about":[{"href":"https:\/\/haduke.com\/cs\/wp-json\/wp\/v2\/types\/page"}],"author":[{"embeddable":true,"href":"https:\/\/haduke.com\/cs\/wp-json\/wp\/v2\/users\/9"}],"replies":[{"embeddable":true,"href":"https:\/\/haduke.com\/cs\/wp-json\/wp\/v2\/comments?post=183"}],"version-history":[{"count":0,"href":"https:\/\/haduke.com\/cs\/wp-json\/wp\/v2\/pages\/183\/revisions"}],"wp:attachment":[{"href":"https:\/\/haduke.com\/cs\/wp-json\/wp\/v2\/media?parent=183"}],"curies":[{"name":"wp","href":"https:\/\/api.w.org\/{rel}","templated":true}]}}