{"id":1069,"date":"2023-07-04T10:02:36","date_gmt":"2023-07-04T13:02:36","guid":{"rendered":"https:\/\/haduke.com\/?page_id=3"},"modified":"2023-07-04T10:02:36","modified_gmt":"2023-07-04T13:02:36","slug":"politica-de-privacidade","status":"publish","type":"page","link":"https:\/\/haduke.com\/hu\/politica-de-privacidade\/","title":{"rendered":"Adatv\u00e9delmi ir\u00e1nyelvek"},"content":{"rendered":"<h2><span style=\"color: rgb(68, 68, 68);\">Adatv\u00e9delmi ir\u00e1nyelvek<\/span><\/h2><p><span style=\"color: rgb(68, 68, 68);\">Az \u00d6n adatainak v\u00e9delme fontos sz\u00e1munkra. A Haduke szab\u00e1lyzata szerint tiszteletben tartjuk az \u00d6n adatainak v\u00e9delm\u00e9t minden olyan inform\u00e1ci\u00f3 tekintet\u00e9ben, amelyet \u00d6nr\u0151l a weboldalon gy\u0171jt\u00fcnk. <a href=\"https:\/\/haduke.com\/hu\/\">Haduke<\/a>, \u00e9s m\u00e1s, \u00e1ltalunk tulajdonolt \u00e9s \u00fczemeltetett weboldalak.<\/span><\/p><p><span style=\"color: rgb(68, 68, 68);\">Szem\u00e9lyes adatokat csak akkor k\u00e9r\u00fcnk, ha val\u00f3ban sz\u00fcks\u00e9g\u00fcnk van r\u00e1juk ahhoz, hogy szolg\u00e1ltat\u00e1st ny\u00fajthassunk \u00d6nnek. Tisztess\u00e9ges \u00e9s t\u00f6rv\u00e9nyes eszk\u00f6z\u00f6kkel gy\u0171jtj\u00fck azokat, az \u00d6n tudt\u00e1val \u00e9s hozz\u00e1j\u00e1rul\u00e1s\u00e1val. Azt is t\u00e1j\u00e9koztatjuk \u00d6nt, hogy mi\u00e9rt gy\u0171jtj\u00fck azokat, \u00e9s hogyan fogjuk azokat felhaszn\u00e1lni.<\/span><\/p><p><span style=\"color: rgb(68, 68, 68);\">A gy\u0171jt\u00f6tt inform\u00e1ci\u00f3kat csak addig \u0151rizz\u00fck meg, ameddig a k\u00e9rt szolg\u00e1ltat\u00e1s ny\u00fajt\u00e1s\u00e1hoz sz\u00fcks\u00e9ges. A t\u00e1rolt adatokat kereskedelmi szempontb\u00f3l elfogadhat\u00f3 m\u00f3don v\u00e9dj\u00fck az elveszt\u00e9ssel \u00e9s ellop\u00e1ssal, valamint a jogosulatlan hozz\u00e1f\u00e9r\u00e9ssel, nyilv\u00e1noss\u00e1gra hozatallal, m\u00e1sol\u00e1s, felhaszn\u00e1l\u00e1ssal vagy m\u00f3dos\u00edt\u00e1ssal szemben.<\/span><\/p><p><span style=\"color: rgb(68, 68, 68);\">Szem\u00e9lyazonos\u00edt\u00e1sra alkalmas adatokat nem osztunk meg nyilv\u00e1nosan vagy harmadik felekkel, kiv\u00e9ve, ha erre t\u00f6rv\u00e9ny k\u00f6telez.<\/span><\/p><p><span style=\"color: rgb(68, 68, 68);\">Weboldalunk tartalmazhat k\u00fcls\u0151 oldalakra mutat\u00f3 linkeket, amelyeket nem mi \u00fczemeltet\u00fcnk. Felh\u00edvjuk figyelm\u00e9t, hogy nincs befoly\u00e1sunk ezen oldalak tartalm\u00e1ra \u00e9s gyakorlat\u00e1ra, \u00e9s nem v\u00e1llalhatunk felel\u0151ss\u00e9get azok tartalm\u00e1\u00e9rt.&nbsp;<\/span><a href=\"https:\/\/politicaprivacidade.com\/\" rel=\"noopener noreferrer\" target=\"_blank\" style=\"background-color: transparent; color: rgb(68, 68, 68);\">adatv\u00e9delmi ir\u00e1nyelvek<\/a><span style=\"color: rgb(68, 68, 68);\">.<\/span><\/p><p><span style=\"color: rgb(68, 68, 68);\">\u00d6n szabadon megtagadhatja a szem\u00e9lyes adataira vonatkoz\u00f3 k\u00e9r\u00e9s\u00fcnket, azzal a tudattal, hogy el\u0151fordulhat, hogy nem tudunk majd bizonyos, \u00d6n \u00e1ltal k\u00edv\u00e1nt szolg\u00e1ltat\u00e1sokat ny\u00fajtani.<\/span><\/p><p><span style=\"color: rgb(68, 68, 68);\">Weboldalunk tov\u00e1bbi haszn\u00e1lat\u00e1val elfogadja adatv\u00e9delmi \u00e9s szem\u00e9lyesadat-kezel\u00e9si gyakorlatunkat. Ha b\u00e1rmilyen k\u00e9rd\u00e9se van a felhaszn\u00e1l\u00f3i adatok \u00e9s a szem\u00e9lyes inform\u00e1ci\u00f3k kezel\u00e9s\u00e9vel kapcsolatban, k\u00e9rj\u00fck, vegye fel vel\u00fcnk a kapcsolatot.<\/span><\/p><p><span style=\"color: rgb(68, 68, 68);\"><ul><li><span style=\"color: rgb(68, 68, 68);\">A hirdet\u00e9sek megjelen\u00edt\u00e9s\u00e9hez haszn\u00e1lt Google AdSense szolg\u00e1ltat\u00e1s DoubleClick s\u00fctit haszn\u00e1l, hogy relev\u00e1nsabb hirdet\u00e9seket jelen\u00edtsen meg az interneten, \u00e9s korl\u00e1tozza, hogy egy adott hirdet\u00e9s h\u00e1nyszor jelenjen meg \u00d6nnek.<\/span><\/li><li><span style=\"color: rgb(68, 68, 68);\">A Google AdSense-szel kapcsolatos tov\u00e1bbi inform\u00e1ci\u00f3k\u00e9rt l\u00e1sd a hivatalos Google AdSense adatv\u00e9delmi GYIK-et.<\/span><\/li><li><span style=\"color: rgb(68, 68, 68);\">Rekl\u00e1mokat haszn\u00e1lunk a weboldal m\u0171k\u00f6dtet\u00e9s\u00e9nek k\u00f6lts\u00e9geinek ellent\u00e9telez\u00e9s\u00e9re \u00e9s a j\u00f6v\u0151beli fejleszt\u00e9sek finansz\u00edroz\u00e1s\u00e1ra. A weboldal \u00e1ltal haszn\u00e1lt viselked\u00e9salap\u00fa hirdet\u00e9si s\u00fctik c\u00e9lja, hogy a lehet\u0151 legrelev\u00e1nsabb hirdet\u00e9seket jelen\u00edts\u00fck meg \u00d6nnek az\u00e1ltal, hogy n\u00e9vtelen\u00fcl k\u00f6veti nyomon \u00e9rdekl\u0151d\u00e9si k\u00f6r\u00e9t, \u00e9s hasonl\u00f3 tartalmat jelen\u00edt meg, amely \u00e9rdekelheti \u00d6nt.<\/span><\/li><li><span style=\"color: rgb(68, 68, 68);\">Sz\u00e1mos partner hirdet a nev\u00fcnkben, \u00e9s a partneri k\u00f6vet\u0151 s\u00fctik egyszer\u0171en lehet\u0151v\u00e9 teszik sz\u00e1munkra, hogy l\u00e1ssuk, \u00fcgyfeleink valamelyik partneroldalunkon kereszt\u00fcl \u00e9rkeztek-e az oldalra, \u00edgy megfelel\u0151en j\u00f3v\u00e1\u00edrhatjuk \u0151ket, \u00e9s adott esetben lehet\u0151v\u00e9 tegy\u00fck partnereink sz\u00e1m\u00e1ra, hogy b\u00e1rmilyen \u00f6szt\u00f6nz\u0151t biztos\u00edtsanak \u00d6nnek a v\u00e1s\u00e1rl\u00e1s\u00e9rt.<\/span><\/li><\/ul><p><br><\/p><\/span><\/p><h3><span style=\"color: rgb(68, 68, 68);\">Felhaszn\u00e1l\u00f3i k\u00f6telezetts\u00e9gv\u00e1llal\u00e1s<\/span><\/h3><p><span style=\"color: rgb(68, 68, 68);\">A felhaszn\u00e1l\u00f3 v\u00e1llalja, hogy a Haduke \u00e1ltal a weboldalon k\u00edn\u00e1lt tartalmakat \u00e9s inform\u00e1ci\u00f3kat megfelel\u0151en haszn\u00e1lja, \u00e9s t\u00f6bbek k\u00f6z\u00f6tt p\u00e9ld\u00e1ul:<\/span><\/p><ul><li><span style=\"color: rgb(68, 68, 68);\">A) Ne vegyen r\u00e9szt olyan tev\u00e9kenys\u00e9gekben, amelyek illeg\u00e1lisak vagy ellent\u00e9tesek a j\u00f3hiszem\u0171s\u00e9ggel \u00e9s a k\u00f6zrenddel;<\/span><\/li><li><span style=\"color: rgb(68, 68, 68);\">B) Ne terjesszen rasszista, idegengy\u0171l\u00f6l\u0151 jelleg\u0171, szerencsej\u00e1t\u00e9kkal kapcsolatos, b\u00e1rmilyen t\u00edpus\u00fa illeg\u00e1lis pornogr\u00e1fi\u00e1val kapcsolatos, terrorizmust t\u00e1mogat\u00f3 vagy az emberi jogokat s\u00e9rt\u0151 propagand\u00e1t vagy tartalmat;<\/span><\/li><li><span style=\"color: rgb(68, 68, 68);\">C) Nem okoz k\u00e1rt a Haduke, besz\u00e1ll\u00edt\u00f3i vagy harmadik felek fizikai (hardver) \u00e9s logikai (szoftver) rendszereiben, nem juttat be vagy terjeszt sz\u00e1m\u00edt\u00f3g\u00e9pes v\u00edrusokat, illetve b\u00e1rmilyen m\u00e1s hardver- vagy szoftverrendszert, amely k\u00e9pes a fent eml\u00edtett k\u00e1rok okoz\u00e1s\u00e1ra.<\/span><\/li><\/ul><h3><span style=\"color: rgb(68, 68, 68);\">Tov\u00e1bbi inform\u00e1ci\u00f3k<\/span><\/h3><p><span style=\"color: rgb(68, 68, 68);\">Rem\u00e9lhet\u0151leg ez tiszt\u00e1zta a dolgokat, \u00e9s ahogy kor\u00e1bban eml\u00edtett\u00fck, ha van valami, amiben nem biztos, hogy sz\u00fcks\u00e9ge van r\u00e1 vagy sem, \u00e1ltal\u00e1ban biztons\u00e1gosabb enged\u00e9lyezve hagyni a s\u00fctiket, arra az esetre, ha azok k\u00f6lcs\u00f6nhat\u00e1sba l\u00e9pn\u00e9nek a weboldalunkon haszn\u00e1lt funkci\u00f3k valamelyik\u00e9vel.<\/span><\/p><p><span style=\"color: rgb(68, 68, 68);\">Ez a szab\u00e1lyzat 2023. szeptember 12-\u00e9n 13:18-kor l\u00e9p hat\u00e1lyba.<\/span><\/p>","protected":false},"excerpt":{"rendered":"<p>Pol\u00edtica Privacidade A sua privacidade \u00e9 importante para n\u00f3s. \u00c9 pol\u00edtica do Haduke respeitar a sua privacidade em rela\u00e7\u00e3o a qualquer informa\u00e7\u00e3o sua que possamos coletar no site Haduke, e outros sites que possu\u00edmos e operamos. Solicitamos informa\u00e7\u00f5es pessoais apenas quando realmente precisamos delas para lhe fornecer um servi\u00e7o. Fazemo-lo por meios justos e legais, [&hellip;]<\/p>\n","protected":false},"author":9,"featured_media":0,"parent":0,"menu_order":0,"comment_status":"closed","ping_status":"open","template":"","meta":{"footnotes":""},"class_list":["post-1069","page","type-page","status-publish","hentry"],"yoast_head":"<!-- This site is optimized with the Yoast SEO plugin v27.3 - https:\/\/yoast.com\/product\/yoast-seo-wordpress\/ -->\n<title>Pol\u00edtica de Privacidade - Haduke<\/title>\n<meta name=\"robots\" content=\"index, follow, max-snippet:-1, max-image-preview:large, max-video-preview:-1\" \/>\n<link rel=\"canonical\" href=\"https:\/\/haduke.com\/hu\/politica-de-privacidade\/\" \/>\n<meta property=\"og:locale\" content=\"hu_HU\" \/>\n<meta property=\"og:type\" content=\"article\" \/>\n<meta property=\"og:title\" content=\"Pol\u00edtica de Privacidade - Haduke\" \/>\n<meta property=\"og:description\" content=\"Pol\u00edtica Privacidade A sua privacidade \u00e9 importante para n\u00f3s. \u00c9 pol\u00edtica do Haduke respeitar a sua privacidade em rela\u00e7\u00e3o a qualquer informa\u00e7\u00e3o sua que possamos coletar no site Haduke, e outros sites que possu\u00edmos e operamos. Solicitamos informa\u00e7\u00f5es pessoais apenas quando realmente precisamos delas para lhe fornecer um servi\u00e7o. Fazemo-lo por meios justos e legais, [&hellip;]\" \/>\n<meta property=\"og:url\" content=\"https:\/\/haduke.com\/hu\/politica-de-privacidade\/\" \/>\n<meta property=\"og:site_name\" content=\"Haduke\" \/>\n<meta name=\"twitter:card\" content=\"summary_large_image\" \/>\n<meta name=\"twitter:label1\" content=\"Becs\u00fclt olvas\u00e1si id\u0151\" \/>\n\t<meta name=\"twitter:data1\" content=\"4 perc\" \/>\n<script type=\"application\/ld+json\" class=\"yoast-schema-graph\">{\"@context\":\"https:\\\/\\\/schema.org\",\"@graph\":[{\"@type\":\"WebPage\",\"@id\":\"https:\\\/\\\/haduke.com\\\/politica-de-privacidade\\\/\",\"url\":\"https:\\\/\\\/haduke.com\\\/politica-de-privacidade\\\/\",\"name\":\"Pol\u00edtica de Privacidade - Haduke\",\"isPartOf\":{\"@id\":\"https:\\\/\\\/haduke.com\\\/#website\"},\"datePublished\":\"2023-07-04T13:02:36+00:00\",\"breadcrumb\":{\"@id\":\"https:\\\/\\\/haduke.com\\\/politica-de-privacidade\\\/#breadcrumb\"},\"inLanguage\":\"hu\",\"potentialAction\":[{\"@type\":\"ReadAction\",\"target\":[\"https:\\\/\\\/haduke.com\\\/politica-de-privacidade\\\/\"]}]},{\"@type\":\"BreadcrumbList\",\"@id\":\"https:\\\/\\\/haduke.com\\\/politica-de-privacidade\\\/#breadcrumb\",\"itemListElement\":[{\"@type\":\"ListItem\",\"position\":1,\"name\":\"Home\",\"item\":\"https:\\\/\\\/haduke.com\\\/\"},{\"@type\":\"ListItem\",\"position\":2,\"name\":\"Pol\u00edtica de Privacidade\"}]},{\"@type\":\"WebSite\",\"@id\":\"https:\\\/\\\/haduke.com\\\/#website\",\"url\":\"https:\\\/\\\/haduke.com\\\/\",\"name\":\"Haduke\",\"description\":\"\",\"potentialAction\":[{\"@type\":\"SearchAction\",\"target\":{\"@type\":\"EntryPoint\",\"urlTemplate\":\"https:\\\/\\\/haduke.com\\\/?s={search_term_string}\"},\"query-input\":{\"@type\":\"PropertyValueSpecification\",\"valueRequired\":true,\"valueName\":\"search_term_string\"}}],\"inLanguage\":\"hu\"}]}<\/script>\n<!-- \/ Yoast SEO plugin. -->","yoast_head_json":{"title":"Pol\u00edtica de Privacidade - Haduke","robots":{"index":"index","follow":"follow","max-snippet":"max-snippet:-1","max-image-preview":"max-image-preview:large","max-video-preview":"max-video-preview:-1"},"canonical":"https:\/\/haduke.com\/hu\/politica-de-privacidade\/","og_locale":"hu_HU","og_type":"article","og_title":"Pol\u00edtica de Privacidade - Haduke","og_description":"Pol\u00edtica Privacidade A sua privacidade \u00e9 importante para n\u00f3s. \u00c9 pol\u00edtica do Haduke respeitar a sua privacidade em rela\u00e7\u00e3o a qualquer informa\u00e7\u00e3o sua que possamos coletar no site Haduke, e outros sites que possu\u00edmos e operamos. Solicitamos informa\u00e7\u00f5es pessoais apenas quando realmente precisamos delas para lhe fornecer um servi\u00e7o. Fazemo-lo por meios justos e legais, [&hellip;]","og_url":"https:\/\/haduke.com\/hu\/politica-de-privacidade\/","og_site_name":"Haduke","twitter_card":"summary_large_image","twitter_misc":{"Becs\u00fclt olvas\u00e1si id\u0151":"4 perc"},"schema":{"@context":"https:\/\/schema.org","@graph":[{"@type":"WebPage","@id":"https:\/\/haduke.com\/politica-de-privacidade\/","url":"https:\/\/haduke.com\/politica-de-privacidade\/","name":"Pol\u00edtica de Privacidade - Haduke","isPartOf":{"@id":"https:\/\/haduke.com\/#website"},"datePublished":"2023-07-04T13:02:36+00:00","breadcrumb":{"@id":"https:\/\/haduke.com\/politica-de-privacidade\/#breadcrumb"},"inLanguage":"hu","potentialAction":[{"@type":"ReadAction","target":["https:\/\/haduke.com\/politica-de-privacidade\/"]}]},{"@type":"BreadcrumbList","@id":"https:\/\/haduke.com\/politica-de-privacidade\/#breadcrumb","itemListElement":[{"@type":"ListItem","position":1,"name":"Home","item":"https:\/\/haduke.com\/"},{"@type":"ListItem","position":2,"name":"Pol\u00edtica de Privacidade"}]},{"@type":"WebSite","@id":"https:\/\/haduke.com\/#website","url":"https:\/\/haduke.com\/","name":"Haduke","description":"","potentialAction":[{"@type":"SearchAction","target":{"@type":"EntryPoint","urlTemplate":"https:\/\/haduke.com\/?s={search_term_string}"},"query-input":{"@type":"PropertyValueSpecification","valueRequired":true,"valueName":"search_term_string"}}],"inLanguage":"hu"}]}},"_links":{"self":[{"href":"https:\/\/haduke.com\/hu\/wp-json\/wp\/v2\/pages\/1069","targetHints":{"allow":["GET"]}}],"collection":[{"href":"https:\/\/haduke.com\/hu\/wp-json\/wp\/v2\/pages"}],"about":[{"href":"https:\/\/haduke.com\/hu\/wp-json\/wp\/v2\/types\/page"}],"author":[{"embeddable":true,"href":"https:\/\/haduke.com\/hu\/wp-json\/wp\/v2\/users\/9"}],"replies":[{"embeddable":true,"href":"https:\/\/haduke.com\/hu\/wp-json\/wp\/v2\/comments?post=1069"}],"version-history":[{"count":0,"href":"https:\/\/haduke.com\/hu\/wp-json\/wp\/v2\/pages\/1069\/revisions"}],"wp:attachment":[{"href":"https:\/\/haduke.com\/hu\/wp-json\/wp\/v2\/media?parent=1069"}],"curies":[{"name":"munkaf\u00fczet","href":"https:\/\/api.w.org\/{rel}","templated":true}]}}