{"id":183,"date":"2023-09-12T10:22:21","date_gmt":"2023-09-12T13:22:21","guid":{"rendered":"https:\/\/haduke.com\/?page_id=183"},"modified":"2023-09-12T10:22:21","modified_gmt":"2023-09-12T13:22:21","slug":"termos-e-condicoes","status":"publish","type":"page","link":"https:\/\/haduke.com\/hu\/termos-e-condicoes\/","title":{"rendered":"Felhaszn\u00e1l\u00e1si felt\u00e9telek"},"content":{"rendered":"<h2><span style=\"color: rgb(68, 68, 68);\">1. Felt\u00e9telek<\/span><\/h2><p><span style=\"color: rgb(68, 68, 68);\">A weboldal el\u00e9r\u00e9sekor <a href=\"https:\/\/haduke.com\/hu\/\">Haduke<\/a>, beleegyezik, hogy betartja ezeket a szolg\u00e1ltat\u00e1si felt\u00e9teleket, az \u00f6sszes vonatkoz\u00f3 t\u00f6rv\u00e9nyt \u00e9s szab\u00e1lyoz\u00e1st, \u00e9s elfogadja, hogy felel\u0151s az \u00f6sszes vonatkoz\u00f3 helyi t\u00f6rv\u00e9ny betart\u00e1s\u00e1\u00e9rt. Ha nem \u00e9rt egyet a felt\u00e9telek b\u00e1rmelyik\u00e9vel, tilos a webhely haszn\u00e1lata vagy el\u00e9r\u00e9se. A webhelyen tal\u00e1lhat\u00f3 anyagokat a vonatkoz\u00f3 szerz\u0151i jogi \u00e9s v\u00e9djegyt\u00f6rv\u00e9nyek v\u00e9dik.<\/span><\/p><h2><span style=\"color: rgb(68, 68, 68);\">2. Licenchaszn\u00e1lat<\/span><\/h2><p><span style=\"color: rgb(68, 68, 68);\">Enged\u00e9lyezett a Haduke weboldal\u00e1n tal\u00e1lhat\u00f3 anyagok (inform\u00e1ci\u00f3k vagy szoftverek) egyetlen p\u00e9ld\u00e1ny\u00e1nak ideiglenes let\u00f6lt\u00e9se, kiz\u00e1r\u00f3lag szem\u00e9lyes, nem kereskedelmi c\u00e9l\u00fa, \u00e1tmeneti megtekint\u00e9sre. Ez egy licenc megad\u00e1sa, nem pedig a tulajdonjog \u00e1truh\u00e1z\u00e1sa, \u00e9s ezen licenc \u00e9rtelm\u00e9ben \u00d6n nem jogosult:&nbsp;<\/span><\/p><ol><li><span style=\"color: rgb(68, 68, 68);\">m\u00f3dos\u00edtani vagy m\u00e1solni az anyagokat;&nbsp;<\/span><\/li><li><span style=\"color: rgb(68, 68, 68);\">az anyagokat b\u00e1rmilyen kereskedelmi c\u00e9lra felhaszn\u00e1lni, vagy b\u00e1rmilyen nyilv\u00e1nos (kereskedelmi vagy nem kereskedelmi) bemutat\u00e1sra;&nbsp;<\/span><\/li><li><span style=\"color: rgb(68, 68, 68);\">a Haduke weboldal\u00e1n tal\u00e1lhat\u00f3 szoftverek visszaford\u00edt\u00e1s\u00e1nak vagy visszafejt\u00e9s\u00e9nek k\u00eds\u00e9rlete;&nbsp;<\/span><\/li><li><span style=\"color: rgb(68, 68, 68);\">t\u00e1vol\u00edtson el minden szerz\u0151i jogi vagy egy\u00e9b tulajdonjogi jel\u00f6l\u00e9st az anyagokb\u00f3l; vagy&nbsp;<\/span><\/li><li><span style=\"color: rgb(68, 68, 68);\">az anyagok \u00e1tad\u00e1sa egy m\u00e1sik szem\u00e9lynek, vagy az anyagok \u201et\u00fckr\u00f6z\u00e9se\u201d b\u00e1rmely m\u00e1s szerveren.<\/span><\/li><\/ol><p><span style=\"color: rgb(68, 68, 68);\">Ez a licenc automatikusan megsz\u0171nik, ha megs\u00e9rti ezen korl\u00e1toz\u00e1sok b\u00e1rmelyik\u00e9t, \u00e9s a Haduke b\u00e1rmikor felmondhatja. Az anyagok megtekint\u00e9s\u00e9nek befejez\u00e9sekor, vagy a licenc megsz\u0171n\u00e9sekor t\u00f6r\u00f6lnie kell az \u00d6n birtok\u00e1ban l\u00e9v\u0151 \u00f6sszes let\u00f6lt\u00f6tt anyagot, f\u00fcggetlen\u00fcl att\u00f3l, hogy azok elektronikus vagy nyomtatott form\u00e1tumban vannak-e.<\/span><\/p><h2><span style=\"color: rgb(68, 68, 68);\">3. Jogi nyilatkozat<\/span><\/h2><ol><li><span style=\"color: rgb(68, 68, 68);\">A Haduke weboldal\u00e1n tal\u00e1lhat\u00f3 anyagokat \u201eahogy vannak\u201d alapon biztos\u00edtjuk. A Haduke semmilyen kifejezett vagy hallgat\u00f3lagos garanci\u00e1t nem v\u00e1llal, \u00e9s ezennel elutas\u00edt \u00e9s tagad minden egy\u00e9b garanci\u00e1t, bele\u00e9rtve korl\u00e1toz\u00e1s n\u00e9lk\u00fcl a hallgat\u00f3lagos garanci\u00e1kat vagy az eladhat\u00f3s\u00e1gra, egy adott c\u00e9lra val\u00f3 alkalmass\u00e1gra, a szellemi tulajdonjogok megs\u00e9rt\u00e9s\u00e9nek hi\u00e1ny\u00e1ra vagy egy\u00e9b jogs\u00e9rt\u00e9sekre vonatkoz\u00f3 felt\u00e9teleket.<\/span><\/li><li><span style=\"color: rgb(68, 68, 68);\">Tov\u00e1bb\u00e1 a Haduke nem szavatolja \u00e9s nem tesz semmilyen nyilatkozatot a weboldal\u00e1n tal\u00e1lhat\u00f3 anyagok pontoss\u00e1g\u00e1\u00e9rt, val\u00f3sz\u00edn\u0171s\u00edthet\u0151 eredm\u00e9nyei\u00e9rt vagy megb\u00edzhat\u00f3s\u00e1g\u00e1\u00e9rt, illetve az ilyen anyagokkal vagy a jelen webhelyhez kapcsol\u00f3d\u00f3 webhelyeken tal\u00e1lhat\u00f3 anyagok felhaszn\u00e1l\u00e1s\u00e1val kapcsolatban.<\/span><\/li><\/ol><h2><span style=\"color: rgb(68, 68, 68);\">4. Korl\u00e1toz\u00e1sok<\/span><\/h2><p><span style=\"color: rgb(68, 68, 68);\">A Haduke vagy besz\u00e1ll\u00edt\u00f3i semmilyen esetben sem felel\u0151sek semmilyen k\u00e1r\u00e9rt (bele\u00e9rtve korl\u00e1toz\u00e1s n\u00e9lk\u00fcl az adatveszt\u00e9sb\u0151l vagy a nyeres\u00e9gkies\u00e9sb\u0151l, illetve az \u00fczleti tev\u00e9kenys\u00e9g megszakad\u00e1s\u00e1b\u00f3l ered\u0151 k\u00e1rokat), amely a Haduke-on tal\u00e1lhat\u00f3 anyagok haszn\u00e1lat\u00e1b\u00f3l vagy haszn\u00e1lat\u00e1nak lehetetlens\u00e9g\u00e9b\u0151l ered, m\u00e9g akkor sem, ha a Haduke-t vagy a Haduke meghatalmazott k\u00e9pvisel\u0151j\u00e9t sz\u00f3ban vagy \u00edr\u00e1sban \u00e9rtes\u00edtett\u00e9k az ilyen k\u00e1rok lehet\u0151s\u00e9g\u00e9r\u0151l. Mivel egyes joghat\u00f3s\u00e1gok nem enged\u00e9lyezik a hallgat\u00f3lagos garanci\u00e1k korl\u00e1toz\u00e1s\u00e1t, illetve a k\u00f6vetkezm\u00e9nyes vagy v\u00e9letlenszer\u0171 k\u00e1rok\u00e9rt val\u00f3 felel\u0151ss\u00e9g korl\u00e1toz\u00e1s\u00e1t, ezek a korl\u00e1toz\u00e1sok esetleg nem vonatkoznak \u00d6nre.<\/span><\/p><h2><span style=\"color: rgb(68, 68, 68);\">5. Az anyagok pontoss\u00e1ga<\/span><\/h2><p><span style=\"color: rgb(68, 68, 68);\">A Haduke weboldal\u00e1n megjelen\u00edtett anyagok tartalmazhatnak technikai, tipogr\u00e1fiai vagy f\u00e9nyk\u00e9p\u00e9szeti hib\u00e1kat. A Haduke nem garant\u00e1lja, hogy a weboldal\u00e1n tal\u00e1lhat\u00f3 anyagok pontosak, teljesek vagy aktu\u00e1lisak. A Haduke b\u00e1rmikor, el\u0151zetes \u00e9rtes\u00edt\u00e9s n\u00e9lk\u00fcl m\u00f3dos\u00edthatja a weboldal\u00e1n tal\u00e1lhat\u00f3 anyagokat. A Haduke azonban nem v\u00e1llalja az anyagok friss\u00edt\u00e9s\u00e9t.<\/span><\/p><h2><span style=\"color: rgb(68, 68, 68);\">6. Linkek<\/span><\/h2><p><span style=\"color: rgb(68, 68, 68);\">A Haduke nem ellen\u0151rizte az \u00f6sszes, a weboldal\u00e1hoz kapcsol\u00f3d\u00f3 oldalt, \u00e9s nem v\u00e1llal felel\u0151ss\u00e9get a kapcsol\u00f3d\u00f3 oldalak tartalm\u00e1\u00e9rt. B\u00e1rmely hivatkoz\u00e1s felt\u00fcntet\u00e9se nem jelenti a Haduke \u00e1ltali t\u00e1mogat\u00e1st az adott oldalhoz. A kapcsol\u00f3d\u00f3 oldalak haszn\u00e1lata a felhaszn\u00e1l\u00f3 saj\u00e1t felel\u0151ss\u00e9g\u00e9re t\u00f6rt\u00e9nik.<\/span><\/p><p><br><\/p><h3><span style=\"color: rgb(68, 68, 68);\">m\u00f3dos\u00edt\u00e1sok<\/span><\/h3><p><span style=\"color: rgb(68, 68, 68);\">A Haduke b\u00e1rmikor, el\u0151zetes \u00e9rtes\u00edt\u00e9s n\u00e9lk\u00fcl m\u00f3dos\u00edthatja weboldal\u00e1nak jelen felhaszn\u00e1l\u00e1si felt\u00e9teleit. A weboldal haszn\u00e1lat\u00e1val \u00d6n elfogadja a jelen felhaszn\u00e1l\u00e1si felt\u00e9telek aktu\u00e1lis verzi\u00f3j\u00e1t.<\/span><\/p><h3><span style=\"color: rgb(68, 68, 68);\">Alkalmazand\u00f3 jog<\/span><\/h3><p><span style=\"color: rgb(68, 68, 68);\">Ezeket a felt\u00e9teleket a Haduke t\u00f6rv\u00e9nyei szab\u00e1lyozz\u00e1k \u00e9s \u00e9rtelmezik, \u00e9s \u00d6n visszavonhatatlanul al\u00e1veti mag\u00e1t az adott \u00e1llam vagy helysz\u00edn b\u00edr\u00f3s\u00e1gainak kiz\u00e1r\u00f3lagos joghat\u00f3s\u00e1g\u00e1nak.<\/span><\/p>","protected":false},"excerpt":{"rendered":"<p>1. Termos Ao acessar ao site Haduke, concorda em cumprir estes termos de servi\u00e7o, todas as leis e regulamentos aplic\u00e1veis \u200b\u200be concorda que \u00e9 respons\u00e1vel pelo cumprimento de todas as leis locais aplic\u00e1veis. Se voc\u00ea n\u00e3o concordar com algum desses termos, est\u00e1 proibido de usar ou acessar este site. Os materiais contidos neste site s\u00e3o [&hellip;]<\/p>\n","protected":false},"author":9,"featured_media":0,"parent":0,"menu_order":0,"comment_status":"closed","ping_status":"closed","template":"","meta":{"footnotes":""},"class_list":["post-183","page","type-page","status-publish","hentry"],"yoast_head":"<!-- This site is optimized with the Yoast SEO plugin v27.3 - https:\/\/yoast.com\/product\/yoast-seo-wordpress\/ -->\n<title>Termos e Condi\u00e7\u00f5es - Haduke<\/title>\n<meta name=\"robots\" content=\"index, follow, max-snippet:-1, max-image-preview:large, max-video-preview:-1\" \/>\n<link rel=\"canonical\" href=\"https:\/\/haduke.com\/hu\/termos-e-condicoes\/\" \/>\n<meta property=\"og:locale\" content=\"hu_HU\" \/>\n<meta property=\"og:type\" content=\"article\" \/>\n<meta property=\"og:title\" content=\"Termos e Condi\u00e7\u00f5es - Haduke\" \/>\n<meta property=\"og:description\" content=\"1. Termos Ao acessar ao site Haduke, concorda em cumprir estes termos de servi\u00e7o, todas as leis e regulamentos aplic\u00e1veis \u200b\u200be concorda que \u00e9 respons\u00e1vel pelo cumprimento de todas as leis locais aplic\u00e1veis. Se voc\u00ea n\u00e3o concordar com algum desses termos, est\u00e1 proibido de usar ou acessar este site. Os materiais contidos neste site s\u00e3o [&hellip;]\" \/>\n<meta property=\"og:url\" content=\"https:\/\/haduke.com\/hu\/termos-e-condicoes\/\" \/>\n<meta property=\"og:site_name\" content=\"Haduke\" \/>\n<meta name=\"twitter:card\" content=\"summary_large_image\" \/>\n<meta name=\"twitter:label1\" content=\"Becs\u00fclt olvas\u00e1si id\u0151\" \/>\n\t<meta name=\"twitter:data1\" content=\"4 perc\" \/>\n<script type=\"application\/ld+json\" class=\"yoast-schema-graph\">{\"@context\":\"https:\\\/\\\/schema.org\",\"@graph\":[{\"@type\":\"WebPage\",\"@id\":\"https:\\\/\\\/haduke.com\\\/termos-e-condicoes\\\/\",\"url\":\"https:\\\/\\\/haduke.com\\\/termos-e-condicoes\\\/\",\"name\":\"Termos e Condi\u00e7\u00f5es - Haduke\",\"isPartOf\":{\"@id\":\"https:\\\/\\\/haduke.com\\\/#website\"},\"datePublished\":\"2023-09-12T13:22:21+00:00\",\"breadcrumb\":{\"@id\":\"https:\\\/\\\/haduke.com\\\/termos-e-condicoes\\\/#breadcrumb\"},\"inLanguage\":\"hu\",\"potentialAction\":[{\"@type\":\"ReadAction\",\"target\":[\"https:\\\/\\\/haduke.com\\\/termos-e-condicoes\\\/\"]}]},{\"@type\":\"BreadcrumbList\",\"@id\":\"https:\\\/\\\/haduke.com\\\/termos-e-condicoes\\\/#breadcrumb\",\"itemListElement\":[{\"@type\":\"ListItem\",\"position\":1,\"name\":\"Home\",\"item\":\"https:\\\/\\\/haduke.com\\\/\"},{\"@type\":\"ListItem\",\"position\":2,\"name\":\"Termos e Condi\u00e7\u00f5es\"}]},{\"@type\":\"WebSite\",\"@id\":\"https:\\\/\\\/haduke.com\\\/#website\",\"url\":\"https:\\\/\\\/haduke.com\\\/\",\"name\":\"Haduke\",\"description\":\"\",\"potentialAction\":[{\"@type\":\"SearchAction\",\"target\":{\"@type\":\"EntryPoint\",\"urlTemplate\":\"https:\\\/\\\/haduke.com\\\/?s={search_term_string}\"},\"query-input\":{\"@type\":\"PropertyValueSpecification\",\"valueRequired\":true,\"valueName\":\"search_term_string\"}}],\"inLanguage\":\"hu\"}]}<\/script>\n<!-- \/ Yoast SEO plugin. -->","yoast_head_json":{"title":"Termos e Condi\u00e7\u00f5es - Haduke","robots":{"index":"index","follow":"follow","max-snippet":"max-snippet:-1","max-image-preview":"max-image-preview:large","max-video-preview":"max-video-preview:-1"},"canonical":"https:\/\/haduke.com\/hu\/termos-e-condicoes\/","og_locale":"hu_HU","og_type":"article","og_title":"Termos e Condi\u00e7\u00f5es - Haduke","og_description":"1. Termos Ao acessar ao site Haduke, concorda em cumprir estes termos de servi\u00e7o, todas as leis e regulamentos aplic\u00e1veis \u200b\u200be concorda que \u00e9 respons\u00e1vel pelo cumprimento de todas as leis locais aplic\u00e1veis. Se voc\u00ea n\u00e3o concordar com algum desses termos, est\u00e1 proibido de usar ou acessar este site. Os materiais contidos neste site s\u00e3o [&hellip;]","og_url":"https:\/\/haduke.com\/hu\/termos-e-condicoes\/","og_site_name":"Haduke","twitter_card":"summary_large_image","twitter_misc":{"Becs\u00fclt olvas\u00e1si id\u0151":"4 perc"},"schema":{"@context":"https:\/\/schema.org","@graph":[{"@type":"WebPage","@id":"https:\/\/haduke.com\/termos-e-condicoes\/","url":"https:\/\/haduke.com\/termos-e-condicoes\/","name":"Termos e Condi\u00e7\u00f5es - Haduke","isPartOf":{"@id":"https:\/\/haduke.com\/#website"},"datePublished":"2023-09-12T13:22:21+00:00","breadcrumb":{"@id":"https:\/\/haduke.com\/termos-e-condicoes\/#breadcrumb"},"inLanguage":"hu","potentialAction":[{"@type":"ReadAction","target":["https:\/\/haduke.com\/termos-e-condicoes\/"]}]},{"@type":"BreadcrumbList","@id":"https:\/\/haduke.com\/termos-e-condicoes\/#breadcrumb","itemListElement":[{"@type":"ListItem","position":1,"name":"Home","item":"https:\/\/haduke.com\/"},{"@type":"ListItem","position":2,"name":"Termos e Condi\u00e7\u00f5es"}]},{"@type":"WebSite","@id":"https:\/\/haduke.com\/#website","url":"https:\/\/haduke.com\/","name":"Haduke","description":"","potentialAction":[{"@type":"SearchAction","target":{"@type":"EntryPoint","urlTemplate":"https:\/\/haduke.com\/?s={search_term_string}"},"query-input":{"@type":"PropertyValueSpecification","valueRequired":true,"valueName":"search_term_string"}}],"inLanguage":"hu"}]}},"_links":{"self":[{"href":"https:\/\/haduke.com\/hu\/wp-json\/wp\/v2\/pages\/183","targetHints":{"allow":["GET"]}}],"collection":[{"href":"https:\/\/haduke.com\/hu\/wp-json\/wp\/v2\/pages"}],"about":[{"href":"https:\/\/haduke.com\/hu\/wp-json\/wp\/v2\/types\/page"}],"author":[{"embeddable":true,"href":"https:\/\/haduke.com\/hu\/wp-json\/wp\/v2\/users\/9"}],"replies":[{"embeddable":true,"href":"https:\/\/haduke.com\/hu\/wp-json\/wp\/v2\/comments?post=183"}],"version-history":[{"count":0,"href":"https:\/\/haduke.com\/hu\/wp-json\/wp\/v2\/pages\/183\/revisions"}],"wp:attachment":[{"href":"https:\/\/haduke.com\/hu\/wp-json\/wp\/v2\/media?parent=183"}],"curies":[{"name":"munkaf\u00fczet","href":"https:\/\/api.w.org\/{rel}","templated":true}]}}