{"id":183,"date":"2023-09-12T10:22:21","date_gmt":"2023-09-12T13:22:21","guid":{"rendered":"https:\/\/haduke.com\/?page_id=183"},"modified":"2023-09-12T10:22:21","modified_gmt":"2023-09-12T13:22:21","slug":"termos-e-condicoes","status":"publish","type":"page","link":"https:\/\/haduke.com\/id\/termos-e-condicoes\/","title":{"rendered":"syarat dan Ketentuan"},"content":{"rendered":"<h2><span style=\"color: rgb(68, 68, 68);\">1. Istilah<\/span><\/h2><p><span style=\"color: rgb(68, 68, 68);\">Saat mengakses situs web <a href=\"https:\/\/haduke.com\/id\/\">Haduke<\/a>, Dengan menggunakan situs ini, Anda setuju untuk terikat oleh ketentuan layanan ini, semua hukum dan peraturan yang berlaku, dan setuju bahwa Anda bertanggung jawab untuk mematuhi semua hukum lokal yang berlaku. Jika Anda tidak menyetujui salah satu ketentuan ini, Anda dilarang menggunakan atau mengakses situs ini. Materi yang terdapat di situs web ini dilindungi oleh hukum hak cipta dan merek dagang yang berlaku.<\/span><\/p><h2><span style=\"color: rgb(68, 68, 68);\">2. Penggunaan Lisensi<\/span><\/h2><p><span style=\"color: rgb(68, 68, 68);\">Izin diberikan untuk sementara mengunduh satu salinan materi (informasi atau perangkat lunak) di situs web Haduke hanya untuk keperluan pribadi, non-komersial, dan sementara. Ini adalah pemberian lisensi, bukan pengalihan hak milik, dan berdasarkan lisensi ini Anda tidak boleh:&nbsp;<\/span><\/p><ol><li><span style=\"color: rgb(68, 68, 68);\">mengubah atau menyalin materi tersebut;&nbsp;<\/span><\/li><li><span style=\"color: rgb(68, 68, 68);\">Dilarang menggunakan materi tersebut untuk tujuan komersial apa pun atau untuk tampilan publik (komersial atau non-komersial);&nbsp;<\/span><\/li><li><span style=\"color: rgb(68, 68, 68);\">Berupaya mendekompilasi atau melakukan rekayasa balik perangkat lunak apa pun yang terdapat di situs web Haduke;&nbsp;<\/span><\/li><li><span style=\"color: rgb(68, 68, 68);\">menghapus semua catatan hak cipta atau kepemilikan lainnya dari materi tersebut; atau&nbsp;<\/span><\/li><li><span style=\"color: rgb(68, 68, 68);\">Transfer materi tersebut ke orang lain atau &#039;salin&#039; materi tersebut ke server lain.<\/span><\/li><\/ol><p><span style=\"color: rgb(68, 68, 68);\">Lisensi ini akan berakhir secara otomatis jika Anda melanggar salah satu batasan ini dan dapat diakhiri oleh Haduke kapan saja. Setelah mengakhiri penayangan materi ini atau setelah berakhirnya lisensi ini, Anda harus menghancurkan semua materi yang telah diunduh yang Anda miliki, baik dalam format elektronik maupun cetak.<\/span><\/p><h2><span style=\"color: rgb(68, 68, 68);\">3. Penafian<\/span><\/h2><ol><li><span style=\"color: rgb(68, 68, 68);\">Materi di situs web Haduke disediakan &#039;sebagaimana adanya&#039;. Haduke tidak memberikan jaminan, baik tersurat maupun tersirat, dan dengan ini menolak dan membatalkan semua jaminan lainnya, termasuk, tanpa batasan, jaminan atau ketentuan tersirat tentang kelayakan jual, kesesuaian untuk tujuan tertentu, atau tidak adanya pelanggaran hak kekayaan intelektual atau pelanggaran hak lainnya.<\/span><\/li><li><span style=\"color: rgb(68, 68, 68);\">Selanjutnya, Haduke tidak menjamin atau membuat pernyataan apa pun mengenai keakuratan, kemungkinan hasil, atau keandalan penggunaan materi di situs webnya atau yang berkaitan dengan materi tersebut atau di situs mana pun yang terhubung ke situs ini.<\/span><\/li><\/ol><h2><span style=\"color: rgb(68, 68, 68);\">4. Keterbatasan<\/span><\/h2><p><span style=\"color: rgb(68, 68, 68);\">Dalam keadaan apa pun Haduke atau pemasoknya tidak bertanggung jawab atas kerugian apa pun (termasuk, tanpa batasan, kerugian atas kehilangan data atau keuntungan, atau karena gangguan bisnis) yang timbul dari penggunaan atau ketidakmampuan untuk menggunakan materi di situs web Haduke, bahkan jika Haduke atau perwakilan resmi Haduke telah diberitahu secara lisan atau tertulis tentang kemungkinan kerugian tersebut. Karena beberapa yurisdiksi tidak mengizinkan pembatasan garansi tersirat, atau pembatasan tanggung jawab atas kerugian konsekuensial atau insidental, pembatasan ini mungkin tidak berlaku untuk Anda.<\/span><\/p><h2><span style=\"color: rgb(68, 68, 68);\">5. Ketelitian material<\/span><\/h2><p><span style=\"color: rgb(68, 68, 68);\">Materi yang ditampilkan di situs web Haduke mungkin mengandung kesalahan teknis, tipografi, atau fotografi. Haduke tidak menjamin bahwa materi apa pun di situs webnya akurat, lengkap, atau terkini. Haduke dapat melakukan perubahan pada materi yang terdapat di situs webnya kapan saja tanpa pemberitahuan. Namun, Haduke tidak berkomitmen untuk memperbarui materi tersebut.<\/span><\/p><h2><span style=\"color: rgb(68, 68, 68);\">6. Tautan<\/span><\/h2><p><span style=\"color: rgb(68, 68, 68);\">Haduke belum meninjau semua situs yang terhubung ke situs webnya dan tidak bertanggung jawab atas konten situs yang terhubung tersebut. Penyertaan tautan apa pun tidak menyiratkan dukungan dari Haduke terhadap situs tersebut. Penggunaan situs web yang terhubung sepenuhnya merupakan risiko pengguna sendiri.<\/span><\/p><p><br><\/p><h3><span style=\"color: rgb(68, 68, 68);\">Modifikasi<\/span><\/h3><p><span style=\"color: rgb(68, 68, 68);\">Haduke dapat merevisi ketentuan layanan situs web ini kapan saja tanpa pemberitahuan. Dengan menggunakan situs web ini, Anda setuju untuk terikat oleh versi ketentuan layanan yang berlaku saat ini.<\/span><\/p><h3><span style=\"color: rgb(68, 68, 68);\">Hukum yang berlaku<\/span><\/h3><p><span style=\"color: rgb(68, 68, 68);\">Syarat dan ketentuan ini diatur oleh dan ditafsirkan sesuai dengan hukum Haduke, dan Anda secara mutlak tunduk pada yurisdiksi eksklusif pengadilan di negara bagian atau wilayah tersebut.<\/span><\/p>","protected":false},"excerpt":{"rendered":"<p>1. Termos Ao acessar ao site Haduke, concorda em cumprir estes termos de servi\u00e7o, todas as leis e regulamentos aplic\u00e1veis \u200b\u200be concorda que \u00e9 respons\u00e1vel pelo cumprimento de todas as leis locais aplic\u00e1veis. Se voc\u00ea n\u00e3o concordar com algum desses termos, est\u00e1 proibido de usar ou acessar este site. Os materiais contidos neste site s\u00e3o [&hellip;]<\/p>\n","protected":false},"author":9,"featured_media":0,"parent":0,"menu_order":0,"comment_status":"closed","ping_status":"closed","template":"","meta":{"footnotes":""},"class_list":["post-183","page","type-page","status-publish","hentry"],"yoast_head":"<!-- This site is optimized with the Yoast SEO plugin v27.4 - https:\/\/yoast.com\/product\/yoast-seo-wordpress\/ -->\n<title>Termos e Condi\u00e7\u00f5es - Haduke<\/title>\n<meta name=\"robots\" content=\"index, follow, max-snippet:-1, max-image-preview:large, max-video-preview:-1\" \/>\n<link rel=\"canonical\" href=\"https:\/\/haduke.com\/id\/termos-e-condicoes\/\" \/>\n<meta property=\"og:locale\" content=\"id_ID\" \/>\n<meta property=\"og:type\" content=\"article\" \/>\n<meta property=\"og:title\" content=\"Termos e Condi\u00e7\u00f5es - Haduke\" \/>\n<meta property=\"og:description\" content=\"1. Termos Ao acessar ao site Haduke, concorda em cumprir estes termos de servi\u00e7o, todas as leis e regulamentos aplic\u00e1veis \u200b\u200be concorda que \u00e9 respons\u00e1vel pelo cumprimento de todas as leis locais aplic\u00e1veis. Se voc\u00ea n\u00e3o concordar com algum desses termos, est\u00e1 proibido de usar ou acessar este site. Os materiais contidos neste site s\u00e3o [&hellip;]\" \/>\n<meta property=\"og:url\" content=\"https:\/\/haduke.com\/id\/termos-e-condicoes\/\" \/>\n<meta property=\"og:site_name\" content=\"Haduke\" \/>\n<meta name=\"twitter:card\" content=\"summary_large_image\" \/>\n<meta name=\"twitter:label1\" content=\"Estimasi waktu membaca\" \/>\n\t<meta name=\"twitter:data1\" content=\"4 menit\" \/>\n<script type=\"application\/ld+json\" class=\"yoast-schema-graph\">{\"@context\":\"https:\\\/\\\/schema.org\",\"@graph\":[{\"@type\":\"WebPage\",\"@id\":\"https:\\\/\\\/haduke.com\\\/termos-e-condicoes\\\/\",\"url\":\"https:\\\/\\\/haduke.com\\\/termos-e-condicoes\\\/\",\"name\":\"Termos e Condi\u00e7\u00f5es - Haduke\",\"isPartOf\":{\"@id\":\"https:\\\/\\\/haduke.com\\\/#website\"},\"datePublished\":\"2023-09-12T13:22:21+00:00\",\"breadcrumb\":{\"@id\":\"https:\\\/\\\/haduke.com\\\/termos-e-condicoes\\\/#breadcrumb\"},\"inLanguage\":\"id\",\"potentialAction\":[{\"@type\":\"ReadAction\",\"target\":[\"https:\\\/\\\/haduke.com\\\/termos-e-condicoes\\\/\"]}]},{\"@type\":\"BreadcrumbList\",\"@id\":\"https:\\\/\\\/haduke.com\\\/termos-e-condicoes\\\/#breadcrumb\",\"itemListElement\":[{\"@type\":\"ListItem\",\"position\":1,\"name\":\"Home\",\"item\":\"https:\\\/\\\/haduke.com\\\/\"},{\"@type\":\"ListItem\",\"position\":2,\"name\":\"Termos e Condi\u00e7\u00f5es\"}]},{\"@type\":\"WebSite\",\"@id\":\"https:\\\/\\\/haduke.com\\\/#website\",\"url\":\"https:\\\/\\\/haduke.com\\\/\",\"name\":\"Haduke\",\"description\":\"\",\"potentialAction\":[{\"@type\":\"SearchAction\",\"target\":{\"@type\":\"EntryPoint\",\"urlTemplate\":\"https:\\\/\\\/haduke.com\\\/?s={search_term_string}\"},\"query-input\":{\"@type\":\"PropertyValueSpecification\",\"valueRequired\":true,\"valueName\":\"search_term_string\"}}],\"inLanguage\":\"id\"}]}<\/script>\n<!-- \/ Yoast SEO plugin. -->","yoast_head_json":{"title":"Termos e Condi\u00e7\u00f5es - Haduke","robots":{"index":"index","follow":"follow","max-snippet":"max-snippet:-1","max-image-preview":"max-image-preview:large","max-video-preview":"max-video-preview:-1"},"canonical":"https:\/\/haduke.com\/id\/termos-e-condicoes\/","og_locale":"id_ID","og_type":"article","og_title":"Termos e Condi\u00e7\u00f5es - Haduke","og_description":"1. Termos Ao acessar ao site Haduke, concorda em cumprir estes termos de servi\u00e7o, todas as leis e regulamentos aplic\u00e1veis \u200b\u200be concorda que \u00e9 respons\u00e1vel pelo cumprimento de todas as leis locais aplic\u00e1veis. Se voc\u00ea n\u00e3o concordar com algum desses termos, est\u00e1 proibido de usar ou acessar este site. Os materiais contidos neste site s\u00e3o [&hellip;]","og_url":"https:\/\/haduke.com\/id\/termos-e-condicoes\/","og_site_name":"Haduke","twitter_card":"summary_large_image","twitter_misc":{"Estimasi waktu membaca":"4 menit"},"schema":{"@context":"https:\/\/schema.org","@graph":[{"@type":"WebPage","@id":"https:\/\/haduke.com\/termos-e-condicoes\/","url":"https:\/\/haduke.com\/termos-e-condicoes\/","name":"Termos e Condi\u00e7\u00f5es - Haduke","isPartOf":{"@id":"https:\/\/haduke.com\/#website"},"datePublished":"2023-09-12T13:22:21+00:00","breadcrumb":{"@id":"https:\/\/haduke.com\/termos-e-condicoes\/#breadcrumb"},"inLanguage":"id","potentialAction":[{"@type":"ReadAction","target":["https:\/\/haduke.com\/termos-e-condicoes\/"]}]},{"@type":"BreadcrumbList","@id":"https:\/\/haduke.com\/termos-e-condicoes\/#breadcrumb","itemListElement":[{"@type":"ListItem","position":1,"name":"Home","item":"https:\/\/haduke.com\/"},{"@type":"ListItem","position":2,"name":"Termos e Condi\u00e7\u00f5es"}]},{"@type":"WebSite","@id":"https:\/\/haduke.com\/#website","url":"https:\/\/haduke.com\/","name":"Haduke","description":"","potentialAction":[{"@type":"SearchAction","target":{"@type":"EntryPoint","urlTemplate":"https:\/\/haduke.com\/?s={search_term_string}"},"query-input":{"@type":"PropertyValueSpecification","valueRequired":true,"valueName":"search_term_string"}}],"inLanguage":"id"}]}},"_links":{"self":[{"href":"https:\/\/haduke.com\/id\/wp-json\/wp\/v2\/pages\/183","targetHints":{"allow":["GET"]}}],"collection":[{"href":"https:\/\/haduke.com\/id\/wp-json\/wp\/v2\/pages"}],"about":[{"href":"https:\/\/haduke.com\/id\/wp-json\/wp\/v2\/types\/page"}],"author":[{"embeddable":true,"href":"https:\/\/haduke.com\/id\/wp-json\/wp\/v2\/users\/9"}],"replies":[{"embeddable":true,"href":"https:\/\/haduke.com\/id\/wp-json\/wp\/v2\/comments?post=183"}],"version-history":[{"count":0,"href":"https:\/\/haduke.com\/id\/wp-json\/wp\/v2\/pages\/183\/revisions"}],"wp:attachment":[{"href":"https:\/\/haduke.com\/id\/wp-json\/wp\/v2\/media?parent=183"}],"curies":[{"name":"wp","href":"https:\/\/api.w.org\/{rel}","templated":true}]}}