{"id":1069,"date":"2023-07-04T10:02:36","date_gmt":"2023-07-04T13:02:36","guid":{"rendered":"https:\/\/haduke.com\/?page_id=3"},"modified":"2023-07-04T10:02:36","modified_gmt":"2023-07-04T13:02:36","slug":"politica-de-privacidade","status":"publish","type":"page","link":"https:\/\/haduke.com\/it\/politica-de-privacidade\/","title":{"rendered":"politica sulla riservatezza"},"content":{"rendered":"<h2><span style=\"color: rgb(68, 68, 68);\">politica sulla riservatezza<\/span><\/h2><p><span style=\"color: rgb(68, 68, 68);\">La tua privacy \u00e8 importante per noi. La politica di Haduke \u00e8 quella di rispettare la tua privacy in merito a qualsiasi informazione che potremmo raccogliere da te sul sito web. <a href=\"https:\/\/haduke.com\/it\/\">Haduke<\/a>e altri siti web di nostra propriet\u00e0 e da noi gestiti.<\/span><\/p><p><span style=\"color: rgb(68, 68, 68);\">Richiediamo informazioni personali solo quando ne abbiamo realmente bisogno per fornirti un servizio. Le raccogliamo con mezzi equi e leciti, con la tua conoscenza e il tuo consenso. Ti informiamo inoltre sul motivo per cui le raccogliamo e su come verranno utilizzate.<\/span><\/p><p><span style=\"color: rgb(68, 68, 68);\">Conserviamo le informazioni raccolte solo per il tempo necessario a fornire il servizio richiesto. I dati che conserviamo vengono protetti con mezzi commercialmente accettabili per prevenirne la perdita e il furto, nonch\u00e9 l&#039;accesso, la divulgazione, la copia, l&#039;uso o la modifica non autorizzati.<\/span><\/p><p><span style=\"color: rgb(68, 68, 68);\">Non condividiamo informazioni personali identificabili pubblicamente o con terze parti, salvo quando richiesto dalla legge.<\/span><\/p><p><span style=\"color: rgb(68, 68, 68);\">Il nostro sito web potrebbe contenere link a siti esterni non gestiti da noi. Si prega di notare che non abbiamo alcun controllo sul contenuto e sulle pratiche di questi siti e non possiamo assumerci alcuna responsabilit\u00e0 per i rispettivi contenuti.&nbsp;<\/span><a href=\"https:\/\/politicaprivacidade.com\/\" rel=\"noopener noreferrer\" target=\"_blank\" style=\"background-color: transparent; color: rgb(68, 68, 68);\">politiche sulla privacy<\/a><span style=\"color: rgb(68, 68, 68);\">.<\/span><\/p><p><span style=\"color: rgb(68, 68, 68);\">Puoi rifiutare la nostra richiesta di informazioni personali, con la consapevolezza che potremmo non essere in grado di fornirti alcuni dei servizi desiderati.<\/span><\/p><p><span style=\"color: rgb(68, 68, 68);\">L&#039;utilizzo continuato del nostro sito web sar\u00e0 considerato come accettazione delle nostre pratiche in materia di privacy e trattamento dei dati personali. Per qualsiasi domanda su come gestiamo i dati degli utenti e le informazioni personali, non esitate a contattarci.<\/span><\/p><p><span style=\"color: rgb(68, 68, 68);\"><ul><li><span style=\"color: rgb(68, 68, 68);\">Il servizio Google AdSense che utilizziamo per pubblicare annunci pubblicitari utilizza un cookie DoubleClick per pubblicare annunci pi\u00f9 pertinenti sul Web e limitare il numero di volte in cui un determinato annuncio ti viene mostrato.<\/span><\/li><li><span style=\"color: rgb(68, 68, 68);\">Per ulteriori informazioni su Google AdSense, consulta le FAQ ufficiali sulla privacy di Google AdSense.<\/span><\/li><li><span style=\"color: rgb(68, 68, 68);\">Utilizziamo la pubblicit\u00e0 per compensare i costi di gestione di questo sito web e per finanziare lo sviluppo futuro. I cookie di pubblicit\u00e0 comportamentale utilizzati da questo sito web sono progettati per garantire che ti forniamo la pubblicit\u00e0 pi\u00f9 pertinente possibile, monitorando in forma anonima i tuoi interessi e presentando contenuti simili che potrebbero interessarti.<\/span><\/li><li><span style=\"color: rgb(68, 68, 68);\">Diversi partner pubblicizzano per nostro conto e i cookie di tracciamento degli affiliati ci consentono semplicemente di verificare se i nostri clienti sono arrivati sul sito tramite uno dei nostri siti partner, in modo da poterli accreditare in modo appropriato e, ove applicabile, consentire ai nostri partner affiliati di fornire qualsiasi incentivo possano offrirti per aver effettuato un acquisto.<\/span><\/li><\/ul><p><br><\/p><\/span><\/p><h3><span style=\"color: rgb(68, 68, 68);\">Impegno dell&#039;utente<\/span><\/h3><p><span style=\"color: rgb(68, 68, 68);\">L&#039;utente si impegna a fare un uso appropriato dei contenuti e delle informazioni che Haduke offre sul sito web e, a titolo esemplificativo ma non esaustivo:<\/span><\/p><ul><li><span style=\"color: rgb(68, 68, 68);\">A) Non intraprendere attivit\u00e0 illegali o contrarie alla buona fede e all&#039;ordine pubblico;<\/span><\/li><li><span style=\"color: rgb(68, 68, 68);\">B) Non diffondere propaganda o contenuti di natura razzista, xenofoba, di gioco d&#039;azzardo, di qualsiasi tipo di pornografia illegale, a sostegno del terrorismo o contro i diritti umani;<\/span><\/li><li><span style=\"color: rgb(68, 68, 68);\">C) Non danneggiare i sistemi fisici (hardware) e logici (software) di Haduke, dei suoi fornitori o di terze parti, n\u00e9 introdurre o diffondere virus informatici o altri sistemi hardware o software in grado di causare i suddetti danni.<\/span><\/li><\/ul><h3><span style=\"color: rgb(68, 68, 68);\">Ulteriori informazioni<\/span><\/h3><p><span style=\"color: rgb(68, 68, 68);\">Speriamo che questo ti abbia chiarito le cose e, come detto in precedenza, se c&#039;\u00e8 qualcosa di cui non sei sicuro se ti serve o meno, di solito \u00e8 pi\u00f9 sicuro lasciare i cookie abilitati nel caso in cui interagiscano con una delle funzionalit\u00e0 che utilizzi sul nostro sito.<\/span><\/p><p><span style=\"color: rgb(68, 68, 68);\">La presente politica \u00e8 in vigore dal 12 settembre 2023 alle ore 13:18<\/span><\/p>","protected":false},"excerpt":{"rendered":"<p>Pol\u00edtica Privacidade A sua privacidade \u00e9 importante para n\u00f3s. \u00c9 pol\u00edtica do Haduke respeitar a sua privacidade em rela\u00e7\u00e3o a qualquer informa\u00e7\u00e3o sua que possamos coletar no site Haduke, e outros sites que possu\u00edmos e operamos. Solicitamos informa\u00e7\u00f5es pessoais apenas quando realmente precisamos delas para lhe fornecer um servi\u00e7o. Fazemo-lo por meios justos e legais, [&hellip;]<\/p>\n","protected":false},"author":9,"featured_media":0,"parent":0,"menu_order":0,"comment_status":"closed","ping_status":"open","template":"","meta":{"footnotes":""},"class_list":["post-1069","page","type-page","status-publish","hentry"],"yoast_head":"<!-- This site is optimized with the Yoast SEO plugin v27.4 - https:\/\/yoast.com\/product\/yoast-seo-wordpress\/ -->\n<title>Pol\u00edtica de Privacidade - Haduke<\/title>\n<meta name=\"robots\" content=\"index, follow, max-snippet:-1, max-image-preview:large, max-video-preview:-1\" \/>\n<link rel=\"canonical\" href=\"https:\/\/haduke.com\/it\/politica-de-privacidade\/\" \/>\n<meta property=\"og:locale\" content=\"it_IT\" \/>\n<meta property=\"og:type\" content=\"article\" \/>\n<meta property=\"og:title\" content=\"Pol\u00edtica de Privacidade - Haduke\" \/>\n<meta property=\"og:description\" content=\"Pol\u00edtica Privacidade A sua privacidade \u00e9 importante para n\u00f3s. \u00c9 pol\u00edtica do Haduke respeitar a sua privacidade em rela\u00e7\u00e3o a qualquer informa\u00e7\u00e3o sua que possamos coletar no site Haduke, e outros sites que possu\u00edmos e operamos. Solicitamos informa\u00e7\u00f5es pessoais apenas quando realmente precisamos delas para lhe fornecer um servi\u00e7o. Fazemo-lo por meios justos e legais, [&hellip;]\" \/>\n<meta property=\"og:url\" content=\"https:\/\/haduke.com\/it\/politica-de-privacidade\/\" \/>\n<meta property=\"og:site_name\" content=\"Haduke\" \/>\n<meta name=\"twitter:card\" content=\"summary_large_image\" \/>\n<meta name=\"twitter:label1\" content=\"Tempo di lettura stimato\" \/>\n\t<meta name=\"twitter:data1\" content=\"4 minuti\" \/>\n<script type=\"application\/ld+json\" class=\"yoast-schema-graph\">{\"@context\":\"https:\\\/\\\/schema.org\",\"@graph\":[{\"@type\":\"WebPage\",\"@id\":\"https:\\\/\\\/haduke.com\\\/politica-de-privacidade\\\/\",\"url\":\"https:\\\/\\\/haduke.com\\\/politica-de-privacidade\\\/\",\"name\":\"Pol\u00edtica de Privacidade - Haduke\",\"isPartOf\":{\"@id\":\"https:\\\/\\\/haduke.com\\\/#website\"},\"datePublished\":\"2023-07-04T13:02:36+00:00\",\"breadcrumb\":{\"@id\":\"https:\\\/\\\/haduke.com\\\/politica-de-privacidade\\\/#breadcrumb\"},\"inLanguage\":\"it-IT\",\"potentialAction\":[{\"@type\":\"ReadAction\",\"target\":[\"https:\\\/\\\/haduke.com\\\/politica-de-privacidade\\\/\"]}]},{\"@type\":\"BreadcrumbList\",\"@id\":\"https:\\\/\\\/haduke.com\\\/politica-de-privacidade\\\/#breadcrumb\",\"itemListElement\":[{\"@type\":\"ListItem\",\"position\":1,\"name\":\"Home\",\"item\":\"https:\\\/\\\/haduke.com\\\/\"},{\"@type\":\"ListItem\",\"position\":2,\"name\":\"Pol\u00edtica de Privacidade\"}]},{\"@type\":\"WebSite\",\"@id\":\"https:\\\/\\\/haduke.com\\\/#website\",\"url\":\"https:\\\/\\\/haduke.com\\\/\",\"name\":\"Haduke\",\"description\":\"\",\"potentialAction\":[{\"@type\":\"SearchAction\",\"target\":{\"@type\":\"EntryPoint\",\"urlTemplate\":\"https:\\\/\\\/haduke.com\\\/?s={search_term_string}\"},\"query-input\":{\"@type\":\"PropertyValueSpecification\",\"valueRequired\":true,\"valueName\":\"search_term_string\"}}],\"inLanguage\":\"it-IT\"}]}<\/script>\n<!-- \/ Yoast SEO plugin. -->","yoast_head_json":{"title":"Pol\u00edtica de Privacidade - Haduke","robots":{"index":"index","follow":"follow","max-snippet":"max-snippet:-1","max-image-preview":"max-image-preview:large","max-video-preview":"max-video-preview:-1"},"canonical":"https:\/\/haduke.com\/it\/politica-de-privacidade\/","og_locale":"it_IT","og_type":"article","og_title":"Pol\u00edtica de Privacidade - Haduke","og_description":"Pol\u00edtica Privacidade A sua privacidade \u00e9 importante para n\u00f3s. \u00c9 pol\u00edtica do Haduke respeitar a sua privacidade em rela\u00e7\u00e3o a qualquer informa\u00e7\u00e3o sua que possamos coletar no site Haduke, e outros sites que possu\u00edmos e operamos. Solicitamos informa\u00e7\u00f5es pessoais apenas quando realmente precisamos delas para lhe fornecer um servi\u00e7o. Fazemo-lo por meios justos e legais, [&hellip;]","og_url":"https:\/\/haduke.com\/it\/politica-de-privacidade\/","og_site_name":"Haduke","twitter_card":"summary_large_image","twitter_misc":{"Tempo di lettura stimato":"4 minuti"},"schema":{"@context":"https:\/\/schema.org","@graph":[{"@type":"WebPage","@id":"https:\/\/haduke.com\/politica-de-privacidade\/","url":"https:\/\/haduke.com\/politica-de-privacidade\/","name":"Pol\u00edtica de Privacidade - Haduke","isPartOf":{"@id":"https:\/\/haduke.com\/#website"},"datePublished":"2023-07-04T13:02:36+00:00","breadcrumb":{"@id":"https:\/\/haduke.com\/politica-de-privacidade\/#breadcrumb"},"inLanguage":"it-IT","potentialAction":[{"@type":"ReadAction","target":["https:\/\/haduke.com\/politica-de-privacidade\/"]}]},{"@type":"BreadcrumbList","@id":"https:\/\/haduke.com\/politica-de-privacidade\/#breadcrumb","itemListElement":[{"@type":"ListItem","position":1,"name":"Home","item":"https:\/\/haduke.com\/"},{"@type":"ListItem","position":2,"name":"Pol\u00edtica de Privacidade"}]},{"@type":"WebSite","@id":"https:\/\/haduke.com\/#website","url":"https:\/\/haduke.com\/","name":"Haduke","description":"","potentialAction":[{"@type":"SearchAction","target":{"@type":"EntryPoint","urlTemplate":"https:\/\/haduke.com\/?s={search_term_string}"},"query-input":{"@type":"PropertyValueSpecification","valueRequired":true,"valueName":"search_term_string"}}],"inLanguage":"it-IT"}]}},"_links":{"self":[{"href":"https:\/\/haduke.com\/it\/wp-json\/wp\/v2\/pages\/1069","targetHints":{"allow":["GET"]}}],"collection":[{"href":"https:\/\/haduke.com\/it\/wp-json\/wp\/v2\/pages"}],"about":[{"href":"https:\/\/haduke.com\/it\/wp-json\/wp\/v2\/types\/page"}],"author":[{"embeddable":true,"href":"https:\/\/haduke.com\/it\/wp-json\/wp\/v2\/users\/9"}],"replies":[{"embeddable":true,"href":"https:\/\/haduke.com\/it\/wp-json\/wp\/v2\/comments?post=1069"}],"version-history":[{"count":0,"href":"https:\/\/haduke.com\/it\/wp-json\/wp\/v2\/pages\/1069\/revisions"}],"wp:attachment":[{"href":"https:\/\/haduke.com\/it\/wp-json\/wp\/v2\/media?parent=1069"}],"curies":[{"name":"parola chiave","href":"https:\/\/api.w.org\/{rel}","templated":true}]}}