{"id":146,"date":"2023-07-07T14:52:31","date_gmt":"2023-07-07T17:52:31","guid":{"rendered":"https:\/\/haduke.com\/?page_id=146"},"modified":"2023-07-07T14:52:31","modified_gmt":"2023-07-07T17:52:31","slug":"quem-somos","status":"publish","type":"page","link":"https:\/\/haduke.com\/it\/quem-somos\/","title":{"rendered":"Chi siamo"},"content":{"rendered":"<p>Benvenuti a Haduke!<\/p>\n\n\n\n<p>Siamo un portale di informazioni, suggerimenti e intrattenimento con grande responsabilit\u00e0 e propriet\u00e0 su ci\u00f2 che pubblichiamo sui nostri media.<\/p>\n\n\n\n<p>Sappiamo che l&#039;uso delle app \u00e8 diventato indispensabile nella vita di migliaia di persone e questo tipo di contenuti \u00e8 fondamentale per la societ\u00e0.<\/p>\n\n\n\n<p>Il nostro obiettivo \u00e8 fornirti informazioni importanti e aggiornate e garantirti un&#039;esperienza eccellente durante la navigazione sulle nostre pagine.<\/p>\n\n\n\n<p>Creato con l&#039;obiettivo di innovare nell&#039;ambiente digitale, Haduke offre momenti di informazione, relax e coinvolgimento su importanti questioni quotidiane.<\/p>\n\n\n\n<p>Benvenuti a tutti a\u00a0<a href=\"https:\/\/haduke.com\/it\/\" target=\"_blank\" rel=\"noreferrer noopener\">Haduke<\/a>!!<\/p>","protected":false},"excerpt":{"rendered":"<p>Sejam bem vindos ao Haduke! Somos um portal de informa\u00e7\u00f5es, dicas e entretenimento com muita responsabilidade e propriedade no que informa em seus meios de comunica\u00e7\u00e3o. Sabemos que o uso de aplicativos se tornou indispens\u00e1vel na vida de milhares de pessoas e esse tipo de conte\u00fado \u00e9 fundamental para a sociedade. Nosso objetivo \u00e9 levar [&hellip;]<\/p>\n","protected":false},"author":9,"featured_media":0,"parent":0,"menu_order":0,"comment_status":"closed","ping_status":"closed","template":"","meta":{"footnotes":""},"class_list":["post-146","page","type-page","status-publish","hentry"],"yoast_head":"<!-- This site is optimized with the Yoast SEO plugin v27.4 - https:\/\/yoast.com\/product\/yoast-seo-wordpress\/ -->\n<title>Quem Somos - Haduke<\/title>\n<meta name=\"robots\" content=\"index, follow, max-snippet:-1, max-image-preview:large, max-video-preview:-1\" \/>\n<link rel=\"canonical\" href=\"https:\/\/haduke.com\/it\/quem-somos\/\" \/>\n<meta property=\"og:locale\" content=\"it_IT\" \/>\n<meta property=\"og:type\" content=\"article\" \/>\n<meta property=\"og:title\" content=\"Quem Somos - Haduke\" \/>\n<meta property=\"og:description\" content=\"Sejam bem vindos ao Haduke! Somos um portal de informa\u00e7\u00f5es, dicas e entretenimento com muita responsabilidade e propriedade no que informa em seus meios de comunica\u00e7\u00e3o. Sabemos que o uso de aplicativos se tornou indispens\u00e1vel na vida de milhares de pessoas e esse tipo de conte\u00fado \u00e9 fundamental para a sociedade. Nosso objetivo \u00e9 levar [&hellip;]\" \/>\n<meta property=\"og:url\" content=\"https:\/\/haduke.com\/it\/quem-somos\/\" \/>\n<meta property=\"og:site_name\" content=\"Haduke\" \/>\n<meta name=\"twitter:card\" content=\"summary_large_image\" \/>\n<meta name=\"twitter:label1\" content=\"Tempo di lettura stimato\" \/>\n\t<meta name=\"twitter:data1\" content=\"1 minuto\" \/>\n<script type=\"application\/ld+json\" class=\"yoast-schema-graph\">{\"@context\":\"https:\\\/\\\/schema.org\",\"@graph\":[{\"@type\":\"WebPage\",\"@id\":\"https:\\\/\\\/haduke.com\\\/quem-somos\\\/\",\"url\":\"https:\\\/\\\/haduke.com\\\/quem-somos\\\/\",\"name\":\"Quem Somos - Haduke\",\"isPartOf\":{\"@id\":\"https:\\\/\\\/haduke.com\\\/#website\"},\"datePublished\":\"2023-07-07T17:52:31+00:00\",\"breadcrumb\":{\"@id\":\"https:\\\/\\\/haduke.com\\\/quem-somos\\\/#breadcrumb\"},\"inLanguage\":\"it-IT\",\"potentialAction\":[{\"@type\":\"ReadAction\",\"target\":[\"https:\\\/\\\/haduke.com\\\/quem-somos\\\/\"]}]},{\"@type\":\"BreadcrumbList\",\"@id\":\"https:\\\/\\\/haduke.com\\\/quem-somos\\\/#breadcrumb\",\"itemListElement\":[{\"@type\":\"ListItem\",\"position\":1,\"name\":\"Home\",\"item\":\"https:\\\/\\\/haduke.com\\\/\"},{\"@type\":\"ListItem\",\"position\":2,\"name\":\"Quem Somos\"}]},{\"@type\":\"WebSite\",\"@id\":\"https:\\\/\\\/haduke.com\\\/#website\",\"url\":\"https:\\\/\\\/haduke.com\\\/\",\"name\":\"Haduke\",\"description\":\"\",\"potentialAction\":[{\"@type\":\"SearchAction\",\"target\":{\"@type\":\"EntryPoint\",\"urlTemplate\":\"https:\\\/\\\/haduke.com\\\/?s={search_term_string}\"},\"query-input\":{\"@type\":\"PropertyValueSpecification\",\"valueRequired\":true,\"valueName\":\"search_term_string\"}}],\"inLanguage\":\"it-IT\"}]}<\/script>\n<!-- \/ Yoast SEO plugin. -->","yoast_head_json":{"title":"Quem Somos - Haduke","robots":{"index":"index","follow":"follow","max-snippet":"max-snippet:-1","max-image-preview":"max-image-preview:large","max-video-preview":"max-video-preview:-1"},"canonical":"https:\/\/haduke.com\/it\/quem-somos\/","og_locale":"it_IT","og_type":"article","og_title":"Quem Somos - Haduke","og_description":"Sejam bem vindos ao Haduke! Somos um portal de informa\u00e7\u00f5es, dicas e entretenimento com muita responsabilidade e propriedade no que informa em seus meios de comunica\u00e7\u00e3o. Sabemos que o uso de aplicativos se tornou indispens\u00e1vel na vida de milhares de pessoas e esse tipo de conte\u00fado \u00e9 fundamental para a sociedade. Nosso objetivo \u00e9 levar [&hellip;]","og_url":"https:\/\/haduke.com\/it\/quem-somos\/","og_site_name":"Haduke","twitter_card":"summary_large_image","twitter_misc":{"Tempo di lettura stimato":"1 minuto"},"schema":{"@context":"https:\/\/schema.org","@graph":[{"@type":"WebPage","@id":"https:\/\/haduke.com\/quem-somos\/","url":"https:\/\/haduke.com\/quem-somos\/","name":"Quem Somos - Haduke","isPartOf":{"@id":"https:\/\/haduke.com\/#website"},"datePublished":"2023-07-07T17:52:31+00:00","breadcrumb":{"@id":"https:\/\/haduke.com\/quem-somos\/#breadcrumb"},"inLanguage":"it-IT","potentialAction":[{"@type":"ReadAction","target":["https:\/\/haduke.com\/quem-somos\/"]}]},{"@type":"BreadcrumbList","@id":"https:\/\/haduke.com\/quem-somos\/#breadcrumb","itemListElement":[{"@type":"ListItem","position":1,"name":"Home","item":"https:\/\/haduke.com\/"},{"@type":"ListItem","position":2,"name":"Quem Somos"}]},{"@type":"WebSite","@id":"https:\/\/haduke.com\/#website","url":"https:\/\/haduke.com\/","name":"Haduke","description":"","potentialAction":[{"@type":"SearchAction","target":{"@type":"EntryPoint","urlTemplate":"https:\/\/haduke.com\/?s={search_term_string}"},"query-input":{"@type":"PropertyValueSpecification","valueRequired":true,"valueName":"search_term_string"}}],"inLanguage":"it-IT"}]}},"_links":{"self":[{"href":"https:\/\/haduke.com\/it\/wp-json\/wp\/v2\/pages\/146","targetHints":{"allow":["GET"]}}],"collection":[{"href":"https:\/\/haduke.com\/it\/wp-json\/wp\/v2\/pages"}],"about":[{"href":"https:\/\/haduke.com\/it\/wp-json\/wp\/v2\/types\/page"}],"author":[{"embeddable":true,"href":"https:\/\/haduke.com\/it\/wp-json\/wp\/v2\/users\/9"}],"replies":[{"embeddable":true,"href":"https:\/\/haduke.com\/it\/wp-json\/wp\/v2\/comments?post=146"}],"version-history":[{"count":0,"href":"https:\/\/haduke.com\/it\/wp-json\/wp\/v2\/pages\/146\/revisions"}],"wp:attachment":[{"href":"https:\/\/haduke.com\/it\/wp-json\/wp\/v2\/media?parent=146"}],"curies":[{"name":"parola chiave","href":"https:\/\/api.w.org\/{rel}","templated":true}]}}