{"id":146,"date":"2023-07-07T14:52:31","date_gmt":"2023-07-07T17:52:31","guid":{"rendered":"https:\/\/haduke.com\/?page_id=146"},"modified":"2023-07-07T14:52:31","modified_gmt":"2023-07-07T17:52:31","slug":"quem-somos","status":"publish","type":"page","link":"https:\/\/haduke.com\/pl\/quem-somos\/","title":{"rendered":"Kim jeste\u015bmy"},"content":{"rendered":"<p>Witamy w Haduke!<\/p>\n\n\n\n<p>Jeste\u015bmy portalem informacyjnym, poradniczym i rozrywkowym, kt\u00f3ry dzia\u0142a z du\u017c\u0105 odpowiedzialno\u015bci\u0105 i profesjonalizmem w zakresie informacji, kt\u00f3re przekazujemy za po\u015brednictwem naszych kana\u0142\u00f3w komunikacyjnych.<\/p>\n\n\n\n<p>Wiemy, \u017ce korzystanie z aplikacji sta\u0142o si\u0119 nieodzowne w \u017cyciu tysi\u0119cy ludzi, a tego typu tre\u015bci maj\u0105 fundamentalne znaczenie dla spo\u0142ecze\u0144stwa.<\/p>\n\n\n\n<p>Naszym celem jest dostarczanie Pa\u0144stwu wa\u017cnych i aktualnych informacji, a tak\u017ce zapewnienie doskona\u0142ego do\u015bwiadczenia podczas przegl\u0105dania naszych stron.<\/p>\n\n\n\n<p>Haduke zosta\u0142o stworzone z my\u015bl\u0105 o innowacjach w \u015bwiecie cyfrowym. Oferuje chwile skupienia, relaksu i zaanga\u017cowania w wa\u017cne codzienne sprawy.<\/p>\n\n\n\n<p>Witamy wszystkich\u00a0<a href=\"https:\/\/haduke.com\/pl\/\" target=\"_blank\" rel=\"noreferrer noopener\">Haduke<\/a>!!<\/p>","protected":false},"excerpt":{"rendered":"<p>Sejam bem vindos ao Haduke! Somos um portal de informa\u00e7\u00f5es, dicas e entretenimento com muita responsabilidade e propriedade no que informa em seus meios de comunica\u00e7\u00e3o. Sabemos que o uso de aplicativos se tornou indispens\u00e1vel na vida de milhares de pessoas e esse tipo de conte\u00fado \u00e9 fundamental para a sociedade. Nosso objetivo \u00e9 levar [&hellip;]<\/p>\n","protected":false},"author":9,"featured_media":0,"parent":0,"menu_order":0,"comment_status":"closed","ping_status":"closed","template":"","meta":{"footnotes":""},"class_list":["post-146","page","type-page","status-publish","hentry"],"yoast_head":"<!-- This site is optimized with the Yoast SEO plugin v27.4 - https:\/\/yoast.com\/product\/yoast-seo-wordpress\/ -->\n<title>Quem Somos - Haduke<\/title>\n<meta name=\"robots\" content=\"index, follow, max-snippet:-1, max-image-preview:large, max-video-preview:-1\" \/>\n<link rel=\"canonical\" href=\"https:\/\/haduke.com\/pl\/quem-somos\/\" \/>\n<meta property=\"og:locale\" content=\"pl_PL\" \/>\n<meta property=\"og:type\" content=\"article\" \/>\n<meta property=\"og:title\" content=\"Quem Somos - Haduke\" \/>\n<meta property=\"og:description\" content=\"Sejam bem vindos ao Haduke! Somos um portal de informa\u00e7\u00f5es, dicas e entretenimento com muita responsabilidade e propriedade no que informa em seus meios de comunica\u00e7\u00e3o. Sabemos que o uso de aplicativos se tornou indispens\u00e1vel na vida de milhares de pessoas e esse tipo de conte\u00fado \u00e9 fundamental para a sociedade. Nosso objetivo \u00e9 levar [&hellip;]\" \/>\n<meta property=\"og:url\" content=\"https:\/\/haduke.com\/pl\/quem-somos\/\" \/>\n<meta property=\"og:site_name\" content=\"Haduke\" \/>\n<meta name=\"twitter:card\" content=\"summary_large_image\" \/>\n<meta name=\"twitter:label1\" content=\"Szacowany czas czytania\" \/>\n\t<meta name=\"twitter:data1\" content=\"1 minuta\" \/>\n<script type=\"application\/ld+json\" class=\"yoast-schema-graph\">{\"@context\":\"https:\\\/\\\/schema.org\",\"@graph\":[{\"@type\":\"WebPage\",\"@id\":\"https:\\\/\\\/haduke.com\\\/quem-somos\\\/\",\"url\":\"https:\\\/\\\/haduke.com\\\/quem-somos\\\/\",\"name\":\"Quem Somos - Haduke\",\"isPartOf\":{\"@id\":\"https:\\\/\\\/haduke.com\\\/#website\"},\"datePublished\":\"2023-07-07T17:52:31+00:00\",\"breadcrumb\":{\"@id\":\"https:\\\/\\\/haduke.com\\\/quem-somos\\\/#breadcrumb\"},\"inLanguage\":\"pl-PL\",\"potentialAction\":[{\"@type\":\"ReadAction\",\"target\":[\"https:\\\/\\\/haduke.com\\\/quem-somos\\\/\"]}]},{\"@type\":\"BreadcrumbList\",\"@id\":\"https:\\\/\\\/haduke.com\\\/quem-somos\\\/#breadcrumb\",\"itemListElement\":[{\"@type\":\"ListItem\",\"position\":1,\"name\":\"Home\",\"item\":\"https:\\\/\\\/haduke.com\\\/\"},{\"@type\":\"ListItem\",\"position\":2,\"name\":\"Quem Somos\"}]},{\"@type\":\"WebSite\",\"@id\":\"https:\\\/\\\/haduke.com\\\/#website\",\"url\":\"https:\\\/\\\/haduke.com\\\/\",\"name\":\"Haduke\",\"description\":\"\",\"potentialAction\":[{\"@type\":\"SearchAction\",\"target\":{\"@type\":\"EntryPoint\",\"urlTemplate\":\"https:\\\/\\\/haduke.com\\\/?s={search_term_string}\"},\"query-input\":{\"@type\":\"PropertyValueSpecification\",\"valueRequired\":true,\"valueName\":\"search_term_string\"}}],\"inLanguage\":\"pl-PL\"}]}<\/script>\n<!-- \/ Yoast SEO plugin. -->","yoast_head_json":{"title":"Quem Somos - Haduke","robots":{"index":"index","follow":"follow","max-snippet":"max-snippet:-1","max-image-preview":"max-image-preview:large","max-video-preview":"max-video-preview:-1"},"canonical":"https:\/\/haduke.com\/pl\/quem-somos\/","og_locale":"pl_PL","og_type":"article","og_title":"Quem Somos - Haduke","og_description":"Sejam bem vindos ao Haduke! Somos um portal de informa\u00e7\u00f5es, dicas e entretenimento com muita responsabilidade e propriedade no que informa em seus meios de comunica\u00e7\u00e3o. Sabemos que o uso de aplicativos se tornou indispens\u00e1vel na vida de milhares de pessoas e esse tipo de conte\u00fado \u00e9 fundamental para a sociedade. Nosso objetivo \u00e9 levar [&hellip;]","og_url":"https:\/\/haduke.com\/pl\/quem-somos\/","og_site_name":"Haduke","twitter_card":"summary_large_image","twitter_misc":{"Szacowany czas czytania":"1 minuta"},"schema":{"@context":"https:\/\/schema.org","@graph":[{"@type":"WebPage","@id":"https:\/\/haduke.com\/quem-somos\/","url":"https:\/\/haduke.com\/quem-somos\/","name":"Quem Somos - Haduke","isPartOf":{"@id":"https:\/\/haduke.com\/#website"},"datePublished":"2023-07-07T17:52:31+00:00","breadcrumb":{"@id":"https:\/\/haduke.com\/quem-somos\/#breadcrumb"},"inLanguage":"pl-PL","potentialAction":[{"@type":"ReadAction","target":["https:\/\/haduke.com\/quem-somos\/"]}]},{"@type":"BreadcrumbList","@id":"https:\/\/haduke.com\/quem-somos\/#breadcrumb","itemListElement":[{"@type":"ListItem","position":1,"name":"Home","item":"https:\/\/haduke.com\/"},{"@type":"ListItem","position":2,"name":"Quem Somos"}]},{"@type":"WebSite","@id":"https:\/\/haduke.com\/#website","url":"https:\/\/haduke.com\/","name":"Haduke","description":"","potentialAction":[{"@type":"SearchAction","target":{"@type":"EntryPoint","urlTemplate":"https:\/\/haduke.com\/?s={search_term_string}"},"query-input":{"@type":"PropertyValueSpecification","valueRequired":true,"valueName":"search_term_string"}}],"inLanguage":"pl-PL"}]}},"_links":{"self":[{"href":"https:\/\/haduke.com\/pl\/wp-json\/wp\/v2\/pages\/146","targetHints":{"allow":["GET"]}}],"collection":[{"href":"https:\/\/haduke.com\/pl\/wp-json\/wp\/v2\/pages"}],"about":[{"href":"https:\/\/haduke.com\/pl\/wp-json\/wp\/v2\/types\/page"}],"author":[{"embeddable":true,"href":"https:\/\/haduke.com\/pl\/wp-json\/wp\/v2\/users\/9"}],"replies":[{"embeddable":true,"href":"https:\/\/haduke.com\/pl\/wp-json\/wp\/v2\/comments?post=146"}],"version-history":[{"count":0,"href":"https:\/\/haduke.com\/pl\/wp-json\/wp\/v2\/pages\/146\/revisions"}],"wp:attachment":[{"href":"https:\/\/haduke.com\/pl\/wp-json\/wp\/v2\/media?parent=146"}],"curies":[{"name":"wp","href":"https:\/\/api.w.org\/{rel}","templated":true}]}}