{"id":183,"date":"2023-09-12T10:22:21","date_gmt":"2023-09-12T13:22:21","guid":{"rendered":"https:\/\/haduke.com\/?page_id=183"},"modified":"2023-09-12T10:22:21","modified_gmt":"2023-09-12T13:22:21","slug":"termos-e-condicoes","status":"publish","type":"page","link":"https:\/\/haduke.com\/pl\/termos-e-condicoes\/","title":{"rendered":"Warunki korzystania z serwisu"},"content":{"rendered":"<h2><span style=\"color: rgb(68, 68, 68);\">1. Warunki<\/span><\/h2><p><span style=\"color: rgb(68, 68, 68);\">Podczas uzyskiwania dost\u0119pu do witryny internetowej <a href=\"https:\/\/haduke.com\/pl\/\">Haduke<\/a>, Korzystaj\u0105c z tej witryny, zgadzasz si\u0119 na przestrzeganie niniejszych warunk\u00f3w korzystania z us\u0142ugi, wszystkich obowi\u0105zuj\u0105cych przepis\u00f3w i regulacji oraz przyjmujesz odpowiedzialno\u015b\u0107 za przestrzeganie wszystkich obowi\u0105zuj\u0105cych przepis\u00f3w lokalnych. W przypadku braku zgody na kt\u00f3rykolwiek z tych warunk\u00f3w korzystanie z tej witryny lub uzyskiwanie do niej dost\u0119pu jest zabronione. Materia\u0142y zawarte na tej stronie internetowej s\u0105 chronione obowi\u0105zuj\u0105cymi prawami autorskimi i prawami do znak\u00f3w towarowych.<\/span><\/p><h2><span style=\"color: rgb(68, 68, 68);\">2. U\u017cytkowanie licencji<\/span><\/h2><p><span style=\"color: rgb(68, 68, 68);\">Udziela si\u0119 pozwolenia na tymczasowe pobranie jednej kopii materia\u0142\u00f3w (informacji lub oprogramowania) ze strony internetowej Haduke wy\u0142\u0105cznie do osobistego, niekomercyjnego, przej\u015bciowego przegl\u0105dania. Jest to udzielenie licencji, a nie przeniesienie tytu\u0142u w\u0142asno\u015bci, a na mocy tej licencji nie wolno:&nbsp;<\/span><\/p><ol><li><span style=\"color: rgb(68, 68, 68);\">modyfikowa\u0107 lub kopiowa\u0107 materia\u0142y;&nbsp;<\/span><\/li><li><span style=\"color: rgb(68, 68, 68);\">U\u017cywa\u0107 materia\u0142\u00f3w w celach komercyjnych lub do publicznego wy\u015bwietlania (komercyjnego lub niekomercyjnego);&nbsp;<\/span><\/li><li><span style=\"color: rgb(68, 68, 68);\">Pr\u00f3ba dekompilacji lub dokonania in\u017cynierii wstecznej jakiegokolwiek oprogramowania zawartego na stronie internetowej Haduke;&nbsp;<\/span><\/li><li><span style=\"color: rgb(68, 68, 68);\">usun\u0105\u0107 z materia\u0142\u00f3w wszelkie informacje o prawach autorskich lub inne informacje o w\u0142asno\u015bci; lub&nbsp;<\/span><\/li><li><span style=\"color: rgb(68, 68, 68);\">Przenie\u015b\u0107 materia\u0142y do innej osoby lub \u2018przes\u0142a\u0107\u2019 je na inny serwer.<\/span><\/li><\/ol><p><span style=\"color: rgb(68, 68, 68);\">Niniejsza licencja ulega automatycznemu wyga\u015bni\u0119ciu w przypadku naruszenia kt\u00f3regokolwiek z tych ogranicze\u0144 i mo\u017ce zosta\u0107 rozwi\u0105zana przez Haduke w dowolnym momencie. Po zako\u0144czeniu przegl\u0105dania tych materia\u0142\u00f3w lub rozwi\u0105zaniu niniejszej licencji, musisz zniszczy\u0107 wszystkie pobrane materia\u0142y b\u0119d\u0105ce w Twoim posiadaniu, zar\u00f3wno w formie elektronicznej, jak i drukowanej.<\/span><\/p><h2><span style=\"color: rgb(68, 68, 68);\">3. Zastrze\u017cenie<\/span><\/h2><ol><li><span style=\"color: rgb(68, 68, 68);\">Materia\u0142y na stronie internetowej Haduke s\u0105 udost\u0119pniane \u2018tak jak s\u0105\u2019. Haduke nie udziela \u017cadnych gwarancji, wyra\u017anych ani dorozumianych, i niniejszym zrzeka si\u0119 i neguje wszelkie inne gwarancje, w tym mi\u0119dzy innymi dorozumiane gwarancje lub warunki przydatno\u015bci handlowej, przydatno\u015bci do okre\u015blonego celu lub nienaruszania praw w\u0142asno\u015bci intelektualnej lub innych narusze\u0144 praw.<\/span><\/li><li><span style=\"color: rgb(68, 68, 68);\">Ponadto Haduke nie gwarantuje i nie sk\u0142ada \u017cadnych o\u015bwiadcze\u0144 dotycz\u0105cych dok\u0142adno\u015bci, prawdopodobnych wynik\u00f3w lub niezawodno\u015bci korzystania z materia\u0142\u00f3w zamieszczonych na swojej stronie internetowej lub w inny spos\u00f3b powi\u0105zanych z takimi materia\u0142ami b\u0105d\u017a z witrynami po\u0142\u0105czonymi z t\u0105 witryn\u0105.<\/span><\/li><\/ol><h2><span style=\"color: rgb(68, 68, 68);\">4. Ograniczenia<\/span><\/h2><p><span style=\"color: rgb(68, 68, 68);\">W \u017cadnym wypadku Haduke ani jego dostawcy nie ponosz\u0105 odpowiedzialno\u015bci za jakiekolwiek szkody (w tym, mi\u0119dzy innymi, szkody z tytu\u0142u utraty danych lub zysk\u00f3w, lub z powodu przerwy w dzia\u0142alno\u015bci) wynikaj\u0105ce z korzystania lub niemo\u017cno\u015bci korzystania z materia\u0142\u00f3w na stronie internetowej Haduke, nawet je\u015bli Haduke lub upowa\u017cniony przedstawiciel Haduke zosta\u0142 powiadomiony ustnie lub pisemnie o mo\u017cliwo\u015bci wyst\u0105pienia takich szk\u00f3d. Poniewa\u017c niekt\u00f3re jurysdykcje nie zezwalaj\u0105 na ograniczenia gwarancji dorozumianych ani ograniczenia odpowiedzialno\u015bci za szkody nast\u0119pcze lub przypadkowe, ograniczenia te mog\u0105 nie mie\u0107 zastosowania w Pa\u0144stwa przypadku.<\/span><\/p><h2><span style=\"color: rgb(68, 68, 68);\">5. Precyzja materia\u0142\u00f3w<\/span><\/h2><p><span style=\"color: rgb(68, 68, 68);\">Materia\u0142y prezentowane na stronie internetowej Haduke mog\u0105 zawiera\u0107 b\u0142\u0119dy techniczne, typograficzne lub fotograficzne. Haduke nie gwarantuje dok\u0142adno\u015bci, kompletno\u015bci ani aktualno\u015bci materia\u0142\u00f3w na swojej stronie internetowej. Haduke mo\u017ce wprowadza\u0107 zmiany w materia\u0142ach zawartych na swojej stronie internetowej w dowolnym momencie i bez uprzedzenia. Haduke nie zobowi\u0105zuje si\u0119 jednak do aktualizacji tych materia\u0142\u00f3w.<\/span><\/p><h2><span style=\"color: rgb(68, 68, 68);\">6. Linki<\/span><\/h2><p><span style=\"color: rgb(68, 68, 68);\">Haduke nie sprawdzi\u0142 wszystkich stron internetowych, do kt\u00f3rych prowadz\u0105 linki z jego witryny, i nie ponosi odpowiedzialno\u015bci za ich tre\u015b\u0107. Zamieszczenie jakiegokolwiek linku nie oznacza, \u017ce Haduke popiera dan\u0105 witryn\u0119. Korzystanie z linkowanych stron internetowych odbywa si\u0119 na w\u0142asne ryzyko u\u017cytkownika.<\/span><\/p><p><br><\/p><h3><span style=\"color: rgb(68, 68, 68);\">Modyfikacje<\/span><\/h3><p><span style=\"color: rgb(68, 68, 68);\">Haduke mo\u017ce zmieni\u0107 niniejsze warunki korzystania ze strony internetowej w dowolnym momencie i bez powiadomienia. Korzystaj\u0105c z tej strony internetowej, zgadzasz si\u0119 na obowi\u0105zywanie aktualnej wersji niniejszych warunk\u00f3w korzystania z us\u0142ugi.<\/span><\/p><h3><span style=\"color: rgb(68, 68, 68);\">Prawo w\u0142a\u015bciwe<\/span><\/h3><p><span style=\"color: rgb(68, 68, 68);\">Niniejsze warunki podlegaj\u0105 prawu obowi\u0105zuj\u0105cemu w Haduke i zgodnie z nim b\u0119d\u0105 interpretowane. U\u017cytkownik nieodwo\u0142alnie poddaje si\u0119 wy\u0142\u0105cznej jurysdykcji s\u0105d\u00f3w tego stanu lub miejscowo\u015bci.<\/span><\/p>","protected":false},"excerpt":{"rendered":"<p>1. Termos Ao acessar ao site Haduke, concorda em cumprir estes termos de servi\u00e7o, todas as leis e regulamentos aplic\u00e1veis \u200b\u200be concorda que \u00e9 respons\u00e1vel pelo cumprimento de todas as leis locais aplic\u00e1veis. Se voc\u00ea n\u00e3o concordar com algum desses termos, est\u00e1 proibido de usar ou acessar este site. Os materiais contidos neste site s\u00e3o [&hellip;]<\/p>\n","protected":false},"author":9,"featured_media":0,"parent":0,"menu_order":0,"comment_status":"closed","ping_status":"closed","template":"","meta":{"footnotes":""},"class_list":["post-183","page","type-page","status-publish","hentry"],"yoast_head":"<!-- This site is optimized with the Yoast SEO plugin v27.4 - https:\/\/yoast.com\/product\/yoast-seo-wordpress\/ -->\n<title>Termos e Condi\u00e7\u00f5es - Haduke<\/title>\n<meta name=\"robots\" content=\"index, follow, max-snippet:-1, max-image-preview:large, max-video-preview:-1\" \/>\n<link rel=\"canonical\" href=\"https:\/\/haduke.com\/pl\/termos-e-condicoes\/\" \/>\n<meta property=\"og:locale\" content=\"pl_PL\" \/>\n<meta property=\"og:type\" content=\"article\" \/>\n<meta property=\"og:title\" content=\"Termos e Condi\u00e7\u00f5es - Haduke\" \/>\n<meta property=\"og:description\" content=\"1. Termos Ao acessar ao site Haduke, concorda em cumprir estes termos de servi\u00e7o, todas as leis e regulamentos aplic\u00e1veis \u200b\u200be concorda que \u00e9 respons\u00e1vel pelo cumprimento de todas as leis locais aplic\u00e1veis. Se voc\u00ea n\u00e3o concordar com algum desses termos, est\u00e1 proibido de usar ou acessar este site. Os materiais contidos neste site s\u00e3o [&hellip;]\" \/>\n<meta property=\"og:url\" content=\"https:\/\/haduke.com\/pl\/termos-e-condicoes\/\" \/>\n<meta property=\"og:site_name\" content=\"Haduke\" \/>\n<meta name=\"twitter:card\" content=\"summary_large_image\" \/>\n<meta name=\"twitter:label1\" content=\"Szacowany czas czytania\" \/>\n\t<meta name=\"twitter:data1\" content=\"4 minuty\" \/>\n<script type=\"application\/ld+json\" class=\"yoast-schema-graph\">{\"@context\":\"https:\\\/\\\/schema.org\",\"@graph\":[{\"@type\":\"WebPage\",\"@id\":\"https:\\\/\\\/haduke.com\\\/termos-e-condicoes\\\/\",\"url\":\"https:\\\/\\\/haduke.com\\\/termos-e-condicoes\\\/\",\"name\":\"Termos e Condi\u00e7\u00f5es - Haduke\",\"isPartOf\":{\"@id\":\"https:\\\/\\\/haduke.com\\\/#website\"},\"datePublished\":\"2023-09-12T13:22:21+00:00\",\"breadcrumb\":{\"@id\":\"https:\\\/\\\/haduke.com\\\/termos-e-condicoes\\\/#breadcrumb\"},\"inLanguage\":\"pl-PL\",\"potentialAction\":[{\"@type\":\"ReadAction\",\"target\":[\"https:\\\/\\\/haduke.com\\\/termos-e-condicoes\\\/\"]}]},{\"@type\":\"BreadcrumbList\",\"@id\":\"https:\\\/\\\/haduke.com\\\/termos-e-condicoes\\\/#breadcrumb\",\"itemListElement\":[{\"@type\":\"ListItem\",\"position\":1,\"name\":\"Home\",\"item\":\"https:\\\/\\\/haduke.com\\\/\"},{\"@type\":\"ListItem\",\"position\":2,\"name\":\"Termos e Condi\u00e7\u00f5es\"}]},{\"@type\":\"WebSite\",\"@id\":\"https:\\\/\\\/haduke.com\\\/#website\",\"url\":\"https:\\\/\\\/haduke.com\\\/\",\"name\":\"Haduke\",\"description\":\"\",\"potentialAction\":[{\"@type\":\"SearchAction\",\"target\":{\"@type\":\"EntryPoint\",\"urlTemplate\":\"https:\\\/\\\/haduke.com\\\/?s={search_term_string}\"},\"query-input\":{\"@type\":\"PropertyValueSpecification\",\"valueRequired\":true,\"valueName\":\"search_term_string\"}}],\"inLanguage\":\"pl-PL\"}]}<\/script>\n<!-- \/ Yoast SEO plugin. -->","yoast_head_json":{"title":"Termos e Condi\u00e7\u00f5es - Haduke","robots":{"index":"index","follow":"follow","max-snippet":"max-snippet:-1","max-image-preview":"max-image-preview:large","max-video-preview":"max-video-preview:-1"},"canonical":"https:\/\/haduke.com\/pl\/termos-e-condicoes\/","og_locale":"pl_PL","og_type":"article","og_title":"Termos e Condi\u00e7\u00f5es - Haduke","og_description":"1. Termos Ao acessar ao site Haduke, concorda em cumprir estes termos de servi\u00e7o, todas as leis e regulamentos aplic\u00e1veis \u200b\u200be concorda que \u00e9 respons\u00e1vel pelo cumprimento de todas as leis locais aplic\u00e1veis. Se voc\u00ea n\u00e3o concordar com algum desses termos, est\u00e1 proibido de usar ou acessar este site. Os materiais contidos neste site s\u00e3o [&hellip;]","og_url":"https:\/\/haduke.com\/pl\/termos-e-condicoes\/","og_site_name":"Haduke","twitter_card":"summary_large_image","twitter_misc":{"Szacowany czas czytania":"4 minuty"},"schema":{"@context":"https:\/\/schema.org","@graph":[{"@type":"WebPage","@id":"https:\/\/haduke.com\/termos-e-condicoes\/","url":"https:\/\/haduke.com\/termos-e-condicoes\/","name":"Termos e Condi\u00e7\u00f5es - Haduke","isPartOf":{"@id":"https:\/\/haduke.com\/#website"},"datePublished":"2023-09-12T13:22:21+00:00","breadcrumb":{"@id":"https:\/\/haduke.com\/termos-e-condicoes\/#breadcrumb"},"inLanguage":"pl-PL","potentialAction":[{"@type":"ReadAction","target":["https:\/\/haduke.com\/termos-e-condicoes\/"]}]},{"@type":"BreadcrumbList","@id":"https:\/\/haduke.com\/termos-e-condicoes\/#breadcrumb","itemListElement":[{"@type":"ListItem","position":1,"name":"Home","item":"https:\/\/haduke.com\/"},{"@type":"ListItem","position":2,"name":"Termos e Condi\u00e7\u00f5es"}]},{"@type":"WebSite","@id":"https:\/\/haduke.com\/#website","url":"https:\/\/haduke.com\/","name":"Haduke","description":"","potentialAction":[{"@type":"SearchAction","target":{"@type":"EntryPoint","urlTemplate":"https:\/\/haduke.com\/?s={search_term_string}"},"query-input":{"@type":"PropertyValueSpecification","valueRequired":true,"valueName":"search_term_string"}}],"inLanguage":"pl-PL"}]}},"_links":{"self":[{"href":"https:\/\/haduke.com\/pl\/wp-json\/wp\/v2\/pages\/183","targetHints":{"allow":["GET"]}}],"collection":[{"href":"https:\/\/haduke.com\/pl\/wp-json\/wp\/v2\/pages"}],"about":[{"href":"https:\/\/haduke.com\/pl\/wp-json\/wp\/v2\/types\/page"}],"author":[{"embeddable":true,"href":"https:\/\/haduke.com\/pl\/wp-json\/wp\/v2\/users\/9"}],"replies":[{"embeddable":true,"href":"https:\/\/haduke.com\/pl\/wp-json\/wp\/v2\/comments?post=183"}],"version-history":[{"count":0,"href":"https:\/\/haduke.com\/pl\/wp-json\/wp\/v2\/pages\/183\/revisions"}],"wp:attachment":[{"href":"https:\/\/haduke.com\/pl\/wp-json\/wp\/v2\/media?parent=183"}],"curies":[{"name":"wp","href":"https:\/\/api.w.org\/{rel}","templated":true}]}}