{"id":1069,"date":"2023-07-04T10:02:36","date_gmt":"2023-07-04T13:02:36","guid":{"rendered":"https:\/\/haduke.com\/?page_id=3"},"modified":"2023-07-04T10:02:36","modified_gmt":"2023-07-04T13:02:36","slug":"politica-de-privacidade","status":"publish","type":"page","link":"https:\/\/haduke.com\/ro\/politica-de-privacidade\/","title":{"rendered":"Politica de confiden\u021bialitate"},"content":{"rendered":"<h2><span style=\"color: rgb(68, 68, 68);\">Politica de confiden\u021bialitate<\/span><\/h2><p><span style=\"color: rgb(68, 68, 68);\">Confiden\u021bialitatea dumneavoastr\u0103 este important\u0103 pentru noi. Politica Haduke este de a respecta confiden\u021bialitatea dumneavoastr\u0103 \u00een ceea ce prive\u0219te orice informa\u021bii pe care le-am putea colecta de la dumneavoastr\u0103 pe site. <a href=\"https:\/\/haduke.com\/ro\/\">Haduke<\/a>, \u0219i alte site-uri web pe care le de\u021binem \u0219i le oper\u0103m.<\/span><\/p><p><span style=\"color: rgb(68, 68, 68);\">Solicit\u0103m informa\u021bii personale doar atunci c\u00e2nd avem cu adev\u0103rat nevoie de ele pentru a v\u0103 oferi un serviciu. Facem acest lucru \u00een mod corect \u0219i legal, cu cuno\u0219tin\u021ba \u0219i consim\u021b\u0103m\u00e2ntul dumneavoastr\u0103. De asemenea, v\u0103 inform\u0103m de ce le colect\u0103m \u0219i cum vor fi utilizate.<\/span><\/p><p><span style=\"color: rgb(68, 68, 68);\">P\u0103str\u0103m informa\u021biile colectate doar at\u00e2t timp c\u00e2t este necesar pentru a furniza serviciul solicitat. Atunci c\u00e2nd stoc\u0103m date, le protej\u0103m prin mijloace acceptabile din punct de vedere comercial pentru a preveni pierderea \u0219i furtul, precum \u0219i accesul, divulgarea, copierea, utilizarea sau modificarea neautorizat\u0103.<\/span><\/p><p><span style=\"color: rgb(68, 68, 68);\">Nu \u00eemp\u0103rt\u0103\u0219im informa\u021bii personale de identificare public sau cu ter\u021be p\u0103r\u021bi, cu excep\u021bia cazurilor \u00een care legea o impune.<\/span><\/p><p><span style=\"color: rgb(68, 68, 68);\">Site-ul nostru web poate con\u021bine link-uri c\u0103tre site-uri externe care nu sunt operate de noi. V\u0103 rug\u0103m s\u0103 re\u021bine\u021bi c\u0103 nu avem control asupra con\u021binutului \u0219i practicilor acestor site-uri \u0219i nu ne putem asuma responsabilitatea pentru politicile lor respective.&nbsp;<\/span><a href=\"https:\/\/politicaprivacidade.com\/\" rel=\"noopener noreferrer\" target=\"_blank\" style=\"background-color: transparent; color: rgb(68, 68, 68);\">politici de confiden\u021bialitate<\/a><span style=\"color: rgb(68, 68, 68);\">.<\/span><\/p><p><span style=\"color: rgb(68, 68, 68);\">Sunte\u021bi liber s\u0103 refuza\u021bi solicitarea noastr\u0103 de informa\u021bii personale, \u00een\u021beleg\u00e2nd c\u0103 este posibil s\u0103 nu v\u0103 putem oferi unele dintre serviciile dorite.<\/span><\/p><p><span style=\"color: rgb(68, 68, 68);\">Utilizarea \u00een continuare a site-ului nostru web va fi considerat\u0103 o acceptare a practicilor noastre privind confiden\u021bialitatea \u0219i informa\u021biile personale. Dac\u0103 ave\u021bi \u00eentreb\u0103ri despre modul \u00een care gestion\u0103m datele utilizatorilor \u0219i informa\u021biile personale, v\u0103 rug\u0103m s\u0103 ne contacta\u021bi.<\/span><\/p><p><span style=\"color: rgb(68, 68, 68);\"><ul><li><span style=\"color: rgb(68, 68, 68);\">Serviciul Google AdSense pe care \u00eel folosim pentru a difuza reclame folose\u0219te un cookie DoubleClick pentru a afi\u0219a reclame mai relevante pe web \u0219i pentru a limita num\u0103rul de afi\u0219\u0103ri ale unei anumite reclame.<\/span><\/li><li><span style=\"color: rgb(68, 68, 68);\">Pentru mai multe informa\u021bii despre Google AdSense, consulta\u021bi \u00centreb\u0103rile frecvente oficiale privind confiden\u021bialitatea Google AdSense.<\/span><\/li><li><span style=\"color: rgb(68, 68, 68);\">Folosim publicitatea pentru a compensa costurile de func\u021bionare a acestui site \u0219i pentru a oferi finan\u021bare pentru dezvoltarea viitoare. Cookie-urile de publicitate comportamental\u0103 utilizate de acest site sunt concepute pentru a se asigura c\u0103 vi se ofer\u0103 cele mai relevante reclame ori de c\u00e2te ori este posibil, prin urm\u0103rirea anonim\u0103 a intereselor dvs. \u0219i prezentarea de lucruri similare care v-ar putea interesa.<\/span><\/li><li><span style=\"color: rgb(68, 68, 68);\">Mai mul\u021bi parteneri fac reclam\u0103 \u00een numele nostru, iar cookie-urile de urm\u0103rire a afilierii ne permit pur \u0219i simplu s\u0103 vedem dac\u0103 clien\u021bii no\u0219tri au accesat site-ul prin intermediul unuia dintre site-urile noastre partenere, astfel \u00eenc\u00e2t s\u0103 le putem acorda creditul corespunz\u0103tor \u0219i, acolo unde este cazul, s\u0103 permitem partenerilor no\u0219tri afilia\u021bi s\u0103 ofere orice promo\u021bii pe care le-ar putea oferi pentru a v\u0103 \u00eencuraja s\u0103 face\u021bi o achizi\u021bie.<\/span><\/li><\/ul><p><br><\/p><\/span><\/p><h3><span style=\"color: rgb(68, 68, 68);\">Angajamentul utilizatorului<\/span><\/h3><p><span style=\"color: rgb(68, 68, 68);\">Utilizatorul este de acord s\u0103 utilizeze \u00een mod corespunz\u0103tor con\u021binutul \u0219i informa\u021biile oferite de Haduke pe site, inclusiv, dar f\u0103r\u0103 a se limita la:<\/span><\/p><ul><li><span style=\"color: rgb(68, 68, 68);\">A) S\u0103 nu se angajeze \u00een activit\u0103\u021bi ilegale sau contrare bunei-credin\u021be \u0219i ordinii publice;<\/span><\/li><li><span style=\"color: rgb(68, 68, 68);\">B) S\u0103 nu disemineze propagand\u0103 sau con\u021binut cu caracter rasist, xenofob, legat de jocuri de noroc sau jocuri de noroc, orice tip de pornografie ilegal\u0103 sau care promoveaz\u0103 terorismul sau \u00eencalc\u0103 drepturile omului;<\/span><\/li><li><span style=\"color: rgb(68, 68, 68);\">C) S\u0103 nu provoace daune sistemelor fizice (hardware) \u0219i logice (software) ale Haduke, furnizorilor s\u0103i sau ter\u021bilor, prin introducerea sau r\u0103sp\u00e2ndirea de viru\u0219i informatici sau a oric\u0103ror alte sisteme hardware sau software capabile s\u0103 provoace daunele men\u021bionate anterior.<\/span><\/li><\/ul><h3><span style=\"color: rgb(68, 68, 68);\">Mai multe informa\u021bii<\/span><\/h3><p><span style=\"color: rgb(68, 68, 68);\">Sper\u0103m c\u0103 acest lucru este clar \u0219i, a\u0219a cum am men\u021bionat anterior, dac\u0103 exist\u0103 ceva despre care nu sunte\u021bi sigur dac\u0103 ave\u021bi nevoie sau nu de ele, este \u00een general mai sigur s\u0103 l\u0103sa\u021bi cookie-urile activate \u00een cazul \u00een care interac\u021biona\u021bi cu una dintre func\u021biile pe care le utiliza\u021bi pe site-ul nostru web.<\/span><\/p><p><span style=\"color: rgb(68, 68, 68);\">Aceast\u0103 politic\u0103 intr\u0103 \u00een vigoare \u00eencep\u00e2nd cu 12 septembrie 2023, ora 13:18.<\/span><\/p>","protected":false},"excerpt":{"rendered":"<p>Pol\u00edtica Privacidade A sua privacidade \u00e9 importante para n\u00f3s. \u00c9 pol\u00edtica do Haduke respeitar a sua privacidade em rela\u00e7\u00e3o a qualquer informa\u00e7\u00e3o sua que possamos coletar no site Haduke, e outros sites que possu\u00edmos e operamos. Solicitamos informa\u00e7\u00f5es pessoais apenas quando realmente precisamos delas para lhe fornecer um servi\u00e7o. Fazemo-lo por meios justos e legais, [&hellip;]<\/p>\n","protected":false},"author":9,"featured_media":0,"parent":0,"menu_order":0,"comment_status":"closed","ping_status":"open","template":"","meta":{"footnotes":""},"class_list":["post-1069","page","type-page","status-publish","hentry"],"yoast_head":"<!-- This site is optimized with the Yoast SEO plugin v27.3 - https:\/\/yoast.com\/product\/yoast-seo-wordpress\/ -->\n<title>Pol\u00edtica de Privacidade - Haduke<\/title>\n<meta name=\"robots\" content=\"index, follow, max-snippet:-1, max-image-preview:large, max-video-preview:-1\" \/>\n<link rel=\"canonical\" href=\"https:\/\/haduke.com\/ro\/politica-de-privacidade\/\" \/>\n<meta property=\"og:locale\" content=\"ro_RO\" \/>\n<meta property=\"og:type\" content=\"article\" \/>\n<meta property=\"og:title\" content=\"Pol\u00edtica de Privacidade - Haduke\" \/>\n<meta property=\"og:description\" content=\"Pol\u00edtica Privacidade A sua privacidade \u00e9 importante para n\u00f3s. \u00c9 pol\u00edtica do Haduke respeitar a sua privacidade em rela\u00e7\u00e3o a qualquer informa\u00e7\u00e3o sua que possamos coletar no site Haduke, e outros sites que possu\u00edmos e operamos. Solicitamos informa\u00e7\u00f5es pessoais apenas quando realmente precisamos delas para lhe fornecer um servi\u00e7o. Fazemo-lo por meios justos e legais, [&hellip;]\" \/>\n<meta property=\"og:url\" content=\"https:\/\/haduke.com\/ro\/politica-de-privacidade\/\" \/>\n<meta property=\"og:site_name\" content=\"Haduke\" \/>\n<meta name=\"twitter:card\" content=\"summary_large_image\" \/>\n<meta name=\"twitter:label1\" content=\"Timp estimat pentru citire\" \/>\n\t<meta name=\"twitter:data1\" content=\"4 minute\" \/>\n<script type=\"application\/ld+json\" class=\"yoast-schema-graph\">{\"@context\":\"https:\\\/\\\/schema.org\",\"@graph\":[{\"@type\":\"WebPage\",\"@id\":\"https:\\\/\\\/haduke.com\\\/politica-de-privacidade\\\/\",\"url\":\"https:\\\/\\\/haduke.com\\\/politica-de-privacidade\\\/\",\"name\":\"Pol\u00edtica de Privacidade - Haduke\",\"isPartOf\":{\"@id\":\"https:\\\/\\\/haduke.com\\\/#website\"},\"datePublished\":\"2023-07-04T13:02:36+00:00\",\"breadcrumb\":{\"@id\":\"https:\\\/\\\/haduke.com\\\/politica-de-privacidade\\\/#breadcrumb\"},\"inLanguage\":\"ro-RO\",\"potentialAction\":[{\"@type\":\"ReadAction\",\"target\":[\"https:\\\/\\\/haduke.com\\\/politica-de-privacidade\\\/\"]}]},{\"@type\":\"BreadcrumbList\",\"@id\":\"https:\\\/\\\/haduke.com\\\/politica-de-privacidade\\\/#breadcrumb\",\"itemListElement\":[{\"@type\":\"ListItem\",\"position\":1,\"name\":\"Home\",\"item\":\"https:\\\/\\\/haduke.com\\\/\"},{\"@type\":\"ListItem\",\"position\":2,\"name\":\"Pol\u00edtica de Privacidade\"}]},{\"@type\":\"WebSite\",\"@id\":\"https:\\\/\\\/haduke.com\\\/#website\",\"url\":\"https:\\\/\\\/haduke.com\\\/\",\"name\":\"Haduke\",\"description\":\"\",\"potentialAction\":[{\"@type\":\"SearchAction\",\"target\":{\"@type\":\"EntryPoint\",\"urlTemplate\":\"https:\\\/\\\/haduke.com\\\/?s={search_term_string}\"},\"query-input\":{\"@type\":\"PropertyValueSpecification\",\"valueRequired\":true,\"valueName\":\"search_term_string\"}}],\"inLanguage\":\"ro-RO\"}]}<\/script>\n<!-- \/ Yoast SEO plugin. -->","yoast_head_json":{"title":"Pol\u00edtica de Privacidade - Haduke","robots":{"index":"index","follow":"follow","max-snippet":"max-snippet:-1","max-image-preview":"max-image-preview:large","max-video-preview":"max-video-preview:-1"},"canonical":"https:\/\/haduke.com\/ro\/politica-de-privacidade\/","og_locale":"ro_RO","og_type":"article","og_title":"Pol\u00edtica de Privacidade - Haduke","og_description":"Pol\u00edtica Privacidade A sua privacidade \u00e9 importante para n\u00f3s. \u00c9 pol\u00edtica do Haduke respeitar a sua privacidade em rela\u00e7\u00e3o a qualquer informa\u00e7\u00e3o sua que possamos coletar no site Haduke, e outros sites que possu\u00edmos e operamos. Solicitamos informa\u00e7\u00f5es pessoais apenas quando realmente precisamos delas para lhe fornecer um servi\u00e7o. Fazemo-lo por meios justos e legais, [&hellip;]","og_url":"https:\/\/haduke.com\/ro\/politica-de-privacidade\/","og_site_name":"Haduke","twitter_card":"summary_large_image","twitter_misc":{"Timp estimat pentru citire":"4 minute"},"schema":{"@context":"https:\/\/schema.org","@graph":[{"@type":"WebPage","@id":"https:\/\/haduke.com\/politica-de-privacidade\/","url":"https:\/\/haduke.com\/politica-de-privacidade\/","name":"Pol\u00edtica de Privacidade - Haduke","isPartOf":{"@id":"https:\/\/haduke.com\/#website"},"datePublished":"2023-07-04T13:02:36+00:00","breadcrumb":{"@id":"https:\/\/haduke.com\/politica-de-privacidade\/#breadcrumb"},"inLanguage":"ro-RO","potentialAction":[{"@type":"ReadAction","target":["https:\/\/haduke.com\/politica-de-privacidade\/"]}]},{"@type":"BreadcrumbList","@id":"https:\/\/haduke.com\/politica-de-privacidade\/#breadcrumb","itemListElement":[{"@type":"ListItem","position":1,"name":"Home","item":"https:\/\/haduke.com\/"},{"@type":"ListItem","position":2,"name":"Pol\u00edtica de Privacidade"}]},{"@type":"WebSite","@id":"https:\/\/haduke.com\/#website","url":"https:\/\/haduke.com\/","name":"Haduke","description":"","potentialAction":[{"@type":"SearchAction","target":{"@type":"EntryPoint","urlTemplate":"https:\/\/haduke.com\/?s={search_term_string}"},"query-input":{"@type":"PropertyValueSpecification","valueRequired":true,"valueName":"search_term_string"}}],"inLanguage":"ro-RO"}]}},"_links":{"self":[{"href":"https:\/\/haduke.com\/ro\/wp-json\/wp\/v2\/pages\/1069","targetHints":{"allow":["GET"]}}],"collection":[{"href":"https:\/\/haduke.com\/ro\/wp-json\/wp\/v2\/pages"}],"about":[{"href":"https:\/\/haduke.com\/ro\/wp-json\/wp\/v2\/types\/page"}],"author":[{"embeddable":true,"href":"https:\/\/haduke.com\/ro\/wp-json\/wp\/v2\/users\/9"}],"replies":[{"embeddable":true,"href":"https:\/\/haduke.com\/ro\/wp-json\/wp\/v2\/comments?post=1069"}],"version-history":[{"count":0,"href":"https:\/\/haduke.com\/ro\/wp-json\/wp\/v2\/pages\/1069\/revisions"}],"wp:attachment":[{"href":"https:\/\/haduke.com\/ro\/wp-json\/wp\/v2\/media?parent=1069"}],"curies":[{"name":"wp","href":"https:\/\/api.w.org\/{rel}","templated":true}]}}