{"id":1069,"date":"2023-07-04T10:02:36","date_gmt":"2023-07-04T13:02:36","guid":{"rendered":"https:\/\/haduke.com\/?page_id=3"},"modified":"2023-07-04T10:02:36","modified_gmt":"2023-07-04T13:02:36","slug":"politica-de-privacidade","status":"publish","type":"page","link":"https:\/\/haduke.com\/tr\/politica-de-privacidade\/","title":{"rendered":"Gizlilik Politikas\u0131"},"content":{"rendered":"<h2><span style=\"color: rgb(68, 68, 68);\">Gizlilik Politikas\u0131<\/span><\/h2><p><span style=\"color: rgb(68, 68, 68);\">Gizlili\u011finiz bizim i\u00e7in \u00f6nemlidir. Haduke olarak, web sitesinde sizden toplayabilece\u011fimiz t\u00fcm bilgilerle ilgili olarak gizlili\u011finize sayg\u0131 g\u00f6stermek politikam\u0131zd\u0131r. <a href=\"https:\/\/haduke.com\/tr\/\">Haduke<\/a>ve sahip oldu\u011fumuz ve i\u015fletti\u011fimiz di\u011fer web siteleri.<\/span><\/p><p><span style=\"color: rgb(68, 68, 68);\">Ki\u015fisel bilgilerinizi yaln\u0131zca size bir hizmet sunmak i\u00e7in ger\u00e7ekten ihtiya\u00e7 duydu\u011fumuzda isteriz. Bilgileri adil ve yasal yollarla, bilginiz ve izninizle topluyoruz. Ayr\u0131ca, bilgilerinizi neden toplad\u0131\u011f\u0131m\u0131z\u0131 ve nas\u0131l kullan\u0131laca\u011f\u0131n\u0131 da size bildiriyoruz.<\/span><\/p><p><span style=\"color: rgb(68, 68, 68);\">Toplad\u0131\u011f\u0131m\u0131z bilgileri yaln\u0131zca talep etti\u011finiz hizmeti size sunmak i\u00e7in gereken s\u00fcre boyunca sakl\u0131yoruz. Saklad\u0131\u011f\u0131m\u0131z verileri, ticari olarak kabul edilebilir bir \u015fekilde koruyarak, kaybolma ve \u00e7al\u0131nmay\u0131, ayr\u0131ca yetkisiz eri\u015fim, if\u015fa, kopyalama, kullan\u0131m veya de\u011fi\u015fikli\u011fi \u00f6nl\u00fcyoruz.<\/span><\/p><p><span style=\"color: rgb(68, 68, 68);\">Ki\u015fisel olarak tan\u0131mlanabilir bilgileri, kanunen gerekli olmad\u0131k\u00e7a, kamuya a\u00e7\u0131k olarak veya \u00fc\u00e7\u00fcnc\u00fc taraflarla payla\u015fm\u0131yoruz.<\/span><\/p><p><span style=\"color: rgb(68, 68, 68);\">Web sitemiz, taraf\u0131m\u0131zca i\u015fletilmeyen harici sitelere ba\u011flant\u0131lar i\u00e7erebilir. L\u00fctfen bu sitelerin i\u00e7eri\u011fi ve uygulamalar\u0131 \u00fczerinde hi\u00e7bir kontrol\u00fcm\u00fcz olmad\u0131\u011f\u0131n\u0131 ve ilgili i\u00e7eriklerinden sorumlu tutulamayaca\u011f\u0131m\u0131z\u0131 unutmay\u0131n.&nbsp;<\/span><a href=\"https:\/\/politicaprivacidade.com\/\" rel=\"noopener noreferrer\" target=\"_blank\" style=\"background-color: transparent; color: rgb(68, 68, 68);\">gizlilik politikalar\u0131<\/a><span style=\"color: rgb(68, 68, 68);\">.<\/span><\/p><p><span style=\"color: rgb(68, 68, 68);\">\u0130stedi\u011finiz hizmetlerin bir k\u0131sm\u0131n\u0131 size sa\u011flayamayabilece\u011fimizi bilerek, ki\u015fisel bilgilerinizle ilgili talebimizi reddetmekte \u00f6zg\u00fcrs\u00fcn\u00fcz.<\/span><\/p><p><span style=\"color: rgb(68, 68, 68);\">Web sitemizi kullanmaya devam etmeniz, gizlilik ve ki\u015fisel bilgi uygulamalar\u0131m\u0131z\u0131 kabul etti\u011finiz anlam\u0131na gelecektir. Kullan\u0131c\u0131 verilerini ve ki\u015fisel bilgileri nas\u0131l i\u015fledi\u011fimiz hakk\u0131nda herhangi bir sorunuz varsa, l\u00fctfen bizimle ileti\u015fime ge\u00e7in.<\/span><\/p><p><span style=\"color: rgb(68, 68, 68);\"><ul><li><span style=\"color: rgb(68, 68, 68);\">Reklam sunmak i\u00e7in kulland\u0131\u011f\u0131m\u0131z Google AdSense hizmeti, web genelinde daha alakal\u0131 reklamlar sunmak ve belirli bir reklam\u0131n size g\u00f6sterilme say\u0131s\u0131n\u0131 s\u0131n\u0131rlamak i\u00e7in bir DoubleClick \u00e7erezi kullan\u0131r.<\/span><\/li><li><span style=\"color: rgb(68, 68, 68);\">Google AdSense hakk\u0131nda daha fazla bilgi i\u00e7in resmi Google AdSense Gizlilik SSS&#039;lerine bak\u0131n.<\/span><\/li><li><span style=\"color: rgb(68, 68, 68);\">Bu web sitesinin i\u015fletme maliyetlerini kar\u015f\u0131lamak ve gelecekteki geli\u015ftirmeler i\u00e7in fon sa\u011flamak amac\u0131yla reklam kullan\u0131yoruz. Bu web sitesi taraf\u0131ndan kullan\u0131lan davran\u0131\u015fsal reklam \u00e7erezleri, ilgi alanlar\u0131n\u0131z\u0131 anonim olarak izleyerek ve ilginizi \u00e7ekebilecek benzer i\u00e7erikler sunarak size m\u00fcmk\u00fcn olan en uygun reklamlar\u0131 sunmam\u0131z\u0131 sa\u011flamak i\u00e7in tasarlanm\u0131\u015ft\u0131r.<\/span><\/li><li><span style=\"color: rgb(68, 68, 68);\">Bir\u00e7ok ortak bizim ad\u0131m\u0131za reklam verir ve ba\u011fl\u0131 kurulu\u015f izleme \u00e7erezleri, m\u00fc\u015fterilerimizin sitemize ortak sitelerimizden biri arac\u0131l\u0131\u011f\u0131yla gelip gelmedi\u011fini g\u00f6rmemizi sa\u011flar, b\u00f6ylece onlara uygun \u015fekilde kredi verebiliriz ve uygun durumlarda ba\u011fl\u0131 kurulu\u015f ortaklar\u0131m\u0131z\u0131n size bir sat\u0131n alma i\u015flemi yapman\u0131z durumunda sa\u011flayabilecekleri herhangi bir te\u015fviki sa\u011flamalar\u0131na olanak tan\u0131r\u0131z.<\/span><\/li><\/ul><p><br><\/p><\/span><\/p><h3><span style=\"color: rgb(68, 68, 68);\">Kullan\u0131c\u0131 Taahh\u00fcd\u00fc<\/span><\/h3><p><span style=\"color: rgb(68, 68, 68);\">Kullan\u0131c\u0131, Haduke&#039;nin web sitesinde sundu\u011fu i\u00e7erik ve bilgileri uygun \u015fekilde kullanmay\u0131 taahh\u00fct eder ve \u00f6rne\u011fin ancak bunlarla s\u0131n\u0131rl\u0131 olmamak \u00fczere:<\/span><\/p><ul><li><span style=\"color: rgb(68, 68, 68);\">A) Hukuka ayk\u0131r\u0131, iyi niyet ve kamu d\u00fczenine ayk\u0131r\u0131 faaliyetlerde bulunmamak;<\/span><\/li><li><span style=\"color: rgb(68, 68, 68);\">B) Irk\u00e7\u0131, yabanc\u0131 d\u00fc\u015fman\u0131, kumar, her t\u00fcrl\u00fc yasad\u0131\u015f\u0131 pornografi, ter\u00f6rizmi destekleyici veya insan haklar\u0131na ayk\u0131r\u0131 propaganda veya i\u00e7erik yaymay\u0131n;<\/span><\/li><li><span style=\"color: rgb(68, 68, 68);\">C) Haduke&#039;nin, tedarik\u00e7ilerinin veya \u00fc\u00e7\u00fcnc\u00fc \u015fah\u0131slar\u0131n fiziksel (donan\u0131m) ve mant\u0131ksal (yaz\u0131l\u0131m) sistemlerine zarar vermemek, bilgisayar vir\u00fcsleri veya yukar\u0131da belirtilen zarara yol a\u00e7abilecek di\u011fer donan\u0131m veya yaz\u0131l\u0131m sistemlerini tan\u0131tmamak veya yaymamak.<\/span><\/li><\/ul><h3><span style=\"color: rgb(68, 68, 68);\">Daha fazla bilgi<\/span><\/h3><p><span style=\"color: rgb(68, 68, 68);\">Umar\u0131m bu sizin i\u00e7in konuyu a\u00e7\u0131kl\u0131\u011fa kavu\u015fturmu\u015ftur. Daha \u00f6nce de belirtildi\u011fi gibi, ihtiyac\u0131n\u0131z olup olmad\u0131\u011f\u0131ndan emin olmad\u0131\u011f\u0131n\u0131z bir \u015fey varsa, sitemizde kulland\u0131\u011f\u0131n\u0131z \u00f6zelliklerden biriyle etkile\u015fime girmesi durumunda \u00e7erezleri etkin b\u0131rakmak genellikle daha g\u00fcvenlidir.<\/span><\/p><p><span style=\"color: rgb(68, 68, 68);\">Bu politika 12 Eyl\u00fcl 2023 13:18 itibar\u0131yla ge\u00e7erlidir.<\/span><\/p>","protected":false},"excerpt":{"rendered":"<p>Pol\u00edtica Privacidade A sua privacidade \u00e9 importante para n\u00f3s. \u00c9 pol\u00edtica do Haduke respeitar a sua privacidade em rela\u00e7\u00e3o a qualquer informa\u00e7\u00e3o sua que possamos coletar no site Haduke, e outros sites que possu\u00edmos e operamos. Solicitamos informa\u00e7\u00f5es pessoais apenas quando realmente precisamos delas para lhe fornecer um servi\u00e7o. Fazemo-lo por meios justos e legais, [&hellip;]<\/p>\n","protected":false},"author":9,"featured_media":0,"parent":0,"menu_order":0,"comment_status":"closed","ping_status":"open","template":"","meta":{"footnotes":""},"class_list":["post-1069","page","type-page","status-publish","hentry"],"yoast_head":"<!-- This site is optimized with the Yoast SEO plugin v27.4 - https:\/\/yoast.com\/product\/yoast-seo-wordpress\/ -->\n<title>Pol\u00edtica de Privacidade - Haduke<\/title>\n<meta name=\"robots\" content=\"index, follow, max-snippet:-1, max-image-preview:large, max-video-preview:-1\" \/>\n<link rel=\"canonical\" href=\"https:\/\/haduke.com\/tr\/politica-de-privacidade\/\" \/>\n<meta property=\"og:locale\" content=\"tr_TR\" \/>\n<meta property=\"og:type\" content=\"article\" \/>\n<meta property=\"og:title\" content=\"Pol\u00edtica de Privacidade - Haduke\" \/>\n<meta property=\"og:description\" content=\"Pol\u00edtica Privacidade A sua privacidade \u00e9 importante para n\u00f3s. \u00c9 pol\u00edtica do Haduke respeitar a sua privacidade em rela\u00e7\u00e3o a qualquer informa\u00e7\u00e3o sua que possamos coletar no site Haduke, e outros sites que possu\u00edmos e operamos. Solicitamos informa\u00e7\u00f5es pessoais apenas quando realmente precisamos delas para lhe fornecer um servi\u00e7o. Fazemo-lo por meios justos e legais, [&hellip;]\" \/>\n<meta property=\"og:url\" content=\"https:\/\/haduke.com\/tr\/politica-de-privacidade\/\" \/>\n<meta property=\"og:site_name\" content=\"Haduke\" \/>\n<meta name=\"twitter:card\" content=\"summary_large_image\" \/>\n<meta name=\"twitter:label1\" content=\"Tahmini okuma s\u00fcresi\" \/>\n\t<meta name=\"twitter:data1\" content=\"4 dakika\" \/>\n<script type=\"application\/ld+json\" class=\"yoast-schema-graph\">{\"@context\":\"https:\\\/\\\/schema.org\",\"@graph\":[{\"@type\":\"WebPage\",\"@id\":\"https:\\\/\\\/haduke.com\\\/politica-de-privacidade\\\/\",\"url\":\"https:\\\/\\\/haduke.com\\\/politica-de-privacidade\\\/\",\"name\":\"Pol\u00edtica de Privacidade - Haduke\",\"isPartOf\":{\"@id\":\"https:\\\/\\\/haduke.com\\\/#website\"},\"datePublished\":\"2023-07-04T13:02:36+00:00\",\"breadcrumb\":{\"@id\":\"https:\\\/\\\/haduke.com\\\/politica-de-privacidade\\\/#breadcrumb\"},\"inLanguage\":\"tr\",\"potentialAction\":[{\"@type\":\"ReadAction\",\"target\":[\"https:\\\/\\\/haduke.com\\\/politica-de-privacidade\\\/\"]}]},{\"@type\":\"BreadcrumbList\",\"@id\":\"https:\\\/\\\/haduke.com\\\/politica-de-privacidade\\\/#breadcrumb\",\"itemListElement\":[{\"@type\":\"ListItem\",\"position\":1,\"name\":\"Home\",\"item\":\"https:\\\/\\\/haduke.com\\\/\"},{\"@type\":\"ListItem\",\"position\":2,\"name\":\"Pol\u00edtica de Privacidade\"}]},{\"@type\":\"WebSite\",\"@id\":\"https:\\\/\\\/haduke.com\\\/#website\",\"url\":\"https:\\\/\\\/haduke.com\\\/\",\"name\":\"Haduke\",\"description\":\"\",\"potentialAction\":[{\"@type\":\"SearchAction\",\"target\":{\"@type\":\"EntryPoint\",\"urlTemplate\":\"https:\\\/\\\/haduke.com\\\/?s={search_term_string}\"},\"query-input\":{\"@type\":\"PropertyValueSpecification\",\"valueRequired\":true,\"valueName\":\"search_term_string\"}}],\"inLanguage\":\"tr\"}]}<\/script>\n<!-- \/ Yoast SEO plugin. -->","yoast_head_json":{"title":"Pol\u00edtica de Privacidade - Haduke","robots":{"index":"index","follow":"follow","max-snippet":"max-snippet:-1","max-image-preview":"max-image-preview:large","max-video-preview":"max-video-preview:-1"},"canonical":"https:\/\/haduke.com\/tr\/politica-de-privacidade\/","og_locale":"tr_TR","og_type":"article","og_title":"Pol\u00edtica de Privacidade - Haduke","og_description":"Pol\u00edtica Privacidade A sua privacidade \u00e9 importante para n\u00f3s. \u00c9 pol\u00edtica do Haduke respeitar a sua privacidade em rela\u00e7\u00e3o a qualquer informa\u00e7\u00e3o sua que possamos coletar no site Haduke, e outros sites que possu\u00edmos e operamos. Solicitamos informa\u00e7\u00f5es pessoais apenas quando realmente precisamos delas para lhe fornecer um servi\u00e7o. Fazemo-lo por meios justos e legais, [&hellip;]","og_url":"https:\/\/haduke.com\/tr\/politica-de-privacidade\/","og_site_name":"Haduke","twitter_card":"summary_large_image","twitter_misc":{"Tahmini okuma s\u00fcresi":"4 dakika"},"schema":{"@context":"https:\/\/schema.org","@graph":[{"@type":"WebPage","@id":"https:\/\/haduke.com\/politica-de-privacidade\/","url":"https:\/\/haduke.com\/politica-de-privacidade\/","name":"Pol\u00edtica de Privacidade - Haduke","isPartOf":{"@id":"https:\/\/haduke.com\/#website"},"datePublished":"2023-07-04T13:02:36+00:00","breadcrumb":{"@id":"https:\/\/haduke.com\/politica-de-privacidade\/#breadcrumb"},"inLanguage":"tr","potentialAction":[{"@type":"ReadAction","target":["https:\/\/haduke.com\/politica-de-privacidade\/"]}]},{"@type":"BreadcrumbList","@id":"https:\/\/haduke.com\/politica-de-privacidade\/#breadcrumb","itemListElement":[{"@type":"ListItem","position":1,"name":"Home","item":"https:\/\/haduke.com\/"},{"@type":"ListItem","position":2,"name":"Pol\u00edtica de Privacidade"}]},{"@type":"WebSite","@id":"https:\/\/haduke.com\/#website","url":"https:\/\/haduke.com\/","name":"Haduke","description":"","potentialAction":[{"@type":"SearchAction","target":{"@type":"EntryPoint","urlTemplate":"https:\/\/haduke.com\/?s={search_term_string}"},"query-input":{"@type":"PropertyValueSpecification","valueRequired":true,"valueName":"search_term_string"}}],"inLanguage":"tr"}]}},"_links":{"self":[{"href":"https:\/\/haduke.com\/tr\/wp-json\/wp\/v2\/pages\/1069","targetHints":{"allow":["GET"]}}],"collection":[{"href":"https:\/\/haduke.com\/tr\/wp-json\/wp\/v2\/pages"}],"about":[{"href":"https:\/\/haduke.com\/tr\/wp-json\/wp\/v2\/types\/page"}],"author":[{"embeddable":true,"href":"https:\/\/haduke.com\/tr\/wp-json\/wp\/v2\/users\/9"}],"replies":[{"embeddable":true,"href":"https:\/\/haduke.com\/tr\/wp-json\/wp\/v2\/comments?post=1069"}],"version-history":[{"count":0,"href":"https:\/\/haduke.com\/tr\/wp-json\/wp\/v2\/pages\/1069\/revisions"}],"wp:attachment":[{"href":"https:\/\/haduke.com\/tr\/wp-json\/wp\/v2\/media?parent=1069"}],"curies":[{"name":"wp","href":"https:\/\/api.w.org\/{rel}","templated":true}]}}