{"id":183,"date":"2023-09-12T10:22:21","date_gmt":"2023-09-12T13:22:21","guid":{"rendered":"https:\/\/haduke.com\/?page_id=183"},"modified":"2023-09-12T10:22:21","modified_gmt":"2023-09-12T13:22:21","slug":"termos-e-condicoes","status":"publish","type":"page","link":"https:\/\/haduke.com\/tr\/termos-e-condicoes\/","title":{"rendered":"\u015eartlar ve ko\u015fullar"},"content":{"rendered":"<h2><span style=\"color: rgb(68, 68, 68);\">1. \u015eartlar<\/span><\/h2><p><span style=\"color: rgb(68, 68, 68);\">Web sitesine eri\u015firken <a href=\"https:\/\/haduke.com\/tr\/\">Haduke<\/a>, bu hizmet \u015fartlar\u0131na, ge\u00e7erli t\u00fcm yasa ve d\u00fczenlemelere uymay\u0131 kabul ediyor ve ge\u00e7erli t\u00fcm yerel yasalara uymaktan sorumlu oldu\u011funuzu kabul ediyorsunuz. Bu \u015fartlardan herhangi birini kabul etmiyorsan\u0131z, bu siteyi kullanman\u0131z veya siteye eri\u015fmeniz yasakt\u0131r. Bu sitede yer alan materyaller, ge\u00e7erli telif hakk\u0131 ve ticari marka yasalar\u0131yla korunmaktad\u0131r.<\/span><\/p><h2><span style=\"color: rgb(68, 68, 68);\">2. Kullan\u0131m Lisans\u0131<\/span><\/h2><p><span style=\"color: rgb(68, 68, 68);\">Haduke web sitesindeki materyallerin (bilgi veya yaz\u0131l\u0131m) bir kopyas\u0131n\u0131n yaln\u0131zca ki\u015fisel, ticari olmayan ge\u00e7ici g\u00f6r\u00fcnt\u00fcleme amac\u0131yla ge\u00e7ici olarak indirilmesine izin verilmektedir. Bu, bir lisans verilmesidir, m\u00fclkiyet devri de\u011fildir ve bu lisans kapsam\u0131nda \u015funlar\u0131 yapamazs\u0131n\u0131z:&nbsp;<\/span><\/p><ol><li><span style=\"color: rgb(68, 68, 68);\">materyalleri de\u011fi\u015ftirmek veya kopyalamak;&nbsp;<\/span><\/li><li><span style=\"color: rgb(68, 68, 68);\">materyalleri herhangi bir ticari ama\u00e7 i\u00e7in veya herhangi bir kamu g\u00f6sterimi i\u00e7in (ticari veya ticari olmayan) kullanmak;&nbsp;<\/span><\/li><li><span style=\"color: rgb(68, 68, 68);\">Haduke web sitesinde bulunan herhangi bir yaz\u0131l\u0131m\u0131n derlemesini \u00e7\u00f6zmeye veya tersine m\u00fchendislik uygulamaya \u00e7al\u0131\u015fmak;&nbsp;<\/span><\/li><li><span style=\"color: rgb(68, 68, 68);\">materyallerden herhangi bir telif hakk\u0131n\u0131 veya di\u011fer m\u00fclkiyet kay\u0131tlar\u0131n\u0131 kald\u0131rmak; veya&nbsp;<\/span><\/li><li><span style=\"color: rgb(68, 68, 68);\">Materyalleri ba\u015fka bir ki\u015fiye aktaramaz veya ba\u015fka bir sunucuda &#039;yans\u0131tamazs\u0131n\u0131z&#039;.<\/span><\/li><\/ol><p><span style=\"color: rgb(68, 68, 68);\">Bu lisans, bu k\u0131s\u0131tlamalardan herhangi birini ihlal etmeniz durumunda otomatik olarak sona erer ve Haduke taraf\u0131ndan herhangi bir zamanda feshedilebilir. Bu materyalleri g\u00f6r\u00fcnt\u00fclemeyi sonland\u0131rd\u0131\u011f\u0131n\u0131zda veya bu lisans\u0131n feshedilmesi durumunda, elektronik veya bas\u0131l\u0131 formatta olsun, elinizde bulunan t\u00fcm indirilmi\u015f materyalleri silmelisiniz.<\/span><\/p><h2><span style=\"color: rgb(68, 68, 68);\">3. Sorumluluk Reddi<\/span><\/h2><ol><li><span style=\"color: rgb(68, 68, 68);\">Haduke web sitesindeki materyaller &quot;oldu\u011fu gibi&quot; sunulmaktad\u0131r. Haduke, a\u00e7\u0131k veya z\u0131mni hi\u00e7bir garanti vermez ve i\u015fbu belgeyle, pazarlanabilirlik, belirli bir amaca uygunluk veya fikri m\u00fclkiyetin ihlal edilmemesi veya ba\u015fka hak ihlalleri dahil ancak bunlarla s\u0131n\u0131rl\u0131 olmamak \u00fczere, z\u0131mni garantiler veya ko\u015fullar dahil olmak \u00fczere di\u011fer t\u00fcm garantileri reddeder ve ge\u00e7ersiz k\u0131lar.<\/span><\/li><li><span style=\"color: rgb(68, 68, 68);\">Ayr\u0131ca Haduke, web sitesinde yer alan materyallerin veya bu materyallerle veya bu siteye ba\u011fl\u0131 herhangi bir siteyle ilgili olarak kullan\u0131m\u0131n\u0131n do\u011frulu\u011fu, muhtemel sonu\u00e7lar\u0131 veya g\u00fcvenilirli\u011fi konusunda hi\u00e7bir garanti vermez veya beyanda bulunmaz.<\/span><\/li><\/ol><h2><span style=\"color: rgb(68, 68, 68);\">4. S\u0131n\u0131rlamalar<\/span><\/h2><p><span style=\"color: rgb(68, 68, 68);\">Haduke veya tedarik\u00e7ileri, Haduke&#039;deki materyallerin kullan\u0131m\u0131ndan veya kullan\u0131lamamas\u0131ndan kaynaklanan hi\u00e7bir zarardan (veri veya k\u00e2r kayb\u0131 veya i\u015f kesintisi nedeniyle olu\u015fan zararlar dahil ancak bunlarla s\u0131n\u0131rl\u0131 olmamak \u00fczere) hi\u00e7bir \u015fekilde sorumlu tutulamaz. Haduke veya yetkili bir Haduke temsilcisine b\u00f6yle bir zarar olas\u0131l\u0131\u011f\u0131 s\u00f6zl\u00fc veya yaz\u0131l\u0131 olarak bildirilmi\u015f olsa bile bu durum ge\u00e7erlidir. Baz\u0131 yarg\u0131 b\u00f6lgeleri, z\u0131mni garantilere veya dolayl\u0131 veya ar\u0131zi zararlar i\u00e7in sorumluluk s\u0131n\u0131rlamalar\u0131na izin vermedi\u011finden, bu s\u0131n\u0131rlamalar sizin i\u00e7in ge\u00e7erli olmayabilir.<\/span><\/p><h2><span style=\"color: rgb(68, 68, 68);\">5. Malzemelerin do\u011frulu\u011fu<\/span><\/h2><p><span style=\"color: rgb(68, 68, 68);\">Haduke web sitesinde g\u00f6r\u00fcnt\u00fclenen materyaller teknik, tipografik veya foto\u011frafik hatalar i\u00e7erebilir. Haduke, web sitesindeki hi\u00e7bir materyalin do\u011fru, eksiksiz veya g\u00fcncel oldu\u011funu garanti etmez. Haduke, web sitesinde yer alan materyallerde herhangi bir zamanda \u00f6nceden haber vermeksizin de\u011fi\u015fiklik yapabilir. Ancak, Haduke bu materyalleri g\u00fcncellemeyi taahh\u00fct etmez.<\/span><\/p><h2><span style=\"color: rgb(68, 68, 68);\">6. Ba\u011flant\u0131lar<\/span><\/h2><p><span style=\"color: rgb(68, 68, 68);\">Haduke, web sitesine ba\u011fl\u0131 t\u00fcm siteleri incelememi\u015ftir ve ba\u011flant\u0131l\u0131 sitelerin i\u00e7eri\u011finden sorumlu de\u011fildir. Herhangi bir ba\u011flant\u0131n\u0131n eklenmesi, Haduke&#039;nin siteyi onaylad\u0131\u011f\u0131 anlam\u0131na gelmez. Ba\u011flant\u0131l\u0131 herhangi bir sitenin kullan\u0131m\u0131 kullan\u0131c\u0131n\u0131n kendi sorumlulu\u011fundad\u0131r.<\/span><\/p><p><br><\/p><h3><span style=\"color: rgb(68, 68, 68);\">De\u011fi\u015fiklikler<\/span><\/h3><p><span style=\"color: rgb(68, 68, 68);\">Haduke, web sitesi i\u00e7in bu hizmet \u015fartlar\u0131n\u0131 herhangi bir zamanda \u00f6nceden haber vermeksizin g\u00fcncelleyebilir. Bu web sitesini kullanarak, bu hizmet \u015fartlar\u0131n\u0131n g\u00fcncel s\u00fcr\u00fcm\u00fcne ba\u011fl\u0131 kalmay\u0131 kabul etmi\u015f olursunuz.<\/span><\/p><h3><span style=\"color: rgb(68, 68, 68);\">Uygulanabilir hukuk<\/span><\/h3><p><span style=\"color: rgb(68, 68, 68);\">Bu h\u00fck\u00fcm ve ko\u015fullar Haduke yasalar\u0131na tabidir ve bu yasalara g\u00f6re yorumlan\u0131r ve siz geri d\u00f6n\u00fclmez bir \u015fekilde o eyalet veya konumdaki mahkemelerin m\u00fcnhas\u0131r yarg\u0131 yetkisine tabi olursunuz.<\/span><\/p>","protected":false},"excerpt":{"rendered":"<p>1. Termos Ao acessar ao site Haduke, concorda em cumprir estes termos de servi\u00e7o, todas as leis e regulamentos aplic\u00e1veis \u200b\u200be concorda que \u00e9 respons\u00e1vel pelo cumprimento de todas as leis locais aplic\u00e1veis. Se voc\u00ea n\u00e3o concordar com algum desses termos, est\u00e1 proibido de usar ou acessar este site. Os materiais contidos neste site s\u00e3o [&hellip;]<\/p>\n","protected":false},"author":9,"featured_media":0,"parent":0,"menu_order":0,"comment_status":"closed","ping_status":"closed","template":"","meta":{"footnotes":""},"class_list":["post-183","page","type-page","status-publish","hentry"],"yoast_head":"<!-- This site is optimized with the Yoast SEO plugin v27.4 - https:\/\/yoast.com\/product\/yoast-seo-wordpress\/ -->\n<title>Termos e Condi\u00e7\u00f5es - Haduke<\/title>\n<meta name=\"robots\" content=\"index, follow, max-snippet:-1, max-image-preview:large, max-video-preview:-1\" \/>\n<link rel=\"canonical\" href=\"https:\/\/haduke.com\/tr\/termos-e-condicoes\/\" \/>\n<meta property=\"og:locale\" content=\"tr_TR\" \/>\n<meta property=\"og:type\" content=\"article\" \/>\n<meta property=\"og:title\" content=\"Termos e Condi\u00e7\u00f5es - Haduke\" \/>\n<meta property=\"og:description\" content=\"1. Termos Ao acessar ao site Haduke, concorda em cumprir estes termos de servi\u00e7o, todas as leis e regulamentos aplic\u00e1veis \u200b\u200be concorda que \u00e9 respons\u00e1vel pelo cumprimento de todas as leis locais aplic\u00e1veis. Se voc\u00ea n\u00e3o concordar com algum desses termos, est\u00e1 proibido de usar ou acessar este site. Os materiais contidos neste site s\u00e3o [&hellip;]\" \/>\n<meta property=\"og:url\" content=\"https:\/\/haduke.com\/tr\/termos-e-condicoes\/\" \/>\n<meta property=\"og:site_name\" content=\"Haduke\" \/>\n<meta name=\"twitter:card\" content=\"summary_large_image\" \/>\n<meta name=\"twitter:label1\" content=\"Tahmini okuma s\u00fcresi\" \/>\n\t<meta name=\"twitter:data1\" content=\"4 dakika\" \/>\n<script type=\"application\/ld+json\" class=\"yoast-schema-graph\">{\"@context\":\"https:\\\/\\\/schema.org\",\"@graph\":[{\"@type\":\"WebPage\",\"@id\":\"https:\\\/\\\/haduke.com\\\/termos-e-condicoes\\\/\",\"url\":\"https:\\\/\\\/haduke.com\\\/termos-e-condicoes\\\/\",\"name\":\"Termos e Condi\u00e7\u00f5es - Haduke\",\"isPartOf\":{\"@id\":\"https:\\\/\\\/haduke.com\\\/#website\"},\"datePublished\":\"2023-09-12T13:22:21+00:00\",\"breadcrumb\":{\"@id\":\"https:\\\/\\\/haduke.com\\\/termos-e-condicoes\\\/#breadcrumb\"},\"inLanguage\":\"tr\",\"potentialAction\":[{\"@type\":\"ReadAction\",\"target\":[\"https:\\\/\\\/haduke.com\\\/termos-e-condicoes\\\/\"]}]},{\"@type\":\"BreadcrumbList\",\"@id\":\"https:\\\/\\\/haduke.com\\\/termos-e-condicoes\\\/#breadcrumb\",\"itemListElement\":[{\"@type\":\"ListItem\",\"position\":1,\"name\":\"Home\",\"item\":\"https:\\\/\\\/haduke.com\\\/\"},{\"@type\":\"ListItem\",\"position\":2,\"name\":\"Termos e Condi\u00e7\u00f5es\"}]},{\"@type\":\"WebSite\",\"@id\":\"https:\\\/\\\/haduke.com\\\/#website\",\"url\":\"https:\\\/\\\/haduke.com\\\/\",\"name\":\"Haduke\",\"description\":\"\",\"potentialAction\":[{\"@type\":\"SearchAction\",\"target\":{\"@type\":\"EntryPoint\",\"urlTemplate\":\"https:\\\/\\\/haduke.com\\\/?s={search_term_string}\"},\"query-input\":{\"@type\":\"PropertyValueSpecification\",\"valueRequired\":true,\"valueName\":\"search_term_string\"}}],\"inLanguage\":\"tr\"}]}<\/script>\n<!-- \/ Yoast SEO plugin. -->","yoast_head_json":{"title":"Termos e Condi\u00e7\u00f5es - Haduke","robots":{"index":"index","follow":"follow","max-snippet":"max-snippet:-1","max-image-preview":"max-image-preview:large","max-video-preview":"max-video-preview:-1"},"canonical":"https:\/\/haduke.com\/tr\/termos-e-condicoes\/","og_locale":"tr_TR","og_type":"article","og_title":"Termos e Condi\u00e7\u00f5es - Haduke","og_description":"1. Termos Ao acessar ao site Haduke, concorda em cumprir estes termos de servi\u00e7o, todas as leis e regulamentos aplic\u00e1veis \u200b\u200be concorda que \u00e9 respons\u00e1vel pelo cumprimento de todas as leis locais aplic\u00e1veis. Se voc\u00ea n\u00e3o concordar com algum desses termos, est\u00e1 proibido de usar ou acessar este site. Os materiais contidos neste site s\u00e3o [&hellip;]","og_url":"https:\/\/haduke.com\/tr\/termos-e-condicoes\/","og_site_name":"Haduke","twitter_card":"summary_large_image","twitter_misc":{"Tahmini okuma s\u00fcresi":"4 dakika"},"schema":{"@context":"https:\/\/schema.org","@graph":[{"@type":"WebPage","@id":"https:\/\/haduke.com\/termos-e-condicoes\/","url":"https:\/\/haduke.com\/termos-e-condicoes\/","name":"Termos e Condi\u00e7\u00f5es - Haduke","isPartOf":{"@id":"https:\/\/haduke.com\/#website"},"datePublished":"2023-09-12T13:22:21+00:00","breadcrumb":{"@id":"https:\/\/haduke.com\/termos-e-condicoes\/#breadcrumb"},"inLanguage":"tr","potentialAction":[{"@type":"ReadAction","target":["https:\/\/haduke.com\/termos-e-condicoes\/"]}]},{"@type":"BreadcrumbList","@id":"https:\/\/haduke.com\/termos-e-condicoes\/#breadcrumb","itemListElement":[{"@type":"ListItem","position":1,"name":"Home","item":"https:\/\/haduke.com\/"},{"@type":"ListItem","position":2,"name":"Termos e Condi\u00e7\u00f5es"}]},{"@type":"WebSite","@id":"https:\/\/haduke.com\/#website","url":"https:\/\/haduke.com\/","name":"Haduke","description":"","potentialAction":[{"@type":"SearchAction","target":{"@type":"EntryPoint","urlTemplate":"https:\/\/haduke.com\/?s={search_term_string}"},"query-input":{"@type":"PropertyValueSpecification","valueRequired":true,"valueName":"search_term_string"}}],"inLanguage":"tr"}]}},"_links":{"self":[{"href":"https:\/\/haduke.com\/tr\/wp-json\/wp\/v2\/pages\/183","targetHints":{"allow":["GET"]}}],"collection":[{"href":"https:\/\/haduke.com\/tr\/wp-json\/wp\/v2\/pages"}],"about":[{"href":"https:\/\/haduke.com\/tr\/wp-json\/wp\/v2\/types\/page"}],"author":[{"embeddable":true,"href":"https:\/\/haduke.com\/tr\/wp-json\/wp\/v2\/users\/9"}],"replies":[{"embeddable":true,"href":"https:\/\/haduke.com\/tr\/wp-json\/wp\/v2\/comments?post=183"}],"version-history":[{"count":0,"href":"https:\/\/haduke.com\/tr\/wp-json\/wp\/v2\/pages\/183\/revisions"}],"wp:attachment":[{"href":"https:\/\/haduke.com\/tr\/wp-json\/wp\/v2\/media?parent=183"}],"curies":[{"name":"wp","href":"https:\/\/api.w.org\/{rel}","templated":true}]}}